{"id":73,"date":"2024-06-23T20:12:46","date_gmt":"2024-06-23T20:12:46","guid":{"rendered":"https:\/\/whospopular.com\/?page_id=73"},"modified":"2024-11-13T23:49:46","modified_gmt":"2024-11-13T23:49:46","slug":"about","status":"publish","type":"page","link":"https:\/\/whospopular.com\/pt\/about\/","title":{"rendered":"Sobre n\u00f3s"},"content":{"rendered":"\n<p>Bem-vindo ao <strong>Who&#8217;s Popular<\/strong>, a sua plataforma de elei\u00e7\u00e3o para promover, reconhecer e celebrar uma vasta gama de talentos de todo o mundo. A nossa miss\u00e3o \u00e9 dar destaque a artistas, autores, atores, figuras p\u00fablicas, criadores, influenciadores e muitos outros, atrav\u00e9s de perfis \u00fanicos que mostram as suas personalidades e conquistas da melhor forma poss\u00edvel.<\/p>\n\n\n\n<p>No <strong>Who&#8217;s Popular<\/strong>, acreditamos no poder da igualdade e da uni\u00e3o. O nosso principal objetivo \u00e9 aproximar o p\u00fablico das figuras que os inspiram. Queremos criar um espa\u00e7o onde talentos de todas as \u00e1reas possam ser valorizados e onde todos tenham a oportunidade de se conectar com as figuras que admiram.<\/p>\n\n\n\n<h3 class=\"wp-block-heading\">O Que Fazemos<\/h3>\n\n\n\n<ul class=\"wp-block-list\">\n<li><strong>Promover<\/strong>: Destacamos as realiza\u00e7\u00f5es e obras de personalidades emergentes e estabelecidas, oferecendo-lhes uma plataforma para alcan\u00e7ar um p\u00fablico mais amplo.<\/li>\n\n\n\n<li><strong>Reconhecer<\/strong>: Apoiamos os esfor\u00e7os e contribui\u00e7\u00f5es de indiv\u00edduos em diversas \u00e1reas, celebrando o seu impacto na sociedade e na cultura.<\/li>\n\n\n\n<li><strong>Celebrar<\/strong>: Criamos perfis envolventes que captam a ess\u00eancia de cada personalidade, destacando a sua trajet\u00f3ria, conquistas e qualidades \u00fanicas.<\/li>\n<\/ul>\n\n\n\n<h3 class=\"wp-block-heading\">A Nossa Vis\u00e3o<\/h3>\n\n\n\n<p>A nossa vis\u00e3o \u00e9 promover uma comunidade global onde os talentos s\u00e3o celebrados e onde se criam conex\u00f5es. Ao promovermos igualdade e uni\u00e3o, pretendemos criar um ambiente de apoio que encoraje a criatividade, a inspira\u00e7\u00e3o e o respeito m\u00fatuo.<\/p>\n","protected":false},"excerpt":{"rendered":"<p>Bem-vindo ao Who&rsquo;s Popular, a sua plataforma de elei&ccedil;&atilde;o para promover, reconhecer e celebrar uma vasta gama de talentos de todo o mundo. A nossa miss&atilde;o &eacute; dar destaque a artistas, autores, atores, figuras p&uacute;blicas, criadores, influenciadores e muitos outros, atrav&eacute;s de perfis &uacute;nicos que mostram as suas personalidades e conquistas da melhor forma poss&iacute;vel. [&hellip;]<\/p>\n","protected":false},"author":1,"featured_media":0,"parent":0,"menu_order":0,"comment_status":"closed","ping_status":"closed","template":"","meta":{"iawp_total_views":10,"footnotes":""},"class_list":["post-73","page","type-page","status-publish","hentry"],"yoast_head":"<!-- This site is optimized with the Yoast SEO plugin v23.8 - https:\/\/yoast.com\/wordpress\/plugins\/seo\/ -->\n<title>Sobre n\u00f3s - Whos Popular<\/title>\n<meta name=\"robots\" content=\"index, follow, max-snippet:-1, max-image-preview:large, max-video-preview:-1\" \/>\n<link rel=\"canonical\" href=\"https:\/\/whospopular.com\/pt\/about\/\" \/>\n<meta property=\"og:locale\" content=\"pt_PT\" \/>\n<meta property=\"og:type\" content=\"article\" \/>\n<meta property=\"og:title\" content=\"Sobre n\u00f3s - Whos Popular\" \/>\n<meta property=\"og:description\" content=\"Bem-vindo ao Who&rsquo;s Popular, a sua plataforma de elei&ccedil;&atilde;o para promover, reconhecer e celebrar uma vasta gama de talentos de todo o mundo. A nossa miss&atilde;o &eacute; dar destaque a artistas, autores, atores, figuras p&uacute;blicas, criadores, influenciadores e muitos outros, atrav&eacute;s de perfis &uacute;nicos que mostram as suas personalidades e conquistas da melhor forma poss&iacute;vel. [&hellip;]\" \/>\n<meta property=\"og:url\" content=\"https:\/\/whospopular.com\/pt\/about\/\" \/>\n<meta property=\"og:site_name\" content=\"Whos Popular\" \/>\n<meta property=\"article:modified_time\" content=\"2024-11-13T23:49:46+00:00\" \/>\n<meta name=\"twitter:card\" content=\"summary_large_image\" \/>\n<meta name=\"twitter:label1\" content=\"Tempo estimado de leitura\" \/>\n\t<meta name=\"twitter:data1\" content=\"2 minutos\" \/>\n<script type=\"application\/ld+json\" class=\"yoast-schema-graph\">{\"@context\":\"https:\/\/schema.org\",\"@graph\":[{\"@type\":\"WebPage\",\"@id\":\"https:\/\/whospopular.com\/pt\/about\/\",\"url\":\"https:\/\/whospopular.com\/pt\/about\/\",\"name\":\"Sobre n\u00f3s - Whos Popular\",\"isPartOf\":{\"@id\":\"https:\/\/whospopular.com\/pt\/#website\"},\"datePublished\":\"2024-06-23T20:12:46+00:00\",\"dateModified\":\"2024-11-13T23:49:46+00:00\",\"breadcrumb\":{\"@id\":\"https:\/\/whospopular.com\/pt\/about\/#breadcrumb\"},\"inLanguage\":\"pt-PT\",\"potentialAction\":[{\"@type\":\"ReadAction\",\"target\":[\"https:\/\/whospopular.com\/pt\/about\/\"]}]},{\"@type\":\"BreadcrumbList\",\"@id\":\"https:\/\/whospopular.com\/pt\/about\/#breadcrumb\",\"itemListElement\":[{\"@type\":\"ListItem\",\"position\":1,\"name\":\"P\u00e1gina Inicial\",\"item\":\"https:\/\/whospopular.com\/pt\/\"},{\"@type\":\"ListItem\",\"position\":2,\"name\":\"Sobre n\u00f3s\"}]},{\"@type\":\"WebSite\",\"@id\":\"https:\/\/whospopular.com\/pt\/#website\",\"url\":\"https:\/\/whospopular.com\/pt\/\",\"name\":\"Who's Popular\",\"description\":\"Acompanhe Celebridades e Influenciadores em Alta\",\"publisher\":{\"@id\":\"https:\/\/whospopular.com\/pt\/#organization\"},\"alternateName\":\"Whos Polular\",\"potentialAction\":[{\"@type\":\"SearchAction\",\"target\":{\"@type\":\"EntryPoint\",\"urlTemplate\":\"https:\/\/whospopular.com\/pt\/?s={search_term_string}\"},\"query-input\":{\"@type\":\"PropertyValueSpecification\",\"valueRequired\":true,\"valueName\":\"search_term_string\"}}],\"inLanguage\":\"pt-PT\"},{\"@type\":\"Organization\",\"@id\":\"https:\/\/whospopular.com\/pt\/#organization\",\"name\":\"Who's Popular\",\"alternateName\":\"Whos Popular\",\"url\":\"https:\/\/whospopular.com\/pt\/\",\"logo\":{\"@type\":\"ImageObject\",\"inLanguage\":\"pt-PT\",\"@id\":\"https:\/\/whospopular.com\/pt\/#\/schema\/logo\/image\/\",\"url\":\"https:\/\/whospopular.com\/pt\/wp-content\/uploads\/2024\/06\/Whos-Popular-wht.png\",\"contentUrl\":\"https:\/\/whospopular.com\/pt\/wp-content\/uploads\/2024\/06\/Whos-Popular-wht.png\",\"width\":1280,\"height\":224,\"caption\":\"Who's Popular\"},\"image\":{\"@id\":\"https:\/\/whospopular.com\/pt\/#\/schema\/logo\/image\/\"}}]}<\/script>\n<!-- \/ Yoast SEO plugin. -->","yoast_head_json":{"title":"Sobre n\u00f3s - Whos Popular","robots":{"index":"index","follow":"follow","max-snippet":"max-snippet:-1","max-image-preview":"max-image-preview:large","max-video-preview":"max-video-preview:-1"},"canonical":"https:\/\/whospopular.com\/pt\/about\/","og_locale":"pt_PT","og_type":"article","og_title":"Sobre n\u00f3s - Whos Popular","og_description":"Bem-vindo ao Who&rsquo;s Popular, a sua plataforma de elei&ccedil;&atilde;o para promover, reconhecer e celebrar uma vasta gama de talentos de todo o mundo. A nossa miss&atilde;o &eacute; dar destaque a artistas, autores, atores, figuras p&uacute;blicas, criadores, influenciadores e muitos outros, atrav&eacute;s de perfis &uacute;nicos que mostram as suas personalidades e conquistas da melhor forma poss&iacute;vel. [&hellip;]","og_url":"https:\/\/whospopular.com\/pt\/about\/","og_site_name":"Whos Popular","article_modified_time":"2024-11-13T23:49:46+00:00","twitter_card":"summary_large_image","twitter_misc":{"Tempo estimado de leitura":"2 minutos"},"schema":{"@context":"https:\/\/schema.org","@graph":[{"@type":"WebPage","@id":"https:\/\/whospopular.com\/pt\/about\/","url":"https:\/\/whospopular.com\/pt\/about\/","name":"Sobre n\u00f3s - Whos Popular","isPartOf":{"@id":"https:\/\/whospopular.com\/pt\/#website"},"datePublished":"2024-06-23T20:12:46+00:00","dateModified":"2024-11-13T23:49:46+00:00","breadcrumb":{"@id":"https:\/\/whospopular.com\/pt\/about\/#breadcrumb"},"inLanguage":"pt-PT","potentialAction":[{"@type":"ReadAction","target":["https:\/\/whospopular.com\/pt\/about\/"]}]},{"@type":"BreadcrumbList","@id":"https:\/\/whospopular.com\/pt\/about\/#breadcrumb","itemListElement":[{"@type":"ListItem","position":1,"name":"P\u00e1gina Inicial","item":"https:\/\/whospopular.com\/pt\/"},{"@type":"ListItem","position":2,"name":"Sobre n\u00f3s"}]},{"@type":"WebSite","@id":"https:\/\/whospopular.com\/pt\/#website","url":"https:\/\/whospopular.com\/pt\/","name":"Who's Popular","description":"Acompanhe Celebridades e Influenciadores em Alta","publisher":{"@id":"https:\/\/whospopular.com\/pt\/#organization"},"alternateName":"Whos Polular","potentialAction":[{"@type":"SearchAction","target":{"@type":"EntryPoint","urlTemplate":"https:\/\/whospopular.com\/pt\/?s={search_term_string}"},"query-input":{"@type":"PropertyValueSpecification","valueRequired":true,"valueName":"search_term_string"}}],"inLanguage":"pt-PT"},{"@type":"Organization","@id":"https:\/\/whospopular.com\/pt\/#organization","name":"Who's Popular","alternateName":"Whos Popular","url":"https:\/\/whospopular.com\/pt\/","logo":{"@type":"ImageObject","inLanguage":"pt-PT","@id":"https:\/\/whospopular.com\/pt\/#\/schema\/logo\/image\/","url":"https:\/\/whospopular.com\/pt\/wp-content\/uploads\/2024\/06\/Whos-Popular-wht.png","contentUrl":"https:\/\/whospopular.com\/pt\/wp-content\/uploads\/2024\/06\/Whos-Popular-wht.png","width":1280,"height":224,"caption":"Who's Popular"},"image":{"@id":"https:\/\/whospopular.com\/pt\/#\/schema\/logo\/image\/"}}]}},"jetpack_sharing_enabled":true,"_links":{"self":[{"href":"https:\/\/whospopular.com\/pt\/wp-json\/wp\/v2\/pages\/73"}],"collection":[{"href":"https:\/\/whospopular.com\/pt\/wp-json\/wp\/v2\/pages"}],"about":[{"href":"https:\/\/whospopular.com\/pt\/wp-json\/wp\/v2\/types\/page"}],"author":[{"embeddable":true,"href":"https:\/\/whospopular.com\/pt\/wp-json\/wp\/v2\/users\/1"}],"replies":[{"embeddable":true,"href":"https:\/\/whospopular.com\/pt\/wp-json\/wp\/v2\/comments?post=73"}],"version-history":[{"count":1,"href":"https:\/\/whospopular.com\/pt\/wp-json\/wp\/v2\/pages\/73\/revisions"}],"predecessor-version":[{"id":1238,"href":"https:\/\/whospopular.com\/pt\/wp-json\/wp\/v2\/pages\/73\/revisions\/1238"}],"wp:attachment":[{"href":"https:\/\/whospopular.com\/pt\/wp-json\/wp\/v2\/media?parent=73"}],"curies":[{"name":"wp","href":"https:\/\/api.w.org\/{rel}","templated":true}]}}