{"id":18,"date":"2024-06-23T11:12:37","date_gmt":"2024-06-23T11:12:37","guid":{"rendered":"https:\/\/whospopular.com\/?page_id=18"},"modified":"2024-11-14T00:06:01","modified_gmt":"2024-11-14T00:06:01","slug":"terms-and-conditions","status":"publish","type":"page","link":"https:\/\/whospopular.com\/pt\/terms-and-conditions\/","title":{"rendered":"Termos e Condi\u00e7\u00f5es"},"content":{"rendered":"\n<p>A Who&#8217;s Popular solicita a todos os visitantes do nosso site que tomem conhecimento e respeitem as nossas condi\u00e7\u00f5es de utiliza\u00e7\u00e3o. O nosso site <a href=\"https:\/\/whospopular.com\/terms-and-conditions\/\">em ingl\u00eas<\/a> apresenta uma descri\u00e7\u00e3o detalhada dessas condi\u00e7\u00f5es. Se tiver alguma d\u00favida, n\u00e3o hesite em contactar-nos atrav\u00e9s do nosso formul\u00e1rio de contacto.<\/p>\n\n\n\n<p>Obrigado.<\/p>\n","protected":false},"excerpt":{"rendered":"<p>A Who&rsquo;s Popular solicita a todos os visitantes do nosso site que tomem conhecimento e respeitem as nossas condi&ccedil;&otilde;es de utiliza&ccedil;&atilde;o. O nosso site em ingl&ecirc;s apresenta uma descri&ccedil;&atilde;o detalhada dessas condi&ccedil;&otilde;es. Se tiver alguma d&uacute;vida, n&atilde;o hesite em contactar-nos atrav&eacute;s do nosso formul&aacute;rio de contacto. Obrigado.<\/p>\n","protected":false},"author":1,"featured_media":0,"parent":0,"menu_order":0,"comment_status":"closed","ping_status":"closed","template":"","meta":{"iawp_total_views":5,"footnotes":""},"class_list":["post-18","page","type-page","status-publish","hentry"],"yoast_head":"<!-- This site is optimized with the Yoast SEO plugin v23.8 - https:\/\/yoast.com\/wordpress\/plugins\/seo\/ -->\n<title>Termos e Condi\u00e7\u00f5es - Whos Popular<\/title>\n<meta name=\"robots\" content=\"index, follow, max-snippet:-1, max-image-preview:large, max-video-preview:-1\" \/>\n<link rel=\"canonical\" href=\"https:\/\/whospopular.com\/pt\/terms-and-conditions\/\" \/>\n<meta property=\"og:locale\" content=\"pt_PT\" \/>\n<meta property=\"og:type\" content=\"article\" \/>\n<meta property=\"og:title\" content=\"Termos e Condi\u00e7\u00f5es - Whos Popular\" \/>\n<meta property=\"og:description\" content=\"A Who&rsquo;s Popular solicita a todos os visitantes do nosso site que tomem conhecimento e respeitem as nossas condi&ccedil;&otilde;es de utiliza&ccedil;&atilde;o. O nosso site em ingl&ecirc;s apresenta uma descri&ccedil;&atilde;o detalhada dessas condi&ccedil;&otilde;es. Se tiver alguma d&uacute;vida, n&atilde;o hesite em contactar-nos atrav&eacute;s do nosso formul&aacute;rio de contacto. Obrigado.\" \/>\n<meta property=\"og:url\" content=\"https:\/\/whospopular.com\/pt\/terms-and-conditions\/\" \/>\n<meta property=\"og:site_name\" content=\"Whos Popular\" \/>\n<meta property=\"article:modified_time\" content=\"2024-11-14T00:06:01+00:00\" \/>\n<meta name=\"twitter:card\" content=\"summary_large_image\" \/>\n<meta name=\"twitter:label1\" content=\"Tempo estimado de leitura\" \/>\n\t<meta name=\"twitter:data1\" content=\"1 minuto\" \/>\n<script type=\"application\/ld+json\" class=\"yoast-schema-graph\">{\"@context\":\"https:\/\/schema.org\",\"@graph\":[{\"@type\":\"WebPage\",\"@id\":\"https:\/\/whospopular.com\/pt\/terms-and-conditions\/\",\"url\":\"https:\/\/whospopular.com\/pt\/terms-and-conditions\/\",\"name\":\"Termos e Condi\u00e7\u00f5es - Whos Popular\",\"isPartOf\":{\"@id\":\"https:\/\/whospopular.com\/pt\/#website\"},\"datePublished\":\"2024-06-23T11:12:37+00:00\",\"dateModified\":\"2024-11-14T00:06:01+00:00\",\"breadcrumb\":{\"@id\":\"https:\/\/whospopular.com\/pt\/terms-and-conditions\/#breadcrumb\"},\"inLanguage\":\"pt-PT\",\"potentialAction\":[{\"@type\":\"ReadAction\",\"target\":[\"https:\/\/whospopular.com\/pt\/terms-and-conditions\/\"]}]},{\"@type\":\"BreadcrumbList\",\"@id\":\"https:\/\/whospopular.com\/pt\/terms-and-conditions\/#breadcrumb\",\"itemListElement\":[{\"@type\":\"ListItem\",\"position\":1,\"name\":\"P\u00e1gina Inicial\",\"item\":\"https:\/\/whospopular.com\/pt\/\"},{\"@type\":\"ListItem\",\"position\":2,\"name\":\"Termos e Condi\u00e7\u00f5es\"}]},{\"@type\":\"WebSite\",\"@id\":\"https:\/\/whospopular.com\/pt\/#website\",\"url\":\"https:\/\/whospopular.com\/pt\/\",\"name\":\"Who's Popular\",\"description\":\"Acompanhe Celebridades e Influenciadores em Alta\",\"publisher\":{\"@id\":\"https:\/\/whospopular.com\/pt\/#organization\"},\"alternateName\":\"Whos Polular\",\"potentialAction\":[{\"@type\":\"SearchAction\",\"target\":{\"@type\":\"EntryPoint\",\"urlTemplate\":\"https:\/\/whospopular.com\/pt\/?s={search_term_string}\"},\"query-input\":{\"@type\":\"PropertyValueSpecification\",\"valueRequired\":true,\"valueName\":\"search_term_string\"}}],\"inLanguage\":\"pt-PT\"},{\"@type\":\"Organization\",\"@id\":\"https:\/\/whospopular.com\/pt\/#organization\",\"name\":\"Who's Popular\",\"alternateName\":\"Whos Popular\",\"url\":\"https:\/\/whospopular.com\/pt\/\",\"logo\":{\"@type\":\"ImageObject\",\"inLanguage\":\"pt-PT\",\"@id\":\"https:\/\/whospopular.com\/pt\/#\/schema\/logo\/image\/\",\"url\":\"https:\/\/whospopular.com\/pt\/wp-content\/uploads\/2024\/06\/Whos-Popular-wht.png\",\"contentUrl\":\"https:\/\/whospopular.com\/pt\/wp-content\/uploads\/2024\/06\/Whos-Popular-wht.png\",\"width\":1280,\"height\":224,\"caption\":\"Who's Popular\"},\"image\":{\"@id\":\"https:\/\/whospopular.com\/pt\/#\/schema\/logo\/image\/\"}}]}<\/script>\n<!-- \/ Yoast SEO plugin. -->","yoast_head_json":{"title":"Termos e Condi\u00e7\u00f5es - Whos Popular","robots":{"index":"index","follow":"follow","max-snippet":"max-snippet:-1","max-image-preview":"max-image-preview:large","max-video-preview":"max-video-preview:-1"},"canonical":"https:\/\/whospopular.com\/pt\/terms-and-conditions\/","og_locale":"pt_PT","og_type":"article","og_title":"Termos e Condi\u00e7\u00f5es - Whos Popular","og_description":"A Who&rsquo;s Popular solicita a todos os visitantes do nosso site que tomem conhecimento e respeitem as nossas condi&ccedil;&otilde;es de utiliza&ccedil;&atilde;o. O nosso site em ingl&ecirc;s apresenta uma descri&ccedil;&atilde;o detalhada dessas condi&ccedil;&otilde;es. Se tiver alguma d&uacute;vida, n&atilde;o hesite em contactar-nos atrav&eacute;s do nosso formul&aacute;rio de contacto. Obrigado.","og_url":"https:\/\/whospopular.com\/pt\/terms-and-conditions\/","og_site_name":"Whos Popular","article_modified_time":"2024-11-14T00:06:01+00:00","twitter_card":"summary_large_image","twitter_misc":{"Tempo estimado de leitura":"1 minuto"},"schema":{"@context":"https:\/\/schema.org","@graph":[{"@type":"WebPage","@id":"https:\/\/whospopular.com\/pt\/terms-and-conditions\/","url":"https:\/\/whospopular.com\/pt\/terms-and-conditions\/","name":"Termos e Condi\u00e7\u00f5es - Whos Popular","isPartOf":{"@id":"https:\/\/whospopular.com\/pt\/#website"},"datePublished":"2024-06-23T11:12:37+00:00","dateModified":"2024-11-14T00:06:01+00:00","breadcrumb":{"@id":"https:\/\/whospopular.com\/pt\/terms-and-conditions\/#breadcrumb"},"inLanguage":"pt-PT","potentialAction":[{"@type":"ReadAction","target":["https:\/\/whospopular.com\/pt\/terms-and-conditions\/"]}]},{"@type":"BreadcrumbList","@id":"https:\/\/whospopular.com\/pt\/terms-and-conditions\/#breadcrumb","itemListElement":[{"@type":"ListItem","position":1,"name":"P\u00e1gina Inicial","item":"https:\/\/whospopular.com\/pt\/"},{"@type":"ListItem","position":2,"name":"Termos e Condi\u00e7\u00f5es"}]},{"@type":"WebSite","@id":"https:\/\/whospopular.com\/pt\/#website","url":"https:\/\/whospopular.com\/pt\/","name":"Who's Popular","description":"Acompanhe Celebridades e Influenciadores em Alta","publisher":{"@id":"https:\/\/whospopular.com\/pt\/#organization"},"alternateName":"Whos Polular","potentialAction":[{"@type":"SearchAction","target":{"@type":"EntryPoint","urlTemplate":"https:\/\/whospopular.com\/pt\/?s={search_term_string}"},"query-input":{"@type":"PropertyValueSpecification","valueRequired":true,"valueName":"search_term_string"}}],"inLanguage":"pt-PT"},{"@type":"Organization","@id":"https:\/\/whospopular.com\/pt\/#organization","name":"Who's Popular","alternateName":"Whos Popular","url":"https:\/\/whospopular.com\/pt\/","logo":{"@type":"ImageObject","inLanguage":"pt-PT","@id":"https:\/\/whospopular.com\/pt\/#\/schema\/logo\/image\/","url":"https:\/\/whospopular.com\/pt\/wp-content\/uploads\/2024\/06\/Whos-Popular-wht.png","contentUrl":"https:\/\/whospopular.com\/pt\/wp-content\/uploads\/2024\/06\/Whos-Popular-wht.png","width":1280,"height":224,"caption":"Who's Popular"},"image":{"@id":"https:\/\/whospopular.com\/pt\/#\/schema\/logo\/image\/"}}]}},"jetpack_sharing_enabled":true,"_links":{"self":[{"href":"https:\/\/whospopular.com\/pt\/wp-json\/wp\/v2\/pages\/18"}],"collection":[{"href":"https:\/\/whospopular.com\/pt\/wp-json\/wp\/v2\/pages"}],"about":[{"href":"https:\/\/whospopular.com\/pt\/wp-json\/wp\/v2\/types\/page"}],"author":[{"embeddable":true,"href":"https:\/\/whospopular.com\/pt\/wp-json\/wp\/v2\/users\/1"}],"replies":[{"embeddable":true,"href":"https:\/\/whospopular.com\/pt\/wp-json\/wp\/v2\/comments?post=18"}],"version-history":[{"count":1,"href":"https:\/\/whospopular.com\/pt\/wp-json\/wp\/v2\/pages\/18\/revisions"}],"predecessor-version":[{"id":1249,"href":"https:\/\/whospopular.com\/pt\/wp-json\/wp\/v2\/pages\/18\/revisions\/1249"}],"wp:attachment":[{"href":"https:\/\/whospopular.com\/pt\/wp-json\/wp\/v2\/media?parent=18"}],"curies":[{"name":"wp","href":"https:\/\/api.w.org\/{rel}","templated":true}]}}