{"id":1017,"date":"2024-08-03T15:36:02","date_gmt":"2024-08-03T15:36:02","guid":{"rendered":"https:\/\/whospopular.com\/?page_id=1017"},"modified":"2024-11-14T00:07:12","modified_gmt":"2024-11-14T00:07:12","slug":"submit","status":"publish","type":"page","link":"https:\/\/whospopular.com\/pt\/submit\/","title":{"rendered":"Submeter uma Celebridade"},"content":{"rendered":"\n<h2 class=\"wp-block-heading\"><strong>Partilhe as suas Ideias Connosco!<\/strong><\/h2>\n\n\n\n<p>Adoramos ouvir os nossos leitores! Se tem uma celebridade, influenciador ou figura p\u00fablica em mente que gostaria de ver destacada num artigo no nosso blog, est\u00e1 no s\u00edtio certo. As suas sugest\u00f5es ajudam-nos a criar conte\u00fado que ressoe com o nosso p\u00fablico e mant\u00e9m o nosso blog fresco e empolgante.<\/p>\n\n\n\n<h2 class=\"wp-block-heading\"><strong>Porqu\u00ea Submeter uma Proposta?<\/strong><\/h2>\n\n\n\n<ul class=\"wp-block-list\">\n<li><strong>A Sua Opini\u00e3o Importa<\/strong>: Esta \u00e9 a sua oportunidade de influenciar os temas que abordamos e destacar pessoas pelas quais tem paix\u00e3o.<\/li>\n\n\n\n<li><strong>Mantenha-se Informado<\/strong>: Ao sugerir nomes, ajuda-nos a descobrir talentos emergentes e figuras estabelecidas que merecem mais reconhecimento.<\/li>\n\n\n\n<li><strong>Envolva-se com a Nossa Comunidade<\/strong>: A sua contribui\u00e7\u00e3o promove uma comunidade vibrante onde os interesses de todos s\u00e3o representados.<\/li>\n<\/ul>\n\n\n\n<h2 class=\"wp-block-heading\"><strong>Como Submeter<\/strong><\/h2>\n\n\n\n<p>Por favor, preencha o formato de submiss\u00e3o abaixo com os detalhes da celebridade, influenciador ou figura p\u00fablica que gostaria que consider\u00e1ssemos.<\/p>\n\n\n\n<h2 class=\"wp-block-heading\"><strong>Formato de Submiss\u00e3o<\/strong><\/h2>\n\n\n\n<ul class=\"wp-block-list\">\n<li><strong>Nome da Celebridade\/Influenciador\/Figura P\u00fablica:<\/strong><br>(Por favor, forne\u00e7a o nome completo)<\/li>\n\n\n\n<li><strong>Porque Pensa que Devem Ser Destacados:<\/strong><br>(Partilhe uma breve explica\u00e7\u00e3o sobre porque esta pessoa \u00e9 digna de destaque ou interessante)<\/li>\n\n\n\n<li><strong>Alguns T\u00f3picos ou Perspetivas Espec\u00edficas que Gostaria que Explor\u00e1ssemos:<br><\/strong>(Deixe-nos saber se h\u00e1 algum aspeto da vida ou carreira dessa pessoa que gostaria que abord\u00e1ssemos)<\/li>\n\n\n\n<li><strong>O Seu Nome (Opcional):<br><\/strong>(Adorar\u00edamos saber quem \u00e9, mas n\u00e3o \u00e9 obrigat\u00f3rio!)<\/li>\n\n\n\n<li><strong>O Seu Email (Opcional):<br><\/strong>(Se desejar que entremos em contacto consigo sobre a sua sugest\u00e3o)<\/li>\n<\/ul>\n\n\n\n<h2 class=\"wp-block-heading\"><strong>Submeter a Sua Proposta<\/strong><\/h2>\n\n\n\n<p>Envie todos estes detalhes para a nossa equipa editorial <a href=\"mailto:editor@whospopular.com?subject=Submit%20a%20Celebrity\" target=\"_blank\" rel=\"noreferrer noopener nofollow\">>aqui&lt;<\/a>.<\/p>\n\n\n\n<h2 class=\"wp-block-heading\"><strong>O que Acontece a Seguir?<\/strong><\/h2>\n\n\n\n<p>Depois de submeter a sua proposta, a nossa equipa editorial ir\u00e1 analis\u00e1-la. Embora n\u00e3o possamos garantir que todas as sugest\u00f5es resultar\u00e3o num artigo, valorizamos genuinamente as suas contribui\u00e7\u00f5es e consideraremos todas as propostas com aten\u00e7\u00e3o. Pode ser que veja a sua sugest\u00e3o destacada num pr\u00f3ximo post!<\/p>\n\n\n\n<p>Obrigado por nos ajudar a criar conte\u00fado envolvente que reflete os interesses da nossa comunidade. Estamos ansiosos por ouvir as suas ideias!<\/p>\n","protected":false},"excerpt":{"rendered":"<p>Partilhe as suas Ideias Connosco! Adoramos ouvir os nossos leitores! Se tem uma celebridade, influenciador ou figura p&uacute;blica em mente que gostaria de ver destacada num artigo no nosso blog, est&aacute; no s&iacute;tio certo. As suas sugest&otilde;es ajudam-nos a criar conte&uacute;do que ressoe com o nosso p&uacute;blico e mant&eacute;m o nosso blog fresco e empolgante. [&hellip;]<\/p>\n","protected":false},"author":1,"featured_media":0,"parent":0,"menu_order":0,"comment_status":"closed","ping_status":"closed","template":"","meta":{"iawp_total_views":3,"footnotes":""},"class_list":["post-1017","page","type-page","status-publish","hentry"],"yoast_head":"<!-- This site is optimized with the Yoast SEO plugin v23.8 - https:\/\/yoast.com\/wordpress\/plugins\/seo\/ -->\n<title>Submeter uma Celebridade - Whos Popular<\/title>\n<meta name=\"robots\" content=\"index, follow, max-snippet:-1, max-image-preview:large, max-video-preview:-1\" \/>\n<link rel=\"canonical\" href=\"https:\/\/whospopular.com\/pt\/submit\/\" \/>\n<meta property=\"og:locale\" content=\"pt_PT\" \/>\n<meta property=\"og:type\" content=\"article\" \/>\n<meta property=\"og:title\" content=\"Submeter uma Celebridade - Whos Popular\" \/>\n<meta property=\"og:description\" content=\"Partilhe as suas Ideias Connosco! Adoramos ouvir os nossos leitores! Se tem uma celebridade, influenciador ou figura p&uacute;blica em mente que gostaria de ver destacada num artigo no nosso blog, est&aacute; no s&iacute;tio certo. As suas sugest&otilde;es ajudam-nos a criar conte&uacute;do que ressoe com o nosso p&uacute;blico e mant&eacute;m o nosso blog fresco e empolgante. [&hellip;]\" \/>\n<meta property=\"og:url\" content=\"https:\/\/whospopular.com\/pt\/submit\/\" \/>\n<meta property=\"og:site_name\" content=\"Whos Popular\" \/>\n<meta property=\"article:modified_time\" content=\"2024-11-14T00:07:12+00:00\" \/>\n<meta name=\"twitter:card\" content=\"summary_large_image\" \/>\n<meta name=\"twitter:label1\" content=\"Tempo estimado de leitura\" \/>\n\t<meta name=\"twitter:data1\" content=\"2 minutos\" \/>\n<script type=\"application\/ld+json\" class=\"yoast-schema-graph\">{\"@context\":\"https:\/\/schema.org\",\"@graph\":[{\"@type\":\"WebPage\",\"@id\":\"https:\/\/whospopular.com\/pt\/submit\/\",\"url\":\"https:\/\/whospopular.com\/pt\/submit\/\",\"name\":\"Submeter uma Celebridade - Whos Popular\",\"isPartOf\":{\"@id\":\"https:\/\/whospopular.com\/pt\/#website\"},\"datePublished\":\"2024-08-03T15:36:02+00:00\",\"dateModified\":\"2024-11-14T00:07:12+00:00\",\"breadcrumb\":{\"@id\":\"https:\/\/whospopular.com\/pt\/submit\/#breadcrumb\"},\"inLanguage\":\"pt-PT\",\"potentialAction\":[{\"@type\":\"ReadAction\",\"target\":[\"https:\/\/whospopular.com\/pt\/submit\/\"]}]},{\"@type\":\"BreadcrumbList\",\"@id\":\"https:\/\/whospopular.com\/pt\/submit\/#breadcrumb\",\"itemListElement\":[{\"@type\":\"ListItem\",\"position\":1,\"name\":\"P\u00e1gina Inicial\",\"item\":\"https:\/\/whospopular.com\/pt\/\"},{\"@type\":\"ListItem\",\"position\":2,\"name\":\"Submeter uma Celebridade\"}]},{\"@type\":\"WebSite\",\"@id\":\"https:\/\/whospopular.com\/pt\/#website\",\"url\":\"https:\/\/whospopular.com\/pt\/\",\"name\":\"Who's Popular\",\"description\":\"Acompanhe Celebridades e Influenciadores em Alta\",\"publisher\":{\"@id\":\"https:\/\/whospopular.com\/pt\/#organization\"},\"alternateName\":\"Whos Polular\",\"potentialAction\":[{\"@type\":\"SearchAction\",\"target\":{\"@type\":\"EntryPoint\",\"urlTemplate\":\"https:\/\/whospopular.com\/pt\/?s={search_term_string}\"},\"query-input\":{\"@type\":\"PropertyValueSpecification\",\"valueRequired\":true,\"valueName\":\"search_term_string\"}}],\"inLanguage\":\"pt-PT\"},{\"@type\":\"Organization\",\"@id\":\"https:\/\/whospopular.com\/pt\/#organization\",\"name\":\"Who's Popular\",\"alternateName\":\"Whos Popular\",\"url\":\"https:\/\/whospopular.com\/pt\/\",\"logo\":{\"@type\":\"ImageObject\",\"inLanguage\":\"pt-PT\",\"@id\":\"https:\/\/whospopular.com\/pt\/#\/schema\/logo\/image\/\",\"url\":\"https:\/\/whospopular.com\/pt\/wp-content\/uploads\/2024\/06\/Whos-Popular-wht.png\",\"contentUrl\":\"https:\/\/whospopular.com\/pt\/wp-content\/uploads\/2024\/06\/Whos-Popular-wht.png\",\"width\":1280,\"height\":224,\"caption\":\"Who's Popular\"},\"image\":{\"@id\":\"https:\/\/whospopular.com\/pt\/#\/schema\/logo\/image\/\"}}]}<\/script>\n<!-- \/ Yoast SEO plugin. -->","yoast_head_json":{"title":"Submeter uma Celebridade - Whos Popular","robots":{"index":"index","follow":"follow","max-snippet":"max-snippet:-1","max-image-preview":"max-image-preview:large","max-video-preview":"max-video-preview:-1"},"canonical":"https:\/\/whospopular.com\/pt\/submit\/","og_locale":"pt_PT","og_type":"article","og_title":"Submeter uma Celebridade - Whos Popular","og_description":"Partilhe as suas Ideias Connosco! Adoramos ouvir os nossos leitores! Se tem uma celebridade, influenciador ou figura p&uacute;blica em mente que gostaria de ver destacada num artigo no nosso blog, est&aacute; no s&iacute;tio certo. As suas sugest&otilde;es ajudam-nos a criar conte&uacute;do que ressoe com o nosso p&uacute;blico e mant&eacute;m o nosso blog fresco e empolgante. [&hellip;]","og_url":"https:\/\/whospopular.com\/pt\/submit\/","og_site_name":"Whos Popular","article_modified_time":"2024-11-14T00:07:12+00:00","twitter_card":"summary_large_image","twitter_misc":{"Tempo estimado de leitura":"2 minutos"},"schema":{"@context":"https:\/\/schema.org","@graph":[{"@type":"WebPage","@id":"https:\/\/whospopular.com\/pt\/submit\/","url":"https:\/\/whospopular.com\/pt\/submit\/","name":"Submeter uma Celebridade - Whos Popular","isPartOf":{"@id":"https:\/\/whospopular.com\/pt\/#website"},"datePublished":"2024-08-03T15:36:02+00:00","dateModified":"2024-11-14T00:07:12+00:00","breadcrumb":{"@id":"https:\/\/whospopular.com\/pt\/submit\/#breadcrumb"},"inLanguage":"pt-PT","potentialAction":[{"@type":"ReadAction","target":["https:\/\/whospopular.com\/pt\/submit\/"]}]},{"@type":"BreadcrumbList","@id":"https:\/\/whospopular.com\/pt\/submit\/#breadcrumb","itemListElement":[{"@type":"ListItem","position":1,"name":"P\u00e1gina Inicial","item":"https:\/\/whospopular.com\/pt\/"},{"@type":"ListItem","position":2,"name":"Submeter uma Celebridade"}]},{"@type":"WebSite","@id":"https:\/\/whospopular.com\/pt\/#website","url":"https:\/\/whospopular.com\/pt\/","name":"Who's Popular","description":"Acompanhe Celebridades e Influenciadores em Alta","publisher":{"@id":"https:\/\/whospopular.com\/pt\/#organization"},"alternateName":"Whos Polular","potentialAction":[{"@type":"SearchAction","target":{"@type":"EntryPoint","urlTemplate":"https:\/\/whospopular.com\/pt\/?s={search_term_string}"},"query-input":{"@type":"PropertyValueSpecification","valueRequired":true,"valueName":"search_term_string"}}],"inLanguage":"pt-PT"},{"@type":"Organization","@id":"https:\/\/whospopular.com\/pt\/#organization","name":"Who's Popular","alternateName":"Whos Popular","url":"https:\/\/whospopular.com\/pt\/","logo":{"@type":"ImageObject","inLanguage":"pt-PT","@id":"https:\/\/whospopular.com\/pt\/#\/schema\/logo\/image\/","url":"https:\/\/whospopular.com\/pt\/wp-content\/uploads\/2024\/06\/Whos-Popular-wht.png","contentUrl":"https:\/\/whospopular.com\/pt\/wp-content\/uploads\/2024\/06\/Whos-Popular-wht.png","width":1280,"height":224,"caption":"Who's Popular"},"image":{"@id":"https:\/\/whospopular.com\/pt\/#\/schema\/logo\/image\/"}}]}},"jetpack_sharing_enabled":true,"_links":{"self":[{"href":"https:\/\/whospopular.com\/pt\/wp-json\/wp\/v2\/pages\/1017"}],"collection":[{"href":"https:\/\/whospopular.com\/pt\/wp-json\/wp\/v2\/pages"}],"about":[{"href":"https:\/\/whospopular.com\/pt\/wp-json\/wp\/v2\/types\/page"}],"author":[{"embeddable":true,"href":"https:\/\/whospopular.com\/pt\/wp-json\/wp\/v2\/users\/1"}],"replies":[{"embeddable":true,"href":"https:\/\/whospopular.com\/pt\/wp-json\/wp\/v2\/comments?post=1017"}],"version-history":[{"count":5,"href":"https:\/\/whospopular.com\/pt\/wp-json\/wp\/v2\/pages\/1017\/revisions"}],"predecessor-version":[{"id":1250,"href":"https:\/\/whospopular.com\/pt\/wp-json\/wp\/v2\/pages\/1017\/revisions\/1250"}],"wp:attachment":[{"href":"https:\/\/whospopular.com\/pt\/wp-json\/wp\/v2\/media?parent=1017"}],"curies":[{"name":"wp","href":"https:\/\/api.w.org\/{rel}","templated":true}]}}