{"id":9,"date":"2024-06-23T10:45:01","date_gmt":"2024-06-23T10:45:01","guid":{"rendered":"https:\/\/whospopular.com\/?page_id=9"},"modified":"2024-11-21T23:35:39","modified_gmt":"2024-11-21T23:35:39","slug":"homepage","status":"publish","type":"page","link":"https:\/\/whospopular.com\/pl\/","title":{"rendered":"Strona g\u0142\u00f3wna"},"content":{"rendered":"","protected":false},"excerpt":{"rendered":"","protected":false},"author":1,"featured_media":0,"parent":0,"menu_order":0,"comment_status":"closed","ping_status":"closed","template":"page-templates\/knowledgebase.php","meta":{"iawp_total_views":739,"footnotes":""},"class_list":["post-9","page","type-page","status-publish","hentry"],"yoast_head":"<!-- This site is optimized with the Yoast SEO plugin v23.8 - https:\/\/yoast.com\/wordpress\/plugins\/seo\/ -->\n<title>Who&#039;s Popular - \u015aled\u017a najpopularniejsze gwiazdy i influencer\u00f3w<\/title>\n<meta name=\"description\" content=\"Odkryj najnowsze popularne postacie z Who&#039;s Popular. B\u0105d\u017a na bie\u017c\u0105co z celebrytami, influencerami, tw\u00f3rcami tre\u015bci i wieloma innymi!\" \/>\n<meta name=\"robots\" content=\"index, follow, max-snippet:-1, max-image-preview:large, max-video-preview:-1\" \/>\n<link rel=\"canonical\" href=\"https:\/\/whospopular.com\/pl\/\" \/>\n<meta property=\"og:locale\" content=\"pl_PL\" \/>\n<meta property=\"og:type\" content=\"article\" \/>\n<meta property=\"og:title\" content=\"Who&#039;s Popular - \u015aled\u017a najpopularniejsze gwiazdy i influencer\u00f3w\" \/>\n<meta property=\"og:description\" content=\"Odkryj najnowsze popularne postacie z Who&#039;s Popular. B\u0105d\u017a na bie\u017c\u0105co z celebrytami, influencerami, tw\u00f3rcami tre\u015bci i wieloma innymi!\" \/>\n<meta property=\"og:url\" content=\"https:\/\/whospopular.com\/pl\/\" \/>\n<meta property=\"og:site_name\" content=\"Whos Popular\" \/>\n<meta property=\"article:modified_time\" content=\"2024-11-21T23:35:39+00:00\" \/>\n<meta name=\"twitter:card\" content=\"summary_large_image\" \/>\n<script type=\"application\/ld+json\" class=\"yoast-schema-graph\">{\"@context\":\"https:\/\/schema.org\",\"@graph\":[{\"@type\":\"WebPage\",\"@id\":\"https:\/\/whospopular.com\/pl\/\",\"url\":\"https:\/\/whospopular.com\/pl\/\",\"name\":\"Who's Popular - \u015aled\u017a najpopularniejsze gwiazdy i influencer\u00f3w\",\"isPartOf\":{\"@id\":\"https:\/\/whospopular.com\/pl\/#website\"},\"datePublished\":\"2024-06-23T10:45:01+00:00\",\"dateModified\":\"2024-11-21T23:35:39+00:00\",\"description\":\"Odkryj najnowsze popularne postacie z Who's Popular. B\u0105d\u017a na bie\u017c\u0105co z celebrytami, influencerami, tw\u00f3rcami tre\u015bci i wieloma innymi!\",\"breadcrumb\":{\"@id\":\"https:\/\/whospopular.com\/pl\/#breadcrumb\"},\"inLanguage\":\"pl-PL\",\"potentialAction\":[{\"@type\":\"ReadAction\",\"target\":[\"https:\/\/whospopular.com\/pl\/\"]}]},{\"@type\":\"BreadcrumbList\",\"@id\":\"https:\/\/whospopular.com\/pl\/#breadcrumb\",\"itemListElement\":[{\"@type\":\"ListItem\",\"position\":1,\"name\":\"Strona g\u0142\u00f3wna\",\"item\":\"https:\/\/whospopular.com\/pl\/\"},{\"@type\":\"ListItem\",\"position\":2,\"name\":\"Strona g\u0142\u00f3wna\"}]},{\"@type\":\"WebSite\",\"@id\":\"https:\/\/whospopular.com\/pl\/#website\",\"url\":\"https:\/\/whospopular.com\/pl\/\",\"name\":\"Who's Popular\",\"description\":\"\u015aled\u017a najpopularniejsze gwiazdy i influencer\u00f3w\",\"publisher\":{\"@id\":\"https:\/\/whospopular.com\/pl\/#organization\"},\"alternateName\":\"Whos Polular\",\"potentialAction\":[{\"@type\":\"SearchAction\",\"target\":{\"@type\":\"EntryPoint\",\"urlTemplate\":\"https:\/\/whospopular.com\/pl\/?s={search_term_string}\"},\"query-input\":{\"@type\":\"PropertyValueSpecification\",\"valueRequired\":true,\"valueName\":\"search_term_string\"}}],\"inLanguage\":\"pl-PL\"},{\"@type\":\"Organization\",\"@id\":\"https:\/\/whospopular.com\/pl\/#organization\",\"name\":\"Who's Popular\",\"alternateName\":\"Whos Popular\",\"url\":\"https:\/\/whospopular.com\/pl\/\",\"logo\":{\"@type\":\"ImageObject\",\"inLanguage\":\"pl-PL\",\"@id\":\"https:\/\/whospopular.com\/pl\/#\/schema\/logo\/image\/\",\"url\":\"https:\/\/whospopular.com\/pl\/wp-content\/uploads\/2024\/06\/Whos-Popular-wht.png\",\"contentUrl\":\"https:\/\/whospopular.com\/pl\/wp-content\/uploads\/2024\/06\/Whos-Popular-wht.png\",\"width\":1280,\"height\":224,\"caption\":\"Who's Popular\"},\"image\":{\"@id\":\"https:\/\/whospopular.com\/pl\/#\/schema\/logo\/image\/\"}}]}<\/script>\n<!-- \/ Yoast SEO plugin. -->","yoast_head_json":{"title":"Who's Popular - \u015aled\u017a najpopularniejsze gwiazdy i influencer\u00f3w","description":"Odkryj najnowsze popularne postacie z Who's Popular. B\u0105d\u017a na bie\u017c\u0105co z celebrytami, influencerami, tw\u00f3rcami tre\u015bci i wieloma innymi!","robots":{"index":"index","follow":"follow","max-snippet":"max-snippet:-1","max-image-preview":"max-image-preview:large","max-video-preview":"max-video-preview:-1"},"canonical":"https:\/\/whospopular.com\/pl\/","og_locale":"pl_PL","og_type":"article","og_title":"Who's Popular - \u015aled\u017a najpopularniejsze gwiazdy i influencer\u00f3w","og_description":"Odkryj najnowsze popularne postacie z Who's Popular. B\u0105d\u017a na bie\u017c\u0105co z celebrytami, influencerami, tw\u00f3rcami tre\u015bci i wieloma innymi!","og_url":"https:\/\/whospopular.com\/pl\/","og_site_name":"Whos Popular","article_modified_time":"2024-11-21T23:35:39+00:00","twitter_card":"summary_large_image","schema":{"@context":"https:\/\/schema.org","@graph":[{"@type":"WebPage","@id":"https:\/\/whospopular.com\/pl\/","url":"https:\/\/whospopular.com\/pl\/","name":"Who's Popular - \u015aled\u017a najpopularniejsze gwiazdy i influencer\u00f3w","isPartOf":{"@id":"https:\/\/whospopular.com\/pl\/#website"},"datePublished":"2024-06-23T10:45:01+00:00","dateModified":"2024-11-21T23:35:39+00:00","description":"Odkryj najnowsze popularne postacie z Who's Popular. B\u0105d\u017a na bie\u017c\u0105co z celebrytami, influencerami, tw\u00f3rcami tre\u015bci i wieloma innymi!","breadcrumb":{"@id":"https:\/\/whospopular.com\/pl\/#breadcrumb"},"inLanguage":"pl-PL","potentialAction":[{"@type":"ReadAction","target":["https:\/\/whospopular.com\/pl\/"]}]},{"@type":"BreadcrumbList","@id":"https:\/\/whospopular.com\/pl\/#breadcrumb","itemListElement":[{"@type":"ListItem","position":1,"name":"Strona g\u0142\u00f3wna","item":"https:\/\/whospopular.com\/pl\/"},{"@type":"ListItem","position":2,"name":"Strona g\u0142\u00f3wna"}]},{"@type":"WebSite","@id":"https:\/\/whospopular.com\/pl\/#website","url":"https:\/\/whospopular.com\/pl\/","name":"Who's Popular","description":"\u015aled\u017a najpopularniejsze gwiazdy i influencer\u00f3w","publisher":{"@id":"https:\/\/whospopular.com\/pl\/#organization"},"alternateName":"Whos Polular","potentialAction":[{"@type":"SearchAction","target":{"@type":"EntryPoint","urlTemplate":"https:\/\/whospopular.com\/pl\/?s={search_term_string}"},"query-input":{"@type":"PropertyValueSpecification","valueRequired":true,"valueName":"search_term_string"}}],"inLanguage":"pl-PL"},{"@type":"Organization","@id":"https:\/\/whospopular.com\/pl\/#organization","name":"Who's Popular","alternateName":"Whos Popular","url":"https:\/\/whospopular.com\/pl\/","logo":{"@type":"ImageObject","inLanguage":"pl-PL","@id":"https:\/\/whospopular.com\/pl\/#\/schema\/logo\/image\/","url":"https:\/\/whospopular.com\/pl\/wp-content\/uploads\/2024\/06\/Whos-Popular-wht.png","contentUrl":"https:\/\/whospopular.com\/pl\/wp-content\/uploads\/2024\/06\/Whos-Popular-wht.png","width":1280,"height":224,"caption":"Who's Popular"},"image":{"@id":"https:\/\/whospopular.com\/pl\/#\/schema\/logo\/image\/"}}]}},"jetpack_sharing_enabled":true,"_links":{"self":[{"href":"https:\/\/whospopular.com\/pl\/wp-json\/wp\/v2\/pages\/9","targetHints":{"allow":["GET"]}}],"collection":[{"href":"https:\/\/whospopular.com\/pl\/wp-json\/wp\/v2\/pages"}],"about":[{"href":"https:\/\/whospopular.com\/pl\/wp-json\/wp\/v2\/types\/page"}],"author":[{"embeddable":true,"href":"https:\/\/whospopular.com\/pl\/wp-json\/wp\/v2\/users\/1"}],"replies":[{"embeddable":true,"href":"https:\/\/whospopular.com\/pl\/wp-json\/wp\/v2\/comments?post=9"}],"version-history":[{"count":2,"href":"https:\/\/whospopular.com\/pl\/wp-json\/wp\/v2\/pages\/9\/revisions"}],"predecessor-version":[{"id":1249,"href":"https:\/\/whospopular.com\/pl\/wp-json\/wp\/v2\/pages\/9\/revisions\/1249"}],"wp:attachment":[{"href":"https:\/\/whospopular.com\/pl\/wp-json\/wp\/v2\/media?parent=9"}],"curies":[{"name":"wp","href":"https:\/\/api.w.org\/{rel}","templated":true}]}}