{"id":73,"date":"2024-06-23T20:12:46","date_gmt":"2024-06-23T20:12:46","guid":{"rendered":"https:\/\/whospopular.com\/?page_id=73"},"modified":"2024-11-21T23:34:48","modified_gmt":"2024-11-21T23:34:48","slug":"about","status":"publish","type":"page","link":"https:\/\/whospopular.com\/pl\/about\/","title":{"rendered":"O nas"},"content":{"rendered":"\n<p>Witamy na <strong>Who&#8217;s Popular<\/strong> \u2013 platformie stworzonej, by promowa\u0107, docenia\u0107 i celebrowa\u0107 r\u00f3\u017cnorodne talenty z ca\u0142ego \u015bwiata. Nasz\u0105 misj\u0105 jest rzucenie \u015bwiat\u0142a na artyst\u00f3w, autor\u00f3w, aktor\u00f3w, osoby publiczne, tw\u00f3rc\u00f3w, influencer\u00f3w i wielu innych, tworz\u0105c unikalne profile, kt\u00f3re w najlepszy spos\u00f3b ukazuj\u0105 ich osobowo\u015bci i osi\u0105gni\u0119cia.<\/p>\n\n\n\n<p>W Who&#8217;s Popular wierzymy w si\u0142\u0119 r\u00f3wno\u015bci i jedno\u015bci. Naszym g\u0142\u00f3wnym celem jest zbli\u017cenie spo\u0142ecze\u0144stwa do os\u00f3b, kt\u00f3re je inspiruj\u0105. Tworzymy przestrze\u0144, w kt\u00f3rej talenty z ka\u017cdej dziedziny \u017cycia mog\u0105 by\u0107 doceniane, a ka\u017cdy ma szans\u0119 nawi\u0105za\u0107 kontakt z osobami, kt\u00f3re podziwia.<\/p>\n\n\n\n<h3 class=\"wp-block-heading\"><strong>Co robimy<\/strong><\/h3>\n\n\n\n<ul class=\"wp-block-list\">\n<li><strong>Promujemy:<\/strong> Podkre\u015blamy osi\u0105gni\u0119cia i tw\u00f3rczo\u015b\u0107 zar\u00f3wno nowych, jak i uznanych osobowo\u015bci, zapewniaj\u0105c im platform\u0119 do dotarcia do szerszego grona odbiorc\u00f3w.<\/li>\n\n\n\n<li><strong>Doceniamy:<\/strong> Uznajemy wysi\u0142ki i wk\u0142ad os\u00f3b z r\u00f3\u017cnych dziedzin, celebruj\u0105c ich wp\u0142yw na spo\u0142ecze\u0144stwo i kultur\u0119.<\/li>\n\n\n\n<li><strong>Celebrujemy:<\/strong> Tworzymy anga\u017cuj\u0105ce profile, kt\u00f3re oddaj\u0105 istot\u0119 ka\u017cdej osobowo\u015bci, prezentuj\u0105c jej histori\u0119, osi\u0105gni\u0119cia i unikalne cechy.<\/li>\n<\/ul>\n\n\n\n<h3 class=\"wp-block-heading\"><strong>Nasza wizja<\/strong><\/h3>\n\n\n\n<p>Nasz\u0105 wizj\u0105 jest stworzenie globalnej spo\u0142eczno\u015bci, w kt\u00f3rej talenty s\u0105 celebrowane, a kontakty nawi\u0105zywane. Promuj\u0105c r\u00f3wno\u015b\u0107 i jedno\u015b\u0107, d\u0105\u017cymy do budowania wspieraj\u0105cego \u015brodowiska, kt\u00f3re zach\u0119ca do kreatywno\u015bci, inspiracji i wzajemnego szacunku.<\/p>\n\n\n\n<p><\/p>\n","protected":false},"excerpt":{"rendered":"<p>Witamy na Who&rsquo;s Popular &ndash; platformie stworzonej, by promowa&#263;, docenia&#263; i celebrowa&#263; r&oacute;&#380;norodne talenty z ca&#322;ego &#347;wiata. Nasz&#261; misj&#261; jest rzucenie &#347;wiat&#322;a na artyst&oacute;w, autor&oacute;w, aktor&oacute;w, osoby publiczne, tw&oacute;rc&oacute;w, influencer&oacute;w i wielu innych, tworz&#261;c unikalne profile, kt&oacute;re w najlepszy spos&oacute;b ukazuj&#261; ich osobowo&#347;ci i osi&#261;gni&#281;cia. W Who&rsquo;s Popular wierzymy w si&#322;&#281; r&oacute;wno&#347;ci i jedno&#347;ci. Naszym [&hellip;]<\/p>\n","protected":false},"author":1,"featured_media":0,"parent":0,"menu_order":0,"comment_status":"closed","ping_status":"closed","template":"","meta":{"iawp_total_views":10,"footnotes":""},"class_list":["post-73","page","type-page","status-publish","hentry"],"yoast_head":"<!-- This site is optimized with the Yoast SEO plugin v23.8 - https:\/\/yoast.com\/wordpress\/plugins\/seo\/ -->\n<title>O nas - Whos Popular<\/title>\n<meta name=\"robots\" content=\"index, follow, max-snippet:-1, max-image-preview:large, max-video-preview:-1\" \/>\n<link rel=\"canonical\" href=\"https:\/\/whospopular.com\/pl\/about\/\" \/>\n<meta property=\"og:locale\" content=\"pl_PL\" \/>\n<meta property=\"og:type\" content=\"article\" \/>\n<meta property=\"og:title\" content=\"O nas - Whos Popular\" \/>\n<meta property=\"og:description\" content=\"Witamy na Who&rsquo;s Popular &ndash; platformie stworzonej, by promowa&#263;, docenia&#263; i celebrowa&#263; r&oacute;&#380;norodne talenty z ca&#322;ego &#347;wiata. Nasz&#261; misj&#261; jest rzucenie &#347;wiat&#322;a na artyst&oacute;w, autor&oacute;w, aktor&oacute;w, osoby publiczne, tw&oacute;rc&oacute;w, influencer&oacute;w i wielu innych, tworz&#261;c unikalne profile, kt&oacute;re w najlepszy spos&oacute;b ukazuj&#261; ich osobowo&#347;ci i osi&#261;gni&#281;cia. W Who&rsquo;s Popular wierzymy w si&#322;&#281; r&oacute;wno&#347;ci i jedno&#347;ci. Naszym [&hellip;]\" \/>\n<meta property=\"og:url\" content=\"https:\/\/whospopular.com\/pl\/about\/\" \/>\n<meta property=\"og:site_name\" content=\"Whos Popular\" \/>\n<meta property=\"article:modified_time\" content=\"2024-11-21T23:34:48+00:00\" \/>\n<meta name=\"twitter:card\" content=\"summary_large_image\" \/>\n<meta name=\"twitter:label1\" content=\"Szacowany czas czytania\" \/>\n\t<meta name=\"twitter:data1\" content=\"2 minuty\" \/>\n<script type=\"application\/ld+json\" class=\"yoast-schema-graph\">{\"@context\":\"https:\/\/schema.org\",\"@graph\":[{\"@type\":\"WebPage\",\"@id\":\"https:\/\/whospopular.com\/pl\/about\/\",\"url\":\"https:\/\/whospopular.com\/pl\/about\/\",\"name\":\"O nas - Whos Popular\",\"isPartOf\":{\"@id\":\"https:\/\/whospopular.com\/pl\/#website\"},\"datePublished\":\"2024-06-23T20:12:46+00:00\",\"dateModified\":\"2024-11-21T23:34:48+00:00\",\"breadcrumb\":{\"@id\":\"https:\/\/whospopular.com\/pl\/about\/#breadcrumb\"},\"inLanguage\":\"pl-PL\",\"potentialAction\":[{\"@type\":\"ReadAction\",\"target\":[\"https:\/\/whospopular.com\/pl\/about\/\"]}]},{\"@type\":\"BreadcrumbList\",\"@id\":\"https:\/\/whospopular.com\/pl\/about\/#breadcrumb\",\"itemListElement\":[{\"@type\":\"ListItem\",\"position\":1,\"name\":\"Strona g\u0142\u00f3wna\",\"item\":\"https:\/\/whospopular.com\/pl\/\"},{\"@type\":\"ListItem\",\"position\":2,\"name\":\"O nas\"}]},{\"@type\":\"WebSite\",\"@id\":\"https:\/\/whospopular.com\/pl\/#website\",\"url\":\"https:\/\/whospopular.com\/pl\/\",\"name\":\"Who's Popular\",\"description\":\"\u015aled\u017a najpopularniejsze gwiazdy i influencer\u00f3w\",\"publisher\":{\"@id\":\"https:\/\/whospopular.com\/pl\/#organization\"},\"alternateName\":\"Whos Polular\",\"potentialAction\":[{\"@type\":\"SearchAction\",\"target\":{\"@type\":\"EntryPoint\",\"urlTemplate\":\"https:\/\/whospopular.com\/pl\/?s={search_term_string}\"},\"query-input\":{\"@type\":\"PropertyValueSpecification\",\"valueRequired\":true,\"valueName\":\"search_term_string\"}}],\"inLanguage\":\"pl-PL\"},{\"@type\":\"Organization\",\"@id\":\"https:\/\/whospopular.com\/pl\/#organization\",\"name\":\"Who's Popular\",\"alternateName\":\"Whos Popular\",\"url\":\"https:\/\/whospopular.com\/pl\/\",\"logo\":{\"@type\":\"ImageObject\",\"inLanguage\":\"pl-PL\",\"@id\":\"https:\/\/whospopular.com\/pl\/#\/schema\/logo\/image\/\",\"url\":\"https:\/\/whospopular.com\/pl\/wp-content\/uploads\/2024\/06\/Whos-Popular-wht.png\",\"contentUrl\":\"https:\/\/whospopular.com\/pl\/wp-content\/uploads\/2024\/06\/Whos-Popular-wht.png\",\"width\":1280,\"height\":224,\"caption\":\"Who's Popular\"},\"image\":{\"@id\":\"https:\/\/whospopular.com\/pl\/#\/schema\/logo\/image\/\"}}]}<\/script>\n<!-- \/ Yoast SEO plugin. -->","yoast_head_json":{"title":"O nas - Whos Popular","robots":{"index":"index","follow":"follow","max-snippet":"max-snippet:-1","max-image-preview":"max-image-preview:large","max-video-preview":"max-video-preview:-1"},"canonical":"https:\/\/whospopular.com\/pl\/about\/","og_locale":"pl_PL","og_type":"article","og_title":"O nas - Whos Popular","og_description":"Witamy na Who&rsquo;s Popular &ndash; platformie stworzonej, by promowa&#263;, docenia&#263; i celebrowa&#263; r&oacute;&#380;norodne talenty z ca&#322;ego &#347;wiata. Nasz&#261; misj&#261; jest rzucenie &#347;wiat&#322;a na artyst&oacute;w, autor&oacute;w, aktor&oacute;w, osoby publiczne, tw&oacute;rc&oacute;w, influencer&oacute;w i wielu innych, tworz&#261;c unikalne profile, kt&oacute;re w najlepszy spos&oacute;b ukazuj&#261; ich osobowo&#347;ci i osi&#261;gni&#281;cia. W Who&rsquo;s Popular wierzymy w si&#322;&#281; r&oacute;wno&#347;ci i jedno&#347;ci. Naszym [&hellip;]","og_url":"https:\/\/whospopular.com\/pl\/about\/","og_site_name":"Whos Popular","article_modified_time":"2024-11-21T23:34:48+00:00","twitter_card":"summary_large_image","twitter_misc":{"Szacowany czas czytania":"2 minuty"},"schema":{"@context":"https:\/\/schema.org","@graph":[{"@type":"WebPage","@id":"https:\/\/whospopular.com\/pl\/about\/","url":"https:\/\/whospopular.com\/pl\/about\/","name":"O nas - Whos Popular","isPartOf":{"@id":"https:\/\/whospopular.com\/pl\/#website"},"datePublished":"2024-06-23T20:12:46+00:00","dateModified":"2024-11-21T23:34:48+00:00","breadcrumb":{"@id":"https:\/\/whospopular.com\/pl\/about\/#breadcrumb"},"inLanguage":"pl-PL","potentialAction":[{"@type":"ReadAction","target":["https:\/\/whospopular.com\/pl\/about\/"]}]},{"@type":"BreadcrumbList","@id":"https:\/\/whospopular.com\/pl\/about\/#breadcrumb","itemListElement":[{"@type":"ListItem","position":1,"name":"Strona g\u0142\u00f3wna","item":"https:\/\/whospopular.com\/pl\/"},{"@type":"ListItem","position":2,"name":"O nas"}]},{"@type":"WebSite","@id":"https:\/\/whospopular.com\/pl\/#website","url":"https:\/\/whospopular.com\/pl\/","name":"Who's Popular","description":"\u015aled\u017a najpopularniejsze gwiazdy i influencer\u00f3w","publisher":{"@id":"https:\/\/whospopular.com\/pl\/#organization"},"alternateName":"Whos Polular","potentialAction":[{"@type":"SearchAction","target":{"@type":"EntryPoint","urlTemplate":"https:\/\/whospopular.com\/pl\/?s={search_term_string}"},"query-input":{"@type":"PropertyValueSpecification","valueRequired":true,"valueName":"search_term_string"}}],"inLanguage":"pl-PL"},{"@type":"Organization","@id":"https:\/\/whospopular.com\/pl\/#organization","name":"Who's Popular","alternateName":"Whos Popular","url":"https:\/\/whospopular.com\/pl\/","logo":{"@type":"ImageObject","inLanguage":"pl-PL","@id":"https:\/\/whospopular.com\/pl\/#\/schema\/logo\/image\/","url":"https:\/\/whospopular.com\/pl\/wp-content\/uploads\/2024\/06\/Whos-Popular-wht.png","contentUrl":"https:\/\/whospopular.com\/pl\/wp-content\/uploads\/2024\/06\/Whos-Popular-wht.png","width":1280,"height":224,"caption":"Who's Popular"},"image":{"@id":"https:\/\/whospopular.com\/pl\/#\/schema\/logo\/image\/"}}]}},"jetpack_sharing_enabled":true,"_links":{"self":[{"href":"https:\/\/whospopular.com\/pl\/wp-json\/wp\/v2\/pages\/73","targetHints":{"allow":["GET"]}}],"collection":[{"href":"https:\/\/whospopular.com\/pl\/wp-json\/wp\/v2\/pages"}],"about":[{"href":"https:\/\/whospopular.com\/pl\/wp-json\/wp\/v2\/types\/page"}],"author":[{"embeddable":true,"href":"https:\/\/whospopular.com\/pl\/wp-json\/wp\/v2\/users\/1"}],"replies":[{"embeddable":true,"href":"https:\/\/whospopular.com\/pl\/wp-json\/wp\/v2\/comments?post=73"}],"version-history":[{"count":2,"href":"https:\/\/whospopular.com\/pl\/wp-json\/wp\/v2\/pages\/73\/revisions"}],"predecessor-version":[{"id":1248,"href":"https:\/\/whospopular.com\/pl\/wp-json\/wp\/v2\/pages\/73\/revisions\/1248"}],"wp:attachment":[{"href":"https:\/\/whospopular.com\/pl\/wp-json\/wp\/v2\/media?parent=73"}],"curies":[{"name":"wp","href":"https:\/\/api.w.org\/{rel}","templated":true}]}}