{"id":1017,"date":"2024-08-03T15:36:02","date_gmt":"2024-08-03T15:36:02","guid":{"rendered":"https:\/\/whospopular.com\/?page_id=1017"},"modified":"2024-11-21T23:42:33","modified_gmt":"2024-11-21T23:42:33","slug":"submit","status":"publish","type":"page","link":"https:\/\/whospopular.com\/pl\/submit\/","title":{"rendered":"Zg\u0142o\u015b Celebryt\u0119"},"content":{"rendered":"\n<h2 class=\"wp-block-heading\">Podziel si\u0119 swoimi pomys\u0142ami z nami!<\/h2>\n\n\n\n<p>Uwielbiamy s\u0142ucha\u0107 naszych czytelnik\u00f3w! Je\u015bli masz na my\u015bli celebryt\u0119, influencera lub posta\u0107 publiczn\u0105, kt\u00f3r\u0105 chcia\u0142by\u015b zobaczy\u0107 w artykule na naszym blogu, trafi\u0142e\u015b we w\u0142a\u015bciwe miejsce. Twoje sugestie pomagaj\u0105 nam tworzy\u0107 tre\u015bci, kt\u00f3re trafiaj\u0105 do naszej publiczno\u015bci i utrzymuj\u0105 bloga \u015bwie\u017cym oraz ekscytuj\u0105cym.<\/p>\n\n\n\n<h2 class=\"wp-block-heading\"><strong>Dlaczego warto zg\u0142osi\u0107 propozycj\u0119?<\/strong><\/h2>\n\n\n\n<ul class=\"wp-block-list\">\n<li><strong>Twoje zdanie si\u0119 liczy<\/strong>: To Twoja szansa, aby wp\u0142yn\u0105\u0107 na tematy, kt\u00f3re poruszamy, i wyr\u00f3\u017cni\u0107 osoby, kt\u00f3re Ci\u0119 pasjonuj\u0105.<\/li>\n\n\n\n<li><strong>B\u0105d\u017a na bie\u017c\u0105co<\/strong>: Proponuj\u0105c nazwiska, pomagasz nam odkrywa\u0107 wschodz\u0105ce talenty i postacie, kt\u00f3re zas\u0142uguj\u0105 na wi\u0119ksze uznanie.<\/li>\n\n\n\n<li><strong>Zaanga\u017cuj si\u0119 w nasz\u0105 spo\u0142eczno\u015b\u0107<\/strong>: Twoje wk\u0142ady wspieraj\u0105 dynamiczn\u0105 spo\u0142eczno\u015b\u0107, w kt\u00f3rej reprezentowane s\u0105 zainteresowania ka\u017cdego.<\/li>\n<\/ul>\n\n\n\n<h2 class=\"wp-block-heading\"><strong>Jak zg\u0142osi\u0107?<\/strong><\/h2>\n\n\n\n<p>Prosimy o zapoznanie si\u0119 z poni\u017cszym formularzem zg\u0142oszeniowym, w kt\u00f3rym nale\u017cy poda\u0107 szczeg\u00f3\u0142y dotycz\u0105ce celebryty, influencera lub postaci publicznej, kt\u00f3r\u0105 chcieliby\u015bmy rozwa\u017cy\u0107.<\/p>\n\n\n\n<h2 class=\"wp-block-heading\"><strong>Formularz zg\u0142oszeniowy<\/strong><\/h2>\n\n\n\n<ul class=\"wp-block-list\">\n<li><strong>Imi\u0119 i nazwisko celebryty\/influencera\/postaci publicznej:<br><\/strong>(Prosz\u0119 poda\u0107 pe\u0142ne imi\u0119 i nazwisko)<\/li>\n\n\n\n<li><strong>Dlaczego uwa\u017casz, \u017ce powinni zosta\u0107 wyr\u00f3\u017cnieni:<br><\/strong>(Podziel si\u0119 kr\u00f3tkim wyja\u015bnieniem, dlaczego ta osoba jest wyj\u0105tkowa lub interesuj\u0105ca)<\/li>\n\n\n\n<li><strong>Jakie tematy lub aspekty chcia\u0142by\u015b, \u017ceby\u015bmy uwzgl\u0119dnili?<br><\/strong>(Poinformuj nas, czy jest jaki\u015b szczeg\u00f3lny aspekt ich \u017cycia lub kariery, na kt\u00f3rym chcesz, aby\u015bmy si\u0119 skupili)<\/li>\n\n\n\n<li><strong>Twoje imi\u0119<\/strong> (Opcjonalnie):<br>(Chcieliby\u015bmy wiedzie\u0107, kim jeste\u015b, ale nie jest to obowi\u0105zkowe!)<\/li>\n\n\n\n<li><strong>Tw\u00f3j e-mail<\/strong> (Opcjonalnie):<br>(Je\u015bli chcesz, \u017ceby\u015bmy si\u0119 z Tob\u0105 skontaktowali w sprawie Twojej propozycji)<\/li>\n<\/ul>\n\n\n\n<h2 class=\"wp-block-heading\"><strong>Zg\u0142o\u015b swoj\u0105 propozycj\u0119<\/strong><\/h2>\n\n\n\n<p>Prze\u015blij wszystkie te szczeg\u00f3\u0142y do naszej redakcji <a href=\"mailto:editor@whospopular.com?subject=Zg\u0142o\u015b%20celebryt\u0119\" target=\"_blank\" rel=\"noreferrer noopener nofollow\">>Tutaj&lt;<\/a>.<\/p>\n\n\n\n<h2 class=\"wp-block-heading\"><strong>Co si\u0119 stanie dalej?<\/strong><\/h2>\n\n\n\n<p>Po przes\u0142aniu swojej propozycji nasz zesp\u00f3\u0142 redakcyjny j\u0105 przeanalizuje. Chocia\u017c nie mo\u017cemy zagwarantowa\u0107, \u017ce ka\u017cda sugestia zako\u0144czy si\u0119 artyku\u0142em, bardzo doceniamy Twoje pomys\u0142y i dok\u0142adnie przeanalizujemy wszystkie propozycje. By\u0107 mo\u017ce zobaczysz swoj\u0105 sugesti\u0119 w jednym z kolejnych artyku\u0142\u00f3w!<\/p>\n\n\n\n<p>Dzi\u0119kujemy, \u017ce pomagasz nam tworzy\u0107 anga\u017cuj\u0105ce tre\u015bci, kt\u00f3re odzwierciedlaj\u0105 zainteresowania naszej spo\u0142eczno\u015bci. Czekamy na Twoje pomys\u0142y!<\/p>\n","protected":false},"excerpt":{"rendered":"<p>Podziel si&#281; swoimi pomys&#322;ami z nami! Uwielbiamy s&#322;ucha&#263; naszych czytelnik&oacute;w! Je&#347;li masz na my&#347;li celebryt&#281;, influencera lub posta&#263; publiczn&#261;, kt&oacute;r&#261; chcia&#322;by&#347; zobaczy&#263; w artykule na naszym blogu, trafi&#322;e&#347; we w&#322;a&#347;ciwe miejsce. Twoje sugestie pomagaj&#261; nam tworzy&#263; tre&#347;ci, kt&oacute;re trafiaj&#261; do naszej publiczno&#347;ci i utrzymuj&#261; bloga &#347;wie&#380;ym oraz ekscytuj&#261;cym. Dlaczego warto zg&#322;osi&#263; propozycj&#281;? Jak zg&#322;osi&#263;? Prosimy [&hellip;]<\/p>\n","protected":false},"author":1,"featured_media":0,"parent":0,"menu_order":0,"comment_status":"closed","ping_status":"closed","template":"","meta":{"iawp_total_views":7,"footnotes":""},"class_list":["post-1017","page","type-page","status-publish","hentry"],"yoast_head":"<!-- This site is optimized with the Yoast SEO plugin v23.8 - https:\/\/yoast.com\/wordpress\/plugins\/seo\/ -->\n<title>Zg\u0142o\u015b Celebryt\u0119 - Whos Popular<\/title>\n<meta name=\"robots\" content=\"index, follow, max-snippet:-1, max-image-preview:large, max-video-preview:-1\" \/>\n<link rel=\"canonical\" href=\"https:\/\/whospopular.com\/pl\/submit\/\" \/>\n<meta property=\"og:locale\" content=\"pl_PL\" \/>\n<meta property=\"og:type\" content=\"article\" \/>\n<meta property=\"og:title\" content=\"Zg\u0142o\u015b Celebryt\u0119 - Whos Popular\" \/>\n<meta property=\"og:description\" content=\"Podziel si&#281; swoimi pomys&#322;ami z nami! Uwielbiamy s&#322;ucha&#263; naszych czytelnik&oacute;w! Je&#347;li masz na my&#347;li celebryt&#281;, influencera lub posta&#263; publiczn&#261;, kt&oacute;r&#261; chcia&#322;by&#347; zobaczy&#263; w artykule na naszym blogu, trafi&#322;e&#347; we w&#322;a&#347;ciwe miejsce. Twoje sugestie pomagaj&#261; nam tworzy&#263; tre&#347;ci, kt&oacute;re trafiaj&#261; do naszej publiczno&#347;ci i utrzymuj&#261; bloga &#347;wie&#380;ym oraz ekscytuj&#261;cym. Dlaczego warto zg&#322;osi&#263; propozycj&#281;? Jak zg&#322;osi&#263;? Prosimy [&hellip;]\" \/>\n<meta property=\"og:url\" content=\"https:\/\/whospopular.com\/pl\/submit\/\" \/>\n<meta property=\"og:site_name\" content=\"Whos Popular\" \/>\n<meta property=\"article:modified_time\" content=\"2024-11-21T23:42:33+00:00\" \/>\n<meta name=\"twitter:card\" content=\"summary_large_image\" \/>\n<meta name=\"twitter:label1\" content=\"Szacowany czas czytania\" \/>\n\t<meta name=\"twitter:data1\" content=\"2 minuty\" \/>\n<script type=\"application\/ld+json\" class=\"yoast-schema-graph\">{\"@context\":\"https:\/\/schema.org\",\"@graph\":[{\"@type\":\"WebPage\",\"@id\":\"https:\/\/whospopular.com\/pl\/submit\/\",\"url\":\"https:\/\/whospopular.com\/pl\/submit\/\",\"name\":\"Zg\u0142o\u015b Celebryt\u0119 - Whos Popular\",\"isPartOf\":{\"@id\":\"https:\/\/whospopular.com\/pl\/#website\"},\"datePublished\":\"2024-08-03T15:36:02+00:00\",\"dateModified\":\"2024-11-21T23:42:33+00:00\",\"breadcrumb\":{\"@id\":\"https:\/\/whospopular.com\/pl\/submit\/#breadcrumb\"},\"inLanguage\":\"pl-PL\",\"potentialAction\":[{\"@type\":\"ReadAction\",\"target\":[\"https:\/\/whospopular.com\/pl\/submit\/\"]}]},{\"@type\":\"BreadcrumbList\",\"@id\":\"https:\/\/whospopular.com\/pl\/submit\/#breadcrumb\",\"itemListElement\":[{\"@type\":\"ListItem\",\"position\":1,\"name\":\"Strona g\u0142\u00f3wna\",\"item\":\"https:\/\/whospopular.com\/pl\/\"},{\"@type\":\"ListItem\",\"position\":2,\"name\":\"Zg\u0142o\u015b Celebryt\u0119\"}]},{\"@type\":\"WebSite\",\"@id\":\"https:\/\/whospopular.com\/pl\/#website\",\"url\":\"https:\/\/whospopular.com\/pl\/\",\"name\":\"Who's Popular\",\"description\":\"\u015aled\u017a najpopularniejsze gwiazdy i influencer\u00f3w\",\"publisher\":{\"@id\":\"https:\/\/whospopular.com\/pl\/#organization\"},\"alternateName\":\"Whos Polular\",\"potentialAction\":[{\"@type\":\"SearchAction\",\"target\":{\"@type\":\"EntryPoint\",\"urlTemplate\":\"https:\/\/whospopular.com\/pl\/?s={search_term_string}\"},\"query-input\":{\"@type\":\"PropertyValueSpecification\",\"valueRequired\":true,\"valueName\":\"search_term_string\"}}],\"inLanguage\":\"pl-PL\"},{\"@type\":\"Organization\",\"@id\":\"https:\/\/whospopular.com\/pl\/#organization\",\"name\":\"Who's Popular\",\"alternateName\":\"Whos Popular\",\"url\":\"https:\/\/whospopular.com\/pl\/\",\"logo\":{\"@type\":\"ImageObject\",\"inLanguage\":\"pl-PL\",\"@id\":\"https:\/\/whospopular.com\/pl\/#\/schema\/logo\/image\/\",\"url\":\"https:\/\/whospopular.com\/pl\/wp-content\/uploads\/2024\/06\/Whos-Popular-wht.png\",\"contentUrl\":\"https:\/\/whospopular.com\/pl\/wp-content\/uploads\/2024\/06\/Whos-Popular-wht.png\",\"width\":1280,\"height\":224,\"caption\":\"Who's Popular\"},\"image\":{\"@id\":\"https:\/\/whospopular.com\/pl\/#\/schema\/logo\/image\/\"}}]}<\/script>\n<!-- \/ Yoast SEO plugin. -->","yoast_head_json":{"title":"Zg\u0142o\u015b Celebryt\u0119 - Whos Popular","robots":{"index":"index","follow":"follow","max-snippet":"max-snippet:-1","max-image-preview":"max-image-preview:large","max-video-preview":"max-video-preview:-1"},"canonical":"https:\/\/whospopular.com\/pl\/submit\/","og_locale":"pl_PL","og_type":"article","og_title":"Zg\u0142o\u015b Celebryt\u0119 - Whos Popular","og_description":"Podziel si&#281; swoimi pomys&#322;ami z nami! Uwielbiamy s&#322;ucha&#263; naszych czytelnik&oacute;w! Je&#347;li masz na my&#347;li celebryt&#281;, influencera lub posta&#263; publiczn&#261;, kt&oacute;r&#261; chcia&#322;by&#347; zobaczy&#263; w artykule na naszym blogu, trafi&#322;e&#347; we w&#322;a&#347;ciwe miejsce. Twoje sugestie pomagaj&#261; nam tworzy&#263; tre&#347;ci, kt&oacute;re trafiaj&#261; do naszej publiczno&#347;ci i utrzymuj&#261; bloga &#347;wie&#380;ym oraz ekscytuj&#261;cym. Dlaczego warto zg&#322;osi&#263; propozycj&#281;? Jak zg&#322;osi&#263;? Prosimy [&hellip;]","og_url":"https:\/\/whospopular.com\/pl\/submit\/","og_site_name":"Whos Popular","article_modified_time":"2024-11-21T23:42:33+00:00","twitter_card":"summary_large_image","twitter_misc":{"Szacowany czas czytania":"2 minuty"},"schema":{"@context":"https:\/\/schema.org","@graph":[{"@type":"WebPage","@id":"https:\/\/whospopular.com\/pl\/submit\/","url":"https:\/\/whospopular.com\/pl\/submit\/","name":"Zg\u0142o\u015b Celebryt\u0119 - Whos Popular","isPartOf":{"@id":"https:\/\/whospopular.com\/pl\/#website"},"datePublished":"2024-08-03T15:36:02+00:00","dateModified":"2024-11-21T23:42:33+00:00","breadcrumb":{"@id":"https:\/\/whospopular.com\/pl\/submit\/#breadcrumb"},"inLanguage":"pl-PL","potentialAction":[{"@type":"ReadAction","target":["https:\/\/whospopular.com\/pl\/submit\/"]}]},{"@type":"BreadcrumbList","@id":"https:\/\/whospopular.com\/pl\/submit\/#breadcrumb","itemListElement":[{"@type":"ListItem","position":1,"name":"Strona g\u0142\u00f3wna","item":"https:\/\/whospopular.com\/pl\/"},{"@type":"ListItem","position":2,"name":"Zg\u0142o\u015b Celebryt\u0119"}]},{"@type":"WebSite","@id":"https:\/\/whospopular.com\/pl\/#website","url":"https:\/\/whospopular.com\/pl\/","name":"Who's Popular","description":"\u015aled\u017a najpopularniejsze gwiazdy i influencer\u00f3w","publisher":{"@id":"https:\/\/whospopular.com\/pl\/#organization"},"alternateName":"Whos Polular","potentialAction":[{"@type":"SearchAction","target":{"@type":"EntryPoint","urlTemplate":"https:\/\/whospopular.com\/pl\/?s={search_term_string}"},"query-input":{"@type":"PropertyValueSpecification","valueRequired":true,"valueName":"search_term_string"}}],"inLanguage":"pl-PL"},{"@type":"Organization","@id":"https:\/\/whospopular.com\/pl\/#organization","name":"Who's Popular","alternateName":"Whos Popular","url":"https:\/\/whospopular.com\/pl\/","logo":{"@type":"ImageObject","inLanguage":"pl-PL","@id":"https:\/\/whospopular.com\/pl\/#\/schema\/logo\/image\/","url":"https:\/\/whospopular.com\/pl\/wp-content\/uploads\/2024\/06\/Whos-Popular-wht.png","contentUrl":"https:\/\/whospopular.com\/pl\/wp-content\/uploads\/2024\/06\/Whos-Popular-wht.png","width":1280,"height":224,"caption":"Who's Popular"},"image":{"@id":"https:\/\/whospopular.com\/pl\/#\/schema\/logo\/image\/"}}]}},"jetpack_sharing_enabled":true,"_links":{"self":[{"href":"https:\/\/whospopular.com\/pl\/wp-json\/wp\/v2\/pages\/1017","targetHints":{"allow":["GET"]}}],"collection":[{"href":"https:\/\/whospopular.com\/pl\/wp-json\/wp\/v2\/pages"}],"about":[{"href":"https:\/\/whospopular.com\/pl\/wp-json\/wp\/v2\/types\/page"}],"author":[{"embeddable":true,"href":"https:\/\/whospopular.com\/pl\/wp-json\/wp\/v2\/users\/1"}],"replies":[{"embeddable":true,"href":"https:\/\/whospopular.com\/pl\/wp-json\/wp\/v2\/comments?post=1017"}],"version-history":[{"count":4,"href":"https:\/\/whospopular.com\/pl\/wp-json\/wp\/v2\/pages\/1017\/revisions"}],"predecessor-version":[{"id":1251,"href":"https:\/\/whospopular.com\/pl\/wp-json\/wp\/v2\/pages\/1017\/revisions\/1251"}],"wp:attachment":[{"href":"https:\/\/whospopular.com\/pl\/wp-json\/wp\/v2\/media?parent=1017"}],"curies":[{"name":"wp","href":"https:\/\/api.w.org\/{rel}","templated":true}]}}