{"id":9,"date":"2024-06-23T10:45:01","date_gmt":"2024-06-23T10:45:01","guid":{"rendered":"https:\/\/whospopular.com\/?page_id=9"},"modified":"2024-08-06T20:01:51","modified_gmt":"2024-08-06T20:01:51","slug":"homepage","status":"publish","type":"page","link":"https:\/\/whospopular.com\/fr\/","title":{"rendered":"Page d&rsquo;accueil"},"content":{"rendered":"","protected":false},"excerpt":{"rendered":"","protected":false},"author":1,"featured_media":0,"parent":0,"menu_order":0,"comment_status":"closed","ping_status":"closed","template":"page-templates\/knowledgebase.php","meta":{"iawp_total_views":348,"footnotes":""},"class_list":["post-9","page","type-page","status-publish","hentry"],"yoast_head":"<!-- This site is optimized with the Yoast SEO plugin v24.1 - https:\/\/yoast.com\/wordpress\/plugins\/seo\/ -->\n<title>Who&#039;s Popular - Suivez les c\u00e9l\u00e9brit\u00e9s et influenceurs tendances<\/title>\n<meta name=\"description\" content=\"D\u00e9couvrez les derni\u00e8res personnalit\u00e9s populaires avec Who&#039;s Popular. Restez \u00e0 jour sur les c\u00e9l\u00e9brit\u00e9s, les influenceurs, les cr\u00e9ateurs de contenu et bien plus encore !\" \/>\n<meta name=\"robots\" content=\"index, follow, max-snippet:-1, max-image-preview:large, max-video-preview:-1\" \/>\n<link rel=\"canonical\" href=\"https:\/\/whospopular.com\/fr\/\" \/>\n<meta property=\"og:locale\" content=\"fr_FR\" \/>\n<meta property=\"og:type\" content=\"article\" \/>\n<meta property=\"og:title\" content=\"Who&#039;s Popular - Suivez les c\u00e9l\u00e9brit\u00e9s et influenceurs tendances\" \/>\n<meta property=\"og:description\" content=\"D\u00e9couvrez les derni\u00e8res personnalit\u00e9s populaires avec Who&#039;s Popular. Restez \u00e0 jour sur les c\u00e9l\u00e9brit\u00e9s, les influenceurs, les cr\u00e9ateurs de contenu et bien plus encore !\" \/>\n<meta property=\"og:url\" content=\"https:\/\/whospopular.com\/fr\/\" \/>\n<meta property=\"og:site_name\" content=\"Whos Popular\" \/>\n<meta property=\"article:modified_time\" content=\"2024-08-06T20:01:51+00:00\" \/>\n<meta name=\"twitter:card\" content=\"summary_large_image\" \/>\n<script type=\"application\/ld+json\" class=\"yoast-schema-graph\">{\"@context\":\"https:\/\/schema.org\",\"@graph\":[{\"@type\":\"WebPage\",\"@id\":\"https:\/\/whospopular.com\/fr\/\",\"url\":\"https:\/\/whospopular.com\/fr\/\",\"name\":\"Who's Popular - Suivez les c\u00e9l\u00e9brit\u00e9s et influenceurs tendances\",\"isPartOf\":{\"@id\":\"https:\/\/whospopular.com\/fr\/#website\"},\"datePublished\":\"2024-06-23T10:45:01+00:00\",\"dateModified\":\"2024-08-06T20:01:51+00:00\",\"description\":\"D\u00e9couvrez les derni\u00e8res personnalit\u00e9s populaires avec Who's Popular. Restez \u00e0 jour sur les c\u00e9l\u00e9brit\u00e9s, les influenceurs, les cr\u00e9ateurs de contenu et bien plus encore !\",\"breadcrumb\":{\"@id\":\"https:\/\/whospopular.com\/fr\/#breadcrumb\"},\"inLanguage\":\"fr-FR\",\"potentialAction\":[{\"@type\":\"ReadAction\",\"target\":[\"https:\/\/whospopular.com\/fr\/\"]}]},{\"@type\":\"BreadcrumbList\",\"@id\":\"https:\/\/whospopular.com\/fr\/#breadcrumb\",\"itemListElement\":[{\"@type\":\"ListItem\",\"position\":1,\"name\":\"Page d'accueil\",\"item\":\"https:\/\/whospopular.com\/fr\/\"},{\"@type\":\"ListItem\",\"position\":2,\"name\":\"Page d&#8217;accueil\"}]},{\"@type\":\"WebSite\",\"@id\":\"https:\/\/whospopular.com\/fr\/#website\",\"url\":\"https:\/\/whospopular.com\/fr\/\",\"name\":\"Who's Popular\",\"description\":\"Suivez les c\u00e9l\u00e9brit\u00e9s et influenceurs en vogue\",\"publisher\":{\"@id\":\"https:\/\/whospopular.com\/fr\/#organization\"},\"alternateName\":\"Whos Polular\",\"potentialAction\":[{\"@type\":\"SearchAction\",\"target\":{\"@type\":\"EntryPoint\",\"urlTemplate\":\"https:\/\/whospopular.com\/fr\/?s={search_term_string}\"},\"query-input\":{\"@type\":\"PropertyValueSpecification\",\"valueRequired\":true,\"valueName\":\"search_term_string\"}}],\"inLanguage\":\"fr-FR\"},{\"@type\":\"Organization\",\"@id\":\"https:\/\/whospopular.com\/fr\/#organization\",\"name\":\"Who's Popular\",\"alternateName\":\"Whos Popular\",\"url\":\"https:\/\/whospopular.com\/fr\/\",\"logo\":{\"@type\":\"ImageObject\",\"inLanguage\":\"fr-FR\",\"@id\":\"https:\/\/whospopular.com\/fr\/#\/schema\/logo\/image\/\",\"url\":\"https:\/\/whospopular.com\/fr\/wp-content\/uploads\/2024\/06\/Whos-Popular-wht.png\",\"contentUrl\":\"https:\/\/whospopular.com\/fr\/wp-content\/uploads\/2024\/06\/Whos-Popular-wht.png\",\"width\":1280,\"height\":224,\"caption\":\"Who's Popular\"},\"image\":{\"@id\":\"https:\/\/whospopular.com\/fr\/#\/schema\/logo\/image\/\"}}]}<\/script>\n<!-- \/ Yoast SEO plugin. -->","yoast_head_json":{"title":"Who's Popular - Suivez les c\u00e9l\u00e9brit\u00e9s et influenceurs tendances","description":"D\u00e9couvrez les derni\u00e8res personnalit\u00e9s populaires avec Who's Popular. Restez \u00e0 jour sur les c\u00e9l\u00e9brit\u00e9s, les influenceurs, les cr\u00e9ateurs de contenu et bien plus encore !","robots":{"index":"index","follow":"follow","max-snippet":"max-snippet:-1","max-image-preview":"max-image-preview:large","max-video-preview":"max-video-preview:-1"},"canonical":"https:\/\/whospopular.com\/fr\/","og_locale":"fr_FR","og_type":"article","og_title":"Who's Popular - Suivez les c\u00e9l\u00e9brit\u00e9s et influenceurs tendances","og_description":"D\u00e9couvrez les derni\u00e8res personnalit\u00e9s populaires avec Who's Popular. Restez \u00e0 jour sur les c\u00e9l\u00e9brit\u00e9s, les influenceurs, les cr\u00e9ateurs de contenu et bien plus encore !","og_url":"https:\/\/whospopular.com\/fr\/","og_site_name":"Whos Popular","article_modified_time":"2024-08-06T20:01:51+00:00","twitter_card":"summary_large_image","schema":{"@context":"https:\/\/schema.org","@graph":[{"@type":"WebPage","@id":"https:\/\/whospopular.com\/fr\/","url":"https:\/\/whospopular.com\/fr\/","name":"Who's Popular - Suivez les c\u00e9l\u00e9brit\u00e9s et influenceurs tendances","isPartOf":{"@id":"https:\/\/whospopular.com\/fr\/#website"},"datePublished":"2024-06-23T10:45:01+00:00","dateModified":"2024-08-06T20:01:51+00:00","description":"D\u00e9couvrez les derni\u00e8res personnalit\u00e9s populaires avec Who's Popular. Restez \u00e0 jour sur les c\u00e9l\u00e9brit\u00e9s, les influenceurs, les cr\u00e9ateurs de contenu et bien plus encore !","breadcrumb":{"@id":"https:\/\/whospopular.com\/fr\/#breadcrumb"},"inLanguage":"fr-FR","potentialAction":[{"@type":"ReadAction","target":["https:\/\/whospopular.com\/fr\/"]}]},{"@type":"BreadcrumbList","@id":"https:\/\/whospopular.com\/fr\/#breadcrumb","itemListElement":[{"@type":"ListItem","position":1,"name":"Page d'accueil","item":"https:\/\/whospopular.com\/fr\/"},{"@type":"ListItem","position":2,"name":"Page d&#8217;accueil"}]},{"@type":"WebSite","@id":"https:\/\/whospopular.com\/fr\/#website","url":"https:\/\/whospopular.com\/fr\/","name":"Who's Popular","description":"Suivez les c\u00e9l\u00e9brit\u00e9s et influenceurs en vogue","publisher":{"@id":"https:\/\/whospopular.com\/fr\/#organization"},"alternateName":"Whos Polular","potentialAction":[{"@type":"SearchAction","target":{"@type":"EntryPoint","urlTemplate":"https:\/\/whospopular.com\/fr\/?s={search_term_string}"},"query-input":{"@type":"PropertyValueSpecification","valueRequired":true,"valueName":"search_term_string"}}],"inLanguage":"fr-FR"},{"@type":"Organization","@id":"https:\/\/whospopular.com\/fr\/#organization","name":"Who's Popular","alternateName":"Whos Popular","url":"https:\/\/whospopular.com\/fr\/","logo":{"@type":"ImageObject","inLanguage":"fr-FR","@id":"https:\/\/whospopular.com\/fr\/#\/schema\/logo\/image\/","url":"https:\/\/whospopular.com\/fr\/wp-content\/uploads\/2024\/06\/Whos-Popular-wht.png","contentUrl":"https:\/\/whospopular.com\/fr\/wp-content\/uploads\/2024\/06\/Whos-Popular-wht.png","width":1280,"height":224,"caption":"Who's Popular"},"image":{"@id":"https:\/\/whospopular.com\/fr\/#\/schema\/logo\/image\/"}}]}},"jetpack_sharing_enabled":true,"_links":{"self":[{"href":"https:\/\/whospopular.com\/fr\/wp-json\/wp\/v2\/pages\/9","targetHints":{"allow":["GET"]}}],"collection":[{"href":"https:\/\/whospopular.com\/fr\/wp-json\/wp\/v2\/pages"}],"about":[{"href":"https:\/\/whospopular.com\/fr\/wp-json\/wp\/v2\/types\/page"}],"author":[{"embeddable":true,"href":"https:\/\/whospopular.com\/fr\/wp-json\/wp\/v2\/users\/1"}],"replies":[{"embeddable":true,"href":"https:\/\/whospopular.com\/fr\/wp-json\/wp\/v2\/comments?post=9"}],"version-history":[{"count":1,"href":"https:\/\/whospopular.com\/fr\/wp-json\/wp\/v2\/pages\/9\/revisions"}],"predecessor-version":[{"id":979,"href":"https:\/\/whospopular.com\/fr\/wp-json\/wp\/v2\/pages\/9\/revisions\/979"}],"wp:attachment":[{"href":"https:\/\/whospopular.com\/fr\/wp-json\/wp\/v2\/media?parent=9"}],"curies":[{"name":"wp","href":"https:\/\/api.w.org\/{rel}","templated":true}]}}