{"id":73,"date":"2024-06-23T20:12:46","date_gmt":"2024-06-23T20:12:46","guid":{"rendered":"https:\/\/whospopular.com\/?page_id=73"},"modified":"2024-07-28T20:48:43","modified_gmt":"2024-07-28T20:48:43","slug":"about","status":"publish","type":"page","link":"https:\/\/whospopular.com\/fr\/about\/","title":{"rendered":"\u00c0 propos de nous"},"content":{"rendered":"\n<p>Bienvenue sur <strong>Who&rsquo;s Popular<\/strong>, votre plateforme de r\u00e9f\u00e9rence pour promouvoir, reconna\u00eetre et c\u00e9l\u00e9brer une diversit\u00e9 de talents venus du monde entier. Notre mission est de mettre en lumi\u00e8re les artistes, auteurs, acteurs, personnalit\u00e9s publiques, cr\u00e9ateurs, influenceurs, et bien d&rsquo;autres encore, en cr\u00e9ant des profils uniques qui mettent en valeur leur personnalit\u00e9 et leurs r\u00e9alisations de la meilleure fa\u00e7on possible.<\/p>\n\n\n\n<p>Chez Who&rsquo;s Popular, nous croyons en la puissance de l&rsquo;\u00e9galit\u00e9 et de l&rsquo;unit\u00e9. Notre objectif principal est de combler le foss\u00e9 entre le public et les figures qui l&rsquo;inspirent. Nous nous effor\u00e7ons de cr\u00e9er un espace o\u00f9 les talents de tous horizons peuvent \u00eatre appr\u00e9ci\u00e9s et o\u00f9 chacun a la possibilit\u00e9 de se connecter avec les personnalit\u00e9s qu&rsquo;il admire.<\/p>\n\n\n\n<h3 class=\"wp-block-heading\">Ce Que Nous Faisons<\/h3>\n\n\n\n<p><strong>Promouvoir<\/strong>: Nous mettons en avant les r\u00e9alisations et les \u0153uvres de personnalit\u00e9s \u00e9mergentes et \u00e9tablies, leur offrant une plateforme pour atteindre un public plus large.<\/p>\n\n\n\n<p><strong>Reconna\u00eetre<\/strong>: Nous reconnaissons les efforts et les contributions des individus dans divers domaines, c\u00e9l\u00e9brant leur impact sur la soci\u00e9t\u00e9 et la culture.<\/p>\n\n\n\n<p><strong>C\u00e9l\u00e9brer<\/strong>: Nous cr\u00e9ons des profils engageants qui capturent l&rsquo;essence de chaque personnalit\u00e9, mettant en valeur leur parcours, leurs r\u00e9alisations et leurs qualit\u00e9s uniques.<\/p>\n\n\n\n<h3 class=\"wp-block-heading\">Notre Vision<\/h3>\n\n\n\n<p>Notre vision est de favoriser une communaut\u00e9 mondiale o\u00f9 les talents sont c\u00e9l\u00e9br\u00e9s et o\u00f9 les connexions se tissent. En promouvant l&rsquo;\u00e9galit\u00e9 et l&rsquo;unit\u00e9, nous visons \u00e0 cr\u00e9er un environnement de soutien qui encourage la cr\u00e9ativit\u00e9, l&rsquo;inspiration et le respect mutuel.<\/p>\n","protected":false},"excerpt":{"rendered":"<p>Bienvenue sur Who&rsquo;s Popular, votre plateforme de r&eacute;f&eacute;rence pour promouvoir, reconna&icirc;tre et c&eacute;l&eacute;brer une diversit&eacute; de talents venus du monde entier. Notre mission est de mettre en lumi&egrave;re les artistes, auteurs, acteurs, personnalit&eacute;s publiques, cr&eacute;ateurs, influenceurs, et bien d&rsquo;autres encore, en cr&eacute;ant des profils uniques qui mettent en valeur leur personnalit&eacute; et leurs r&eacute;alisations de [&hellip;]<\/p>\n","protected":false},"author":1,"featured_media":0,"parent":0,"menu_order":0,"comment_status":"closed","ping_status":"closed","template":"","meta":{"iawp_total_views":8,"footnotes":""},"class_list":["post-73","page","type-page","status-publish","hentry"],"yoast_head":"<!-- This site is optimized with the Yoast SEO plugin v24.1 - https:\/\/yoast.com\/wordpress\/plugins\/seo\/ -->\n<title>\u00c0 propos de nous - Whos Popular<\/title>\n<meta name=\"robots\" content=\"index, follow, max-snippet:-1, max-image-preview:large, max-video-preview:-1\" \/>\n<link rel=\"canonical\" href=\"https:\/\/whospopular.com\/fr\/about\/\" \/>\n<meta property=\"og:locale\" content=\"fr_FR\" \/>\n<meta property=\"og:type\" content=\"article\" \/>\n<meta property=\"og:title\" content=\"\u00c0 propos de nous - Whos Popular\" \/>\n<meta property=\"og:description\" content=\"Bienvenue sur Who&rsquo;s Popular, votre plateforme de r&eacute;f&eacute;rence pour promouvoir, reconna&icirc;tre et c&eacute;l&eacute;brer une diversit&eacute; de talents venus du monde entier. Notre mission est de mettre en lumi&egrave;re les artistes, auteurs, acteurs, personnalit&eacute;s publiques, cr&eacute;ateurs, influenceurs, et bien d&rsquo;autres encore, en cr&eacute;ant des profils uniques qui mettent en valeur leur personnalit&eacute; et leurs r&eacute;alisations de [&hellip;]\" \/>\n<meta property=\"og:url\" content=\"https:\/\/whospopular.com\/fr\/about\/\" \/>\n<meta property=\"og:site_name\" content=\"Whos Popular\" \/>\n<meta property=\"article:modified_time\" content=\"2024-07-28T20:48:43+00:00\" \/>\n<meta name=\"twitter:card\" content=\"summary_large_image\" \/>\n<meta name=\"twitter:label1\" content=\"Dur\u00e9e de lecture estim\u00e9e\" \/>\n\t<meta name=\"twitter:data1\" content=\"2 minutes\" \/>\n<script type=\"application\/ld+json\" class=\"yoast-schema-graph\">{\"@context\":\"https:\/\/schema.org\",\"@graph\":[{\"@type\":\"WebPage\",\"@id\":\"https:\/\/whospopular.com\/fr\/about\/\",\"url\":\"https:\/\/whospopular.com\/fr\/about\/\",\"name\":\"\u00c0 propos de nous - Whos Popular\",\"isPartOf\":{\"@id\":\"https:\/\/whospopular.com\/fr\/#website\"},\"datePublished\":\"2024-06-23T20:12:46+00:00\",\"dateModified\":\"2024-07-28T20:48:43+00:00\",\"breadcrumb\":{\"@id\":\"https:\/\/whospopular.com\/fr\/about\/#breadcrumb\"},\"inLanguage\":\"fr-FR\",\"potentialAction\":[{\"@type\":\"ReadAction\",\"target\":[\"https:\/\/whospopular.com\/fr\/about\/\"]}]},{\"@type\":\"BreadcrumbList\",\"@id\":\"https:\/\/whospopular.com\/fr\/about\/#breadcrumb\",\"itemListElement\":[{\"@type\":\"ListItem\",\"position\":1,\"name\":\"Page d'accueil\",\"item\":\"https:\/\/whospopular.com\/fr\/\"},{\"@type\":\"ListItem\",\"position\":2,\"name\":\"\u00c0 propos de nous\"}]},{\"@type\":\"WebSite\",\"@id\":\"https:\/\/whospopular.com\/fr\/#website\",\"url\":\"https:\/\/whospopular.com\/fr\/\",\"name\":\"Who's Popular\",\"description\":\"Suivez les c\u00e9l\u00e9brit\u00e9s et influenceurs en vogue\",\"publisher\":{\"@id\":\"https:\/\/whospopular.com\/fr\/#organization\"},\"alternateName\":\"Whos Polular\",\"potentialAction\":[{\"@type\":\"SearchAction\",\"target\":{\"@type\":\"EntryPoint\",\"urlTemplate\":\"https:\/\/whospopular.com\/fr\/?s={search_term_string}\"},\"query-input\":{\"@type\":\"PropertyValueSpecification\",\"valueRequired\":true,\"valueName\":\"search_term_string\"}}],\"inLanguage\":\"fr-FR\"},{\"@type\":\"Organization\",\"@id\":\"https:\/\/whospopular.com\/fr\/#organization\",\"name\":\"Who's Popular\",\"alternateName\":\"Whos Popular\",\"url\":\"https:\/\/whospopular.com\/fr\/\",\"logo\":{\"@type\":\"ImageObject\",\"inLanguage\":\"fr-FR\",\"@id\":\"https:\/\/whospopular.com\/fr\/#\/schema\/logo\/image\/\",\"url\":\"https:\/\/whospopular.com\/fr\/wp-content\/uploads\/2024\/06\/Whos-Popular-wht.png\",\"contentUrl\":\"https:\/\/whospopular.com\/fr\/wp-content\/uploads\/2024\/06\/Whos-Popular-wht.png\",\"width\":1280,\"height\":224,\"caption\":\"Who's Popular\"},\"image\":{\"@id\":\"https:\/\/whospopular.com\/fr\/#\/schema\/logo\/image\/\"}}]}<\/script>\n<!-- \/ Yoast SEO plugin. -->","yoast_head_json":{"title":"\u00c0 propos de nous - Whos Popular","robots":{"index":"index","follow":"follow","max-snippet":"max-snippet:-1","max-image-preview":"max-image-preview:large","max-video-preview":"max-video-preview:-1"},"canonical":"https:\/\/whospopular.com\/fr\/about\/","og_locale":"fr_FR","og_type":"article","og_title":"\u00c0 propos de nous - Whos Popular","og_description":"Bienvenue sur Who&rsquo;s Popular, votre plateforme de r&eacute;f&eacute;rence pour promouvoir, reconna&icirc;tre et c&eacute;l&eacute;brer une diversit&eacute; de talents venus du monde entier. Notre mission est de mettre en lumi&egrave;re les artistes, auteurs, acteurs, personnalit&eacute;s publiques, cr&eacute;ateurs, influenceurs, et bien d&rsquo;autres encore, en cr&eacute;ant des profils uniques qui mettent en valeur leur personnalit&eacute; et leurs r&eacute;alisations de [&hellip;]","og_url":"https:\/\/whospopular.com\/fr\/about\/","og_site_name":"Whos Popular","article_modified_time":"2024-07-28T20:48:43+00:00","twitter_card":"summary_large_image","twitter_misc":{"Dur\u00e9e de lecture estim\u00e9e":"2 minutes"},"schema":{"@context":"https:\/\/schema.org","@graph":[{"@type":"WebPage","@id":"https:\/\/whospopular.com\/fr\/about\/","url":"https:\/\/whospopular.com\/fr\/about\/","name":"\u00c0 propos de nous - Whos Popular","isPartOf":{"@id":"https:\/\/whospopular.com\/fr\/#website"},"datePublished":"2024-06-23T20:12:46+00:00","dateModified":"2024-07-28T20:48:43+00:00","breadcrumb":{"@id":"https:\/\/whospopular.com\/fr\/about\/#breadcrumb"},"inLanguage":"fr-FR","potentialAction":[{"@type":"ReadAction","target":["https:\/\/whospopular.com\/fr\/about\/"]}]},{"@type":"BreadcrumbList","@id":"https:\/\/whospopular.com\/fr\/about\/#breadcrumb","itemListElement":[{"@type":"ListItem","position":1,"name":"Page d'accueil","item":"https:\/\/whospopular.com\/fr\/"},{"@type":"ListItem","position":2,"name":"\u00c0 propos de nous"}]},{"@type":"WebSite","@id":"https:\/\/whospopular.com\/fr\/#website","url":"https:\/\/whospopular.com\/fr\/","name":"Who's Popular","description":"Suivez les c\u00e9l\u00e9brit\u00e9s et influenceurs en vogue","publisher":{"@id":"https:\/\/whospopular.com\/fr\/#organization"},"alternateName":"Whos Polular","potentialAction":[{"@type":"SearchAction","target":{"@type":"EntryPoint","urlTemplate":"https:\/\/whospopular.com\/fr\/?s={search_term_string}"},"query-input":{"@type":"PropertyValueSpecification","valueRequired":true,"valueName":"search_term_string"}}],"inLanguage":"fr-FR"},{"@type":"Organization","@id":"https:\/\/whospopular.com\/fr\/#organization","name":"Who's Popular","alternateName":"Whos Popular","url":"https:\/\/whospopular.com\/fr\/","logo":{"@type":"ImageObject","inLanguage":"fr-FR","@id":"https:\/\/whospopular.com\/fr\/#\/schema\/logo\/image\/","url":"https:\/\/whospopular.com\/fr\/wp-content\/uploads\/2024\/06\/Whos-Popular-wht.png","contentUrl":"https:\/\/whospopular.com\/fr\/wp-content\/uploads\/2024\/06\/Whos-Popular-wht.png","width":1280,"height":224,"caption":"Who's Popular"},"image":{"@id":"https:\/\/whospopular.com\/fr\/#\/schema\/logo\/image\/"}}]}},"jetpack_sharing_enabled":true,"_links":{"self":[{"href":"https:\/\/whospopular.com\/fr\/wp-json\/wp\/v2\/pages\/73","targetHints":{"allow":["GET"]}}],"collection":[{"href":"https:\/\/whospopular.com\/fr\/wp-json\/wp\/v2\/pages"}],"about":[{"href":"https:\/\/whospopular.com\/fr\/wp-json\/wp\/v2\/types\/page"}],"author":[{"embeddable":true,"href":"https:\/\/whospopular.com\/fr\/wp-json\/wp\/v2\/users\/1"}],"replies":[{"embeddable":true,"href":"https:\/\/whospopular.com\/fr\/wp-json\/wp\/v2\/comments?post=73"}],"version-history":[{"count":1,"href":"https:\/\/whospopular.com\/fr\/wp-json\/wp\/v2\/pages\/73\/revisions"}],"predecessor-version":[{"id":970,"href":"https:\/\/whospopular.com\/fr\/wp-json\/wp\/v2\/pages\/73\/revisions\/970"}],"wp:attachment":[{"href":"https:\/\/whospopular.com\/fr\/wp-json\/wp\/v2\/media?parent=73"}],"curies":[{"name":"wp","href":"https:\/\/api.w.org\/{rel}","templated":true}]}}