{"id":3,"date":"2024-06-23T10:24:57","date_gmt":"2024-06-23T10:24:57","guid":{"rendered":"https:\/\/whospopular.com\/?page_id=3"},"modified":"2024-11-21T23:56:53","modified_gmt":"2024-11-21T23:56:53","slug":"privacy-policy","status":"publish","type":"page","link":"https:\/\/whospopular.com\/fr\/privacy-policy\/","title":{"rendered":"Politique de Confidentialit\u00e9"},"content":{"rendered":"\n<p>Chez Who&rsquo;s Popular, nous accordons une grande importance \u00e0 la protection de votre vie priv\u00e9e. Notre site Web en anglais met \u00e0 votre disposition des informations d\u00e9taill\u00e9es sur nos <a href=\"https:\/\/whospopular.com\/privacy-policy\/\">politiques de confidentialit\u00e9<\/a>. Si vous avez des questions concernant nos pratiques en mati\u00e8re de confidentialit\u00e9, n&rsquo;h\u00e9sitez pas \u00e0 remplir notre formulaire de contact.<\/p>\n\n\n\n<p>Merci.<\/p>\n","protected":false},"excerpt":{"rendered":"<p>Chez Who&rsquo;s Popular, nous accordons une grande importance &agrave; la protection de votre vie priv&eacute;e. Notre site Web en anglais met &agrave; votre disposition des informations d&eacute;taill&eacute;es sur nos politiques de confidentialit&eacute;. Si vous avez des questions concernant nos pratiques en mati&egrave;re de confidentialit&eacute;, n&rsquo;h&eacute;sitez pas &agrave; remplir notre formulaire de contact. Merci.<\/p>\n","protected":false},"author":1,"featured_media":0,"parent":0,"menu_order":0,"comment_status":"closed","ping_status":"open","template":"","meta":{"iawp_total_views":8,"footnotes":""},"class_list":["post-3","page","type-page","status-publish","hentry"],"yoast_head":"<!-- This site is optimized with the Yoast SEO plugin v24.1 - https:\/\/yoast.com\/wordpress\/plugins\/seo\/ -->\n<title>Politique de Confidentialit\u00e9 - Whos Popular<\/title>\n<meta name=\"robots\" content=\"index, follow, max-snippet:-1, max-image-preview:large, max-video-preview:-1\" \/>\n<link rel=\"canonical\" href=\"https:\/\/whospopular.com\/fr\/privacy-policy\/\" \/>\n<meta property=\"og:locale\" content=\"fr_FR\" \/>\n<meta property=\"og:type\" content=\"article\" \/>\n<meta property=\"og:title\" content=\"Politique de Confidentialit\u00e9 - Whos Popular\" \/>\n<meta property=\"og:description\" content=\"Chez Who&rsquo;s Popular, nous accordons une grande importance &agrave; la protection de votre vie priv&eacute;e. Notre site Web en anglais met &agrave; votre disposition des informations d&eacute;taill&eacute;es sur nos politiques de confidentialit&eacute;. Si vous avez des questions concernant nos pratiques en mati&egrave;re de confidentialit&eacute;, n&rsquo;h&eacute;sitez pas &agrave; remplir notre formulaire de contact. Merci.\" \/>\n<meta property=\"og:url\" content=\"https:\/\/whospopular.com\/fr\/privacy-policy\/\" \/>\n<meta property=\"og:site_name\" content=\"Whos Popular\" \/>\n<meta property=\"article:modified_time\" content=\"2024-11-21T23:56:53+00:00\" \/>\n<meta name=\"twitter:card\" content=\"summary_large_image\" \/>\n<meta name=\"twitter:label1\" content=\"Dur\u00e9e de lecture estim\u00e9e\" \/>\n\t<meta name=\"twitter:data1\" content=\"1 minute\" \/>\n<script type=\"application\/ld+json\" class=\"yoast-schema-graph\">{\"@context\":\"https:\/\/schema.org\",\"@graph\":[{\"@type\":\"WebPage\",\"@id\":\"https:\/\/whospopular.com\/fr\/privacy-policy\/\",\"url\":\"https:\/\/whospopular.com\/fr\/privacy-policy\/\",\"name\":\"Politique de Confidentialit\u00e9 - Whos Popular\",\"isPartOf\":{\"@id\":\"https:\/\/whospopular.com\/fr\/#website\"},\"datePublished\":\"2024-06-23T10:24:57+00:00\",\"dateModified\":\"2024-11-21T23:56:53+00:00\",\"breadcrumb\":{\"@id\":\"https:\/\/whospopular.com\/fr\/privacy-policy\/#breadcrumb\"},\"inLanguage\":\"fr-FR\",\"potentialAction\":[{\"@type\":\"ReadAction\",\"target\":[\"https:\/\/whospopular.com\/fr\/privacy-policy\/\"]}]},{\"@type\":\"BreadcrumbList\",\"@id\":\"https:\/\/whospopular.com\/fr\/privacy-policy\/#breadcrumb\",\"itemListElement\":[{\"@type\":\"ListItem\",\"position\":1,\"name\":\"Page d'accueil\",\"item\":\"https:\/\/whospopular.com\/fr\/\"},{\"@type\":\"ListItem\",\"position\":2,\"name\":\"Politique de Confidentialit\u00e9\"}]},{\"@type\":\"WebSite\",\"@id\":\"https:\/\/whospopular.com\/fr\/#website\",\"url\":\"https:\/\/whospopular.com\/fr\/\",\"name\":\"Who's Popular\",\"description\":\"Suivez les c\u00e9l\u00e9brit\u00e9s et influenceurs en vogue\",\"publisher\":{\"@id\":\"https:\/\/whospopular.com\/fr\/#organization\"},\"alternateName\":\"Whos Polular\",\"potentialAction\":[{\"@type\":\"SearchAction\",\"target\":{\"@type\":\"EntryPoint\",\"urlTemplate\":\"https:\/\/whospopular.com\/fr\/?s={search_term_string}\"},\"query-input\":{\"@type\":\"PropertyValueSpecification\",\"valueRequired\":true,\"valueName\":\"search_term_string\"}}],\"inLanguage\":\"fr-FR\"},{\"@type\":\"Organization\",\"@id\":\"https:\/\/whospopular.com\/fr\/#organization\",\"name\":\"Who's Popular\",\"alternateName\":\"Whos Popular\",\"url\":\"https:\/\/whospopular.com\/fr\/\",\"logo\":{\"@type\":\"ImageObject\",\"inLanguage\":\"fr-FR\",\"@id\":\"https:\/\/whospopular.com\/fr\/#\/schema\/logo\/image\/\",\"url\":\"https:\/\/whospopular.com\/fr\/wp-content\/uploads\/2024\/06\/Whos-Popular-wht.png\",\"contentUrl\":\"https:\/\/whospopular.com\/fr\/wp-content\/uploads\/2024\/06\/Whos-Popular-wht.png\",\"width\":1280,\"height\":224,\"caption\":\"Who's Popular\"},\"image\":{\"@id\":\"https:\/\/whospopular.com\/fr\/#\/schema\/logo\/image\/\"}}]}<\/script>\n<!-- \/ Yoast SEO plugin. -->","yoast_head_json":{"title":"Politique de Confidentialit\u00e9 - Whos Popular","robots":{"index":"index","follow":"follow","max-snippet":"max-snippet:-1","max-image-preview":"max-image-preview:large","max-video-preview":"max-video-preview:-1"},"canonical":"https:\/\/whospopular.com\/fr\/privacy-policy\/","og_locale":"fr_FR","og_type":"article","og_title":"Politique de Confidentialit\u00e9 - Whos Popular","og_description":"Chez Who&rsquo;s Popular, nous accordons une grande importance &agrave; la protection de votre vie priv&eacute;e. Notre site Web en anglais met &agrave; votre disposition des informations d&eacute;taill&eacute;es sur nos politiques de confidentialit&eacute;. Si vous avez des questions concernant nos pratiques en mati&egrave;re de confidentialit&eacute;, n&rsquo;h&eacute;sitez pas &agrave; remplir notre formulaire de contact. Merci.","og_url":"https:\/\/whospopular.com\/fr\/privacy-policy\/","og_site_name":"Whos Popular","article_modified_time":"2024-11-21T23:56:53+00:00","twitter_card":"summary_large_image","twitter_misc":{"Dur\u00e9e de lecture estim\u00e9e":"1 minute"},"schema":{"@context":"https:\/\/schema.org","@graph":[{"@type":"WebPage","@id":"https:\/\/whospopular.com\/fr\/privacy-policy\/","url":"https:\/\/whospopular.com\/fr\/privacy-policy\/","name":"Politique de Confidentialit\u00e9 - Whos Popular","isPartOf":{"@id":"https:\/\/whospopular.com\/fr\/#website"},"datePublished":"2024-06-23T10:24:57+00:00","dateModified":"2024-11-21T23:56:53+00:00","breadcrumb":{"@id":"https:\/\/whospopular.com\/fr\/privacy-policy\/#breadcrumb"},"inLanguage":"fr-FR","potentialAction":[{"@type":"ReadAction","target":["https:\/\/whospopular.com\/fr\/privacy-policy\/"]}]},{"@type":"BreadcrumbList","@id":"https:\/\/whospopular.com\/fr\/privacy-policy\/#breadcrumb","itemListElement":[{"@type":"ListItem","position":1,"name":"Page d'accueil","item":"https:\/\/whospopular.com\/fr\/"},{"@type":"ListItem","position":2,"name":"Politique de Confidentialit\u00e9"}]},{"@type":"WebSite","@id":"https:\/\/whospopular.com\/fr\/#website","url":"https:\/\/whospopular.com\/fr\/","name":"Who's Popular","description":"Suivez les c\u00e9l\u00e9brit\u00e9s et influenceurs en vogue","publisher":{"@id":"https:\/\/whospopular.com\/fr\/#organization"},"alternateName":"Whos Polular","potentialAction":[{"@type":"SearchAction","target":{"@type":"EntryPoint","urlTemplate":"https:\/\/whospopular.com\/fr\/?s={search_term_string}"},"query-input":{"@type":"PropertyValueSpecification","valueRequired":true,"valueName":"search_term_string"}}],"inLanguage":"fr-FR"},{"@type":"Organization","@id":"https:\/\/whospopular.com\/fr\/#organization","name":"Who's Popular","alternateName":"Whos Popular","url":"https:\/\/whospopular.com\/fr\/","logo":{"@type":"ImageObject","inLanguage":"fr-FR","@id":"https:\/\/whospopular.com\/fr\/#\/schema\/logo\/image\/","url":"https:\/\/whospopular.com\/fr\/wp-content\/uploads\/2024\/06\/Whos-Popular-wht.png","contentUrl":"https:\/\/whospopular.com\/fr\/wp-content\/uploads\/2024\/06\/Whos-Popular-wht.png","width":1280,"height":224,"caption":"Who's Popular"},"image":{"@id":"https:\/\/whospopular.com\/fr\/#\/schema\/logo\/image\/"}}]}},"jetpack_sharing_enabled":true,"_links":{"self":[{"href":"https:\/\/whospopular.com\/fr\/wp-json\/wp\/v2\/pages\/3","targetHints":{"allow":["GET"]}}],"collection":[{"href":"https:\/\/whospopular.com\/fr\/wp-json\/wp\/v2\/pages"}],"about":[{"href":"https:\/\/whospopular.com\/fr\/wp-json\/wp\/v2\/types\/page"}],"author":[{"embeddable":true,"href":"https:\/\/whospopular.com\/fr\/wp-json\/wp\/v2\/users\/1"}],"replies":[{"embeddable":true,"href":"https:\/\/whospopular.com\/fr\/wp-json\/wp\/v2\/comments?post=3"}],"version-history":[{"count":4,"href":"https:\/\/whospopular.com\/fr\/wp-json\/wp\/v2\/pages\/3\/revisions"}],"predecessor-version":[{"id":1255,"href":"https:\/\/whospopular.com\/fr\/wp-json\/wp\/v2\/pages\/3\/revisions\/1255"}],"wp:attachment":[{"href":"https:\/\/whospopular.com\/fr\/wp-json\/wp\/v2\/media?parent=3"}],"curies":[{"name":"wp","href":"https:\/\/api.w.org\/{rel}","templated":true}]}}