{"id":20,"date":"2024-06-23T11:25:45","date_gmt":"2024-06-23T11:25:45","guid":{"rendered":"https:\/\/whospopular.com\/?page_id=20"},"modified":"2024-07-28T21:00:23","modified_gmt":"2024-07-28T21:00:23","slug":"right-to-be-forgotten","status":"publish","type":"page","link":"https:\/\/whospopular.com\/fr\/right-to-be-forgotten\/","title":{"rendered":"Droit \u00e0 l&rsquo;oubli"},"content":{"rendered":"\n<p>Chez Who&rsquo;s Popular, nous c\u00e9l\u00e9brons les r\u00e9alisations des acteurs, artistes, cr\u00e9ateurs, politiciens, et bien d&rsquo;autres. Cependant, nous comprenons \u00e9galement que la reconnaissance s&rsquo;accompagne de l&rsquo;importance de la vie priv\u00e9e. Nous croyons que chacun devrait avoir le contr\u00f4le sur ses informations personnelles, y compris le droit d&rsquo;\u00eatre oubli\u00e9.<\/p>\n\n\n\n<p>Nous reconnaissons que la notori\u00e9t\u00e9 peut parfois avoir un co\u00fbt. Que vous souhaitiez vous retirer de l&rsquo;attention publique ou non, nous respectons votre d\u00e9cision. C&rsquo;est pourquoi nous offrons un processus simple pour retirer votre profil de notre site.<\/p>\n\n\n\n<p>Si vous souhaitez \u00eatre oubli\u00e9, il vous suffit de nous contacter \u00e0 cette <a href=\"mailto:editor@whospopular.com\">adresse e-mail<\/a>. Notre \u00e9quipe s&rsquo;engage \u00e0 traiter votre demande avec le plus grand respect pour votre vie priv\u00e9e et votre s\u00e9curit\u00e9. Nous garantissons une exp\u00e9rience sans tracas, en mettant vos besoins en premier.<\/p>\n\n\n\n<p>Chez Who&rsquo;s Popular, prot\u00e9ger votre vie priv\u00e9e n&rsquo;est pas seulement une politique ; c&rsquo;est notre engagement.<\/p>\n\n\n\n<p><strong>Assurance de Suppression des Donn\u00e9es<\/strong><\/p>\n\n\n\n<p>Toutes les donn\u00e9es soumises au cours du processus, ainsi que les informations de votre profil, seront d\u00e9finitivement supprim\u00e9es de notre site dans un d\u00e9lai de 30 jours ouvrables.<\/p>\n\n\n\n<p>De plus, nous conserverons des annotations concernant votre demande afin d&rsquo;\u00e9viter toute publication future vous concernant sans votre consentement.<\/p>\n","protected":false},"excerpt":{"rendered":"<p>Chez Who&rsquo;s Popular, nous c&eacute;l&eacute;brons les r&eacute;alisations des acteurs, artistes, cr&eacute;ateurs, politiciens, et bien d&rsquo;autres. Cependant, nous comprenons &eacute;galement que la reconnaissance s&rsquo;accompagne de l&rsquo;importance de la vie priv&eacute;e. Nous croyons que chacun devrait avoir le contr&ocirc;le sur ses informations personnelles, y compris le droit d&rsquo;&ecirc;tre oubli&eacute;. Nous reconnaissons que la notori&eacute;t&eacute; peut parfois avoir [&hellip;]<\/p>\n","protected":false},"author":1,"featured_media":0,"parent":0,"menu_order":0,"comment_status":"closed","ping_status":"closed","template":"","meta":{"iawp_total_views":10,"footnotes":""},"class_list":["post-20","page","type-page","status-publish","hentry"],"yoast_head":"<!-- This site is optimized with the Yoast SEO plugin v24.1 - https:\/\/yoast.com\/wordpress\/plugins\/seo\/ -->\n<title>Droit \u00e0 l&#039;oubli - Whos Popular<\/title>\n<meta name=\"robots\" content=\"index, follow, max-snippet:-1, max-image-preview:large, max-video-preview:-1\" \/>\n<link rel=\"canonical\" href=\"https:\/\/whospopular.com\/fr\/right-to-be-forgotten\/\" \/>\n<meta property=\"og:locale\" content=\"fr_FR\" \/>\n<meta property=\"og:type\" content=\"article\" \/>\n<meta property=\"og:title\" content=\"Droit \u00e0 l&#039;oubli - Whos Popular\" \/>\n<meta property=\"og:description\" content=\"Chez Who&rsquo;s Popular, nous c&eacute;l&eacute;brons les r&eacute;alisations des acteurs, artistes, cr&eacute;ateurs, politiciens, et bien d&rsquo;autres. Cependant, nous comprenons &eacute;galement que la reconnaissance s&rsquo;accompagne de l&rsquo;importance de la vie priv&eacute;e. Nous croyons que chacun devrait avoir le contr&ocirc;le sur ses informations personnelles, y compris le droit d&rsquo;&ecirc;tre oubli&eacute;. Nous reconnaissons que la notori&eacute;t&eacute; peut parfois avoir [&hellip;]\" \/>\n<meta property=\"og:url\" content=\"https:\/\/whospopular.com\/fr\/right-to-be-forgotten\/\" \/>\n<meta property=\"og:site_name\" content=\"Whos Popular\" \/>\n<meta property=\"article:modified_time\" content=\"2024-07-28T21:00:23+00:00\" \/>\n<meta name=\"twitter:card\" content=\"summary_large_image\" \/>\n<meta name=\"twitter:label1\" content=\"Dur\u00e9e de lecture estim\u00e9e\" \/>\n\t<meta name=\"twitter:data1\" content=\"2 minutes\" \/>\n<script type=\"application\/ld+json\" class=\"yoast-schema-graph\">{\"@context\":\"https:\/\/schema.org\",\"@graph\":[{\"@type\":\"WebPage\",\"@id\":\"https:\/\/whospopular.com\/fr\/right-to-be-forgotten\/\",\"url\":\"https:\/\/whospopular.com\/fr\/right-to-be-forgotten\/\",\"name\":\"Droit \u00e0 l'oubli - Whos Popular\",\"isPartOf\":{\"@id\":\"https:\/\/whospopular.com\/fr\/#website\"},\"datePublished\":\"2024-06-23T11:25:45+00:00\",\"dateModified\":\"2024-07-28T21:00:23+00:00\",\"breadcrumb\":{\"@id\":\"https:\/\/whospopular.com\/fr\/right-to-be-forgotten\/#breadcrumb\"},\"inLanguage\":\"fr-FR\",\"potentialAction\":[{\"@type\":\"ReadAction\",\"target\":[\"https:\/\/whospopular.com\/fr\/right-to-be-forgotten\/\"]}]},{\"@type\":\"BreadcrumbList\",\"@id\":\"https:\/\/whospopular.com\/fr\/right-to-be-forgotten\/#breadcrumb\",\"itemListElement\":[{\"@type\":\"ListItem\",\"position\":1,\"name\":\"Page d'accueil\",\"item\":\"https:\/\/whospopular.com\/fr\/\"},{\"@type\":\"ListItem\",\"position\":2,\"name\":\"Droit \u00e0 l&#8217;oubli\"}]},{\"@type\":\"WebSite\",\"@id\":\"https:\/\/whospopular.com\/fr\/#website\",\"url\":\"https:\/\/whospopular.com\/fr\/\",\"name\":\"Who's Popular\",\"description\":\"Suivez les c\u00e9l\u00e9brit\u00e9s et influenceurs en vogue\",\"publisher\":{\"@id\":\"https:\/\/whospopular.com\/fr\/#organization\"},\"alternateName\":\"Whos Polular\",\"potentialAction\":[{\"@type\":\"SearchAction\",\"target\":{\"@type\":\"EntryPoint\",\"urlTemplate\":\"https:\/\/whospopular.com\/fr\/?s={search_term_string}\"},\"query-input\":{\"@type\":\"PropertyValueSpecification\",\"valueRequired\":true,\"valueName\":\"search_term_string\"}}],\"inLanguage\":\"fr-FR\"},{\"@type\":\"Organization\",\"@id\":\"https:\/\/whospopular.com\/fr\/#organization\",\"name\":\"Who's Popular\",\"alternateName\":\"Whos Popular\",\"url\":\"https:\/\/whospopular.com\/fr\/\",\"logo\":{\"@type\":\"ImageObject\",\"inLanguage\":\"fr-FR\",\"@id\":\"https:\/\/whospopular.com\/fr\/#\/schema\/logo\/image\/\",\"url\":\"https:\/\/whospopular.com\/fr\/wp-content\/uploads\/2024\/06\/Whos-Popular-wht.png\",\"contentUrl\":\"https:\/\/whospopular.com\/fr\/wp-content\/uploads\/2024\/06\/Whos-Popular-wht.png\",\"width\":1280,\"height\":224,\"caption\":\"Who's Popular\"},\"image\":{\"@id\":\"https:\/\/whospopular.com\/fr\/#\/schema\/logo\/image\/\"}}]}<\/script>\n<!-- \/ Yoast SEO plugin. -->","yoast_head_json":{"title":"Droit \u00e0 l'oubli - Whos Popular","robots":{"index":"index","follow":"follow","max-snippet":"max-snippet:-1","max-image-preview":"max-image-preview:large","max-video-preview":"max-video-preview:-1"},"canonical":"https:\/\/whospopular.com\/fr\/right-to-be-forgotten\/","og_locale":"fr_FR","og_type":"article","og_title":"Droit \u00e0 l'oubli - Whos Popular","og_description":"Chez Who&rsquo;s Popular, nous c&eacute;l&eacute;brons les r&eacute;alisations des acteurs, artistes, cr&eacute;ateurs, politiciens, et bien d&rsquo;autres. Cependant, nous comprenons &eacute;galement que la reconnaissance s&rsquo;accompagne de l&rsquo;importance de la vie priv&eacute;e. Nous croyons que chacun devrait avoir le contr&ocirc;le sur ses informations personnelles, y compris le droit d&rsquo;&ecirc;tre oubli&eacute;. Nous reconnaissons que la notori&eacute;t&eacute; peut parfois avoir [&hellip;]","og_url":"https:\/\/whospopular.com\/fr\/right-to-be-forgotten\/","og_site_name":"Whos Popular","article_modified_time":"2024-07-28T21:00:23+00:00","twitter_card":"summary_large_image","twitter_misc":{"Dur\u00e9e de lecture estim\u00e9e":"2 minutes"},"schema":{"@context":"https:\/\/schema.org","@graph":[{"@type":"WebPage","@id":"https:\/\/whospopular.com\/fr\/right-to-be-forgotten\/","url":"https:\/\/whospopular.com\/fr\/right-to-be-forgotten\/","name":"Droit \u00e0 l'oubli - Whos Popular","isPartOf":{"@id":"https:\/\/whospopular.com\/fr\/#website"},"datePublished":"2024-06-23T11:25:45+00:00","dateModified":"2024-07-28T21:00:23+00:00","breadcrumb":{"@id":"https:\/\/whospopular.com\/fr\/right-to-be-forgotten\/#breadcrumb"},"inLanguage":"fr-FR","potentialAction":[{"@type":"ReadAction","target":["https:\/\/whospopular.com\/fr\/right-to-be-forgotten\/"]}]},{"@type":"BreadcrumbList","@id":"https:\/\/whospopular.com\/fr\/right-to-be-forgotten\/#breadcrumb","itemListElement":[{"@type":"ListItem","position":1,"name":"Page d'accueil","item":"https:\/\/whospopular.com\/fr\/"},{"@type":"ListItem","position":2,"name":"Droit \u00e0 l&#8217;oubli"}]},{"@type":"WebSite","@id":"https:\/\/whospopular.com\/fr\/#website","url":"https:\/\/whospopular.com\/fr\/","name":"Who's Popular","description":"Suivez les c\u00e9l\u00e9brit\u00e9s et influenceurs en vogue","publisher":{"@id":"https:\/\/whospopular.com\/fr\/#organization"},"alternateName":"Whos Polular","potentialAction":[{"@type":"SearchAction","target":{"@type":"EntryPoint","urlTemplate":"https:\/\/whospopular.com\/fr\/?s={search_term_string}"},"query-input":{"@type":"PropertyValueSpecification","valueRequired":true,"valueName":"search_term_string"}}],"inLanguage":"fr-FR"},{"@type":"Organization","@id":"https:\/\/whospopular.com\/fr\/#organization","name":"Who's Popular","alternateName":"Whos Popular","url":"https:\/\/whospopular.com\/fr\/","logo":{"@type":"ImageObject","inLanguage":"fr-FR","@id":"https:\/\/whospopular.com\/fr\/#\/schema\/logo\/image\/","url":"https:\/\/whospopular.com\/fr\/wp-content\/uploads\/2024\/06\/Whos-Popular-wht.png","contentUrl":"https:\/\/whospopular.com\/fr\/wp-content\/uploads\/2024\/06\/Whos-Popular-wht.png","width":1280,"height":224,"caption":"Who's Popular"},"image":{"@id":"https:\/\/whospopular.com\/fr\/#\/schema\/logo\/image\/"}}]}},"jetpack_sharing_enabled":true,"_links":{"self":[{"href":"https:\/\/whospopular.com\/fr\/wp-json\/wp\/v2\/pages\/20","targetHints":{"allow":["GET"]}}],"collection":[{"href":"https:\/\/whospopular.com\/fr\/wp-json\/wp\/v2\/pages"}],"about":[{"href":"https:\/\/whospopular.com\/fr\/wp-json\/wp\/v2\/types\/page"}],"author":[{"embeddable":true,"href":"https:\/\/whospopular.com\/fr\/wp-json\/wp\/v2\/users\/1"}],"replies":[{"embeddable":true,"href":"https:\/\/whospopular.com\/fr\/wp-json\/wp\/v2\/comments?post=20"}],"version-history":[{"count":2,"href":"https:\/\/whospopular.com\/fr\/wp-json\/wp\/v2\/pages\/20\/revisions"}],"predecessor-version":[{"id":1254,"href":"https:\/\/whospopular.com\/fr\/wp-json\/wp\/v2\/pages\/20\/revisions\/1254"}],"wp:attachment":[{"href":"https:\/\/whospopular.com\/fr\/wp-json\/wp\/v2\/media?parent=20"}],"curies":[{"name":"wp","href":"https:\/\/api.w.org\/{rel}","templated":true}]}}