{"id":1119,"date":"2024-08-03T15:37:29","date_gmt":"2024-08-03T15:37:29","guid":{"rendered":"https:\/\/whospopular.com\/fr\/?page_id=1119"},"modified":"2024-08-03T15:37:31","modified_gmt":"2024-08-03T15:37:31","slug":"submit","status":"publish","type":"page","link":"https:\/\/whospopular.com\/fr\/submit\/","title":{"rendered":"Soumettez une C\u00e9l\u00e9brit\u00e9"},"content":{"rendered":"\n<h2 class=\"wp-block-heading\">Partagez Vos Id\u00e9es avec Nous !<\/h2>\n\n\n\n<p>Nous adorons entendre nos lecteurs ! Si vous avez en t\u00eate une c\u00e9l\u00e9brit\u00e9, un influenceur ou une personnalit\u00e9 publique que vous aimeriez voir en vedette dans un article sur notre blog, vous \u00eates au bon endroit. Vos suggestions nous aident \u00e0 cr\u00e9er du contenu qui r\u00e9sonne avec notre audience et maintient notre blog frais et passionnant.<\/p>\n\n\n\n<h2 class=\"wp-block-heading\">Pourquoi Soumettre une Proposition ?<\/h2>\n\n\n\n<ul class=\"wp-block-list\">\n<li><strong>Votre Voix Compte<\/strong> : C\u2019est votre chance d\u2019influencer les sujets que nous couvrons et de mettre en avant des individus qui vous passionnent.<\/li>\n\n\n\n<li><strong>Restez Inform\u00e9<\/strong> : En sugg\u00e9rant des noms, vous nous aidez \u00e0 d\u00e9couvrir des talents \u00e9mergents et des figures \u00e9tablies qui m\u00e9ritent plus de reconnaissance.<\/li>\n\n\n\n<li><strong>Engagez-vous avec Notre Communaut\u00e9<\/strong> : Vos contributions favorisent une communaut\u00e9 dynamique o\u00f9 les int\u00e9r\u00eats de chacun sont repr\u00e9sent\u00e9s.<\/li>\n<\/ul>\n\n\n\n<h2 class=\"wp-block-heading\">Comment Soumettre<\/h2>\n\n\n\n<p>Veuillez trouver ci-dessous un format de soumission avec les d\u00e9tails de la c\u00e9l\u00e9brit\u00e9, de l&rsquo;influenceur ou de la personnalit\u00e9 publique que vous souhaitez que nous consid\u00e9rions.<\/p>\n\n\n\n<h2 class=\"wp-block-heading\">Formulaire de Soumission<\/h2>\n\n\n\n<ul class=\"wp-block-list\">\n<li><strong>Nom de la C\u00e9l\u00e9brit\u00e9\/Influenceur\/Personnalit\u00e9 Publique<\/strong> :<br>(Veuillez fournir le nom complet)<\/li>\n\n\n\n<li><strong>Pourquoi Vous Pensez Qu\u2019Ils Devraient \u00catre en Vedette<\/strong> :<br>(Partagez une br\u00e8ve explication de pourquoi cette personne est remarquable ou int\u00e9ressante)<\/li>\n\n\n\n<li><strong>Tous Sujets ou Angles Sp\u00e9cifiques que Vous Souhaitez que Nous Explorions<\/strong> :<br>(Faites-nous savoir s\u2019il y a un aspect particulier de leur vie ou de leur carri\u00e8re sur lequel vous souhaitez que nous nous concentrions)<\/li>\n\n\n\n<li><strong>Votre Nom<\/strong> (Optionnel) :<br>(Nous aimerions savoir qui vous \u00eates, mais ce n\u2019est pas obligatoire !)<\/li>\n\n\n\n<li><strong>Votre Email<\/strong> (Optionnel) :<br>(Si vous souhaitez que nous vous recontactions au sujet de votre suggestion)<\/li>\n<\/ul>\n\n\n\n<h2 class=\"wp-block-heading\">Soumettez Votre Proposition<\/h2>\n\n\n\n<p>Envoyez tous ces d\u00e9tails \u00e0 notre \u00e9quipe \u00e9ditoriale <a href=\"mailto:editor@whospopular.com?subject=Soumettre%20une%20C\u00e9l\u00e9brit\u00e9\" target=\"_blank\" rel=\"noreferrer noopener nofollow\">> ici &lt;<\/a>.<\/p>\n\n\n\n<h2 class=\"wp-block-heading\">Que se Passe-t-il Ensuite ?<\/h2>\n\n\n\n<p>Une fois que vous aurez soumis votre proposition, notre \u00e9quipe \u00e9ditoriale l\u2019examinera. Bien que nous ne puissions garantir que chaque suggestion aboutira \u00e0 un article, nous appr\u00e9cions vraiment vos id\u00e9es et examinerons toutes les propositions avec soin. Vous pourriez bien voir votre suggestion mise en avant dans un prochain article !<\/p>\n\n\n\n<p>Merci de nous aider \u00e0 cr\u00e9er du contenu engageant qui refl\u00e8te les int\u00e9r\u00eats de notre communaut\u00e9. Nous avons h\u00e2te d\u2019entendre vos id\u00e9es !<\/p>\n","protected":false},"excerpt":{"rendered":"<p>Partagez Vos Id&eacute;es avec Nous ! Nous adorons entendre nos lecteurs ! Si vous avez en t&ecirc;te une c&eacute;l&eacute;brit&eacute;, un influenceur ou une personnalit&eacute; publique que vous aimeriez voir en vedette dans un article sur notre blog, vous &ecirc;tes au bon endroit. Vos suggestions nous aident &agrave; cr&eacute;er du contenu qui r&eacute;sonne avec notre audience [&hellip;]<\/p>\n","protected":false},"author":1,"featured_media":0,"parent":0,"menu_order":0,"comment_status":"closed","ping_status":"closed","template":"","meta":{"iawp_total_views":5,"footnotes":""},"class_list":["post-1119","page","type-page","status-publish","hentry"],"yoast_head":"<!-- This site is optimized with the Yoast SEO plugin v24.1 - https:\/\/yoast.com\/wordpress\/plugins\/seo\/ -->\n<title>Soumettez une C\u00e9l\u00e9brit\u00e9 - Whos Popular<\/title>\n<meta name=\"robots\" content=\"index, follow, max-snippet:-1, max-image-preview:large, max-video-preview:-1\" \/>\n<link rel=\"canonical\" href=\"https:\/\/whospopular.com\/fr\/submit\/\" \/>\n<meta property=\"og:locale\" content=\"fr_FR\" \/>\n<meta property=\"og:type\" content=\"article\" \/>\n<meta property=\"og:title\" content=\"Soumettez une C\u00e9l\u00e9brit\u00e9 - Whos Popular\" \/>\n<meta property=\"og:description\" content=\"Partagez Vos Id&eacute;es avec Nous ! Nous adorons entendre nos lecteurs ! Si vous avez en t&ecirc;te une c&eacute;l&eacute;brit&eacute;, un influenceur ou une personnalit&eacute; publique que vous aimeriez voir en vedette dans un article sur notre blog, vous &ecirc;tes au bon endroit. Vos suggestions nous aident &agrave; cr&eacute;er du contenu qui r&eacute;sonne avec notre audience [&hellip;]\" \/>\n<meta property=\"og:url\" content=\"https:\/\/whospopular.com\/fr\/submit\/\" \/>\n<meta property=\"og:site_name\" content=\"Whos Popular\" \/>\n<meta property=\"article:modified_time\" content=\"2024-08-03T15:37:31+00:00\" \/>\n<meta name=\"twitter:card\" content=\"summary_large_image\" \/>\n<meta name=\"twitter:label1\" content=\"Dur\u00e9e de lecture estim\u00e9e\" \/>\n\t<meta name=\"twitter:data1\" content=\"2 minutes\" \/>\n<script type=\"application\/ld+json\" class=\"yoast-schema-graph\">{\"@context\":\"https:\/\/schema.org\",\"@graph\":[{\"@type\":\"WebPage\",\"@id\":\"https:\/\/whospopular.com\/fr\/submit\/\",\"url\":\"https:\/\/whospopular.com\/fr\/submit\/\",\"name\":\"Soumettez une C\u00e9l\u00e9brit\u00e9 - Whos Popular\",\"isPartOf\":{\"@id\":\"https:\/\/whospopular.com\/fr\/#website\"},\"datePublished\":\"2024-08-03T15:37:29+00:00\",\"dateModified\":\"2024-08-03T15:37:31+00:00\",\"breadcrumb\":{\"@id\":\"https:\/\/whospopular.com\/fr\/submit\/#breadcrumb\"},\"inLanguage\":\"fr-FR\",\"potentialAction\":[{\"@type\":\"ReadAction\",\"target\":[\"https:\/\/whospopular.com\/fr\/submit\/\"]}]},{\"@type\":\"BreadcrumbList\",\"@id\":\"https:\/\/whospopular.com\/fr\/submit\/#breadcrumb\",\"itemListElement\":[{\"@type\":\"ListItem\",\"position\":1,\"name\":\"Page d'accueil\",\"item\":\"https:\/\/whospopular.com\/fr\/\"},{\"@type\":\"ListItem\",\"position\":2,\"name\":\"Soumettez une C\u00e9l\u00e9brit\u00e9\"}]},{\"@type\":\"WebSite\",\"@id\":\"https:\/\/whospopular.com\/fr\/#website\",\"url\":\"https:\/\/whospopular.com\/fr\/\",\"name\":\"Who's Popular\",\"description\":\"Suivez les c\u00e9l\u00e9brit\u00e9s et influenceurs en vogue\",\"publisher\":{\"@id\":\"https:\/\/whospopular.com\/fr\/#organization\"},\"alternateName\":\"Whos Polular\",\"potentialAction\":[{\"@type\":\"SearchAction\",\"target\":{\"@type\":\"EntryPoint\",\"urlTemplate\":\"https:\/\/whospopular.com\/fr\/?s={search_term_string}\"},\"query-input\":{\"@type\":\"PropertyValueSpecification\",\"valueRequired\":true,\"valueName\":\"search_term_string\"}}],\"inLanguage\":\"fr-FR\"},{\"@type\":\"Organization\",\"@id\":\"https:\/\/whospopular.com\/fr\/#organization\",\"name\":\"Who's Popular\",\"alternateName\":\"Whos Popular\",\"url\":\"https:\/\/whospopular.com\/fr\/\",\"logo\":{\"@type\":\"ImageObject\",\"inLanguage\":\"fr-FR\",\"@id\":\"https:\/\/whospopular.com\/fr\/#\/schema\/logo\/image\/\",\"url\":\"https:\/\/whospopular.com\/fr\/wp-content\/uploads\/2024\/06\/Whos-Popular-wht.png\",\"contentUrl\":\"https:\/\/whospopular.com\/fr\/wp-content\/uploads\/2024\/06\/Whos-Popular-wht.png\",\"width\":1280,\"height\":224,\"caption\":\"Who's Popular\"},\"image\":{\"@id\":\"https:\/\/whospopular.com\/fr\/#\/schema\/logo\/image\/\"}}]}<\/script>\n<!-- \/ Yoast SEO plugin. -->","yoast_head_json":{"title":"Soumettez une C\u00e9l\u00e9brit\u00e9 - Whos Popular","robots":{"index":"index","follow":"follow","max-snippet":"max-snippet:-1","max-image-preview":"max-image-preview:large","max-video-preview":"max-video-preview:-1"},"canonical":"https:\/\/whospopular.com\/fr\/submit\/","og_locale":"fr_FR","og_type":"article","og_title":"Soumettez une C\u00e9l\u00e9brit\u00e9 - Whos Popular","og_description":"Partagez Vos Id&eacute;es avec Nous ! Nous adorons entendre nos lecteurs ! Si vous avez en t&ecirc;te une c&eacute;l&eacute;brit&eacute;, un influenceur ou une personnalit&eacute; publique que vous aimeriez voir en vedette dans un article sur notre blog, vous &ecirc;tes au bon endroit. Vos suggestions nous aident &agrave; cr&eacute;er du contenu qui r&eacute;sonne avec notre audience [&hellip;]","og_url":"https:\/\/whospopular.com\/fr\/submit\/","og_site_name":"Whos Popular","article_modified_time":"2024-08-03T15:37:31+00:00","twitter_card":"summary_large_image","twitter_misc":{"Dur\u00e9e de lecture estim\u00e9e":"2 minutes"},"schema":{"@context":"https:\/\/schema.org","@graph":[{"@type":"WebPage","@id":"https:\/\/whospopular.com\/fr\/submit\/","url":"https:\/\/whospopular.com\/fr\/submit\/","name":"Soumettez une C\u00e9l\u00e9brit\u00e9 - Whos Popular","isPartOf":{"@id":"https:\/\/whospopular.com\/fr\/#website"},"datePublished":"2024-08-03T15:37:29+00:00","dateModified":"2024-08-03T15:37:31+00:00","breadcrumb":{"@id":"https:\/\/whospopular.com\/fr\/submit\/#breadcrumb"},"inLanguage":"fr-FR","potentialAction":[{"@type":"ReadAction","target":["https:\/\/whospopular.com\/fr\/submit\/"]}]},{"@type":"BreadcrumbList","@id":"https:\/\/whospopular.com\/fr\/submit\/#breadcrumb","itemListElement":[{"@type":"ListItem","position":1,"name":"Page d'accueil","item":"https:\/\/whospopular.com\/fr\/"},{"@type":"ListItem","position":2,"name":"Soumettez une C\u00e9l\u00e9brit\u00e9"}]},{"@type":"WebSite","@id":"https:\/\/whospopular.com\/fr\/#website","url":"https:\/\/whospopular.com\/fr\/","name":"Who's Popular","description":"Suivez les c\u00e9l\u00e9brit\u00e9s et influenceurs en vogue","publisher":{"@id":"https:\/\/whospopular.com\/fr\/#organization"},"alternateName":"Whos Polular","potentialAction":[{"@type":"SearchAction","target":{"@type":"EntryPoint","urlTemplate":"https:\/\/whospopular.com\/fr\/?s={search_term_string}"},"query-input":{"@type":"PropertyValueSpecification","valueRequired":true,"valueName":"search_term_string"}}],"inLanguage":"fr-FR"},{"@type":"Organization","@id":"https:\/\/whospopular.com\/fr\/#organization","name":"Who's Popular","alternateName":"Whos Popular","url":"https:\/\/whospopular.com\/fr\/","logo":{"@type":"ImageObject","inLanguage":"fr-FR","@id":"https:\/\/whospopular.com\/fr\/#\/schema\/logo\/image\/","url":"https:\/\/whospopular.com\/fr\/wp-content\/uploads\/2024\/06\/Whos-Popular-wht.png","contentUrl":"https:\/\/whospopular.com\/fr\/wp-content\/uploads\/2024\/06\/Whos-Popular-wht.png","width":1280,"height":224,"caption":"Who's Popular"},"image":{"@id":"https:\/\/whospopular.com\/fr\/#\/schema\/logo\/image\/"}}]}},"jetpack_sharing_enabled":true,"_links":{"self":[{"href":"https:\/\/whospopular.com\/fr\/wp-json\/wp\/v2\/pages\/1119","targetHints":{"allow":["GET"]}}],"collection":[{"href":"https:\/\/whospopular.com\/fr\/wp-json\/wp\/v2\/pages"}],"about":[{"href":"https:\/\/whospopular.com\/fr\/wp-json\/wp\/v2\/types\/page"}],"author":[{"embeddable":true,"href":"https:\/\/whospopular.com\/fr\/wp-json\/wp\/v2\/users\/1"}],"replies":[{"embeddable":true,"href":"https:\/\/whospopular.com\/fr\/wp-json\/wp\/v2\/comments?post=1119"}],"version-history":[{"count":2,"href":"https:\/\/whospopular.com\/fr\/wp-json\/wp\/v2\/pages\/1119\/revisions"}],"predecessor-version":[{"id":1121,"href":"https:\/\/whospopular.com\/fr\/wp-json\/wp\/v2\/pages\/1119\/revisions\/1121"}],"wp:attachment":[{"href":"https:\/\/whospopular.com\/fr\/wp-json\/wp\/v2\/media?parent=1119"}],"curies":[{"name":"wp","href":"https:\/\/api.w.org\/{rel}","templated":true}]}}