{"id":73,"date":"2024-06-23T20:12:46","date_gmt":"2024-06-23T20:12:46","guid":{"rendered":"https:\/\/whospopular.com\/?page_id=73"},"modified":"2024-08-03T18:28:28","modified_gmt":"2024-08-03T18:28:28","slug":"about","status":"publish","type":"page","link":"https:\/\/whospopular.com\/es\/about\/","title":{"rendered":"Sobre nosotros"},"content":{"rendered":"\n<p>Bienvenido a <strong>Who&#8217;s Popular<\/strong>, tu plataforma ideal para promover, reconocer y celebrar una diversa gama de talentos de todo el mundo. Nuestra misi\u00f3n es destacar a artistas, autores, actores, figuras p\u00fablicas, creadores, influencers y muchos m\u00e1s, mediante la creaci\u00f3n de perfiles \u00fanicos que muestren sus personalidades y logros de la mejor manera posible.<\/p>\n\n\n\n<p>En Who&#8217;s Popular, creemos en el poder de la igualdad y la unidad. Nuestro objetivo principal es reducir la distancia entre el p\u00fablico y las figuras que los inspiran. Nos esforzamos por crear un espacio donde los talentos de todos los \u00e1mbitos de la vida puedan ser apreciados y donde todos tengan la oportunidad de conectar con las figuras que admiran.<\/p>\n\n\n\n<h3 class=\"wp-block-heading\">Lo que Hacemos<\/h3>\n\n\n\n<ul class=\"wp-block-list\">\n<li><strong>Promocionamos<\/strong>: Destacamos los logros y trabajos de personalidades emergentes y consolidadas, brind\u00e1ndoles una plataforma para llegar a una audiencia m\u00e1s amplia.<\/li>\n\n\n\n<li><strong>Reconocemos<\/strong>: Apreciamos los esfuerzos y contribuciones de individuos en diversos campos, celebrando su impacto en la sociedad y la cultura.<\/li>\n\n\n\n<li><strong>Celebramos<\/strong>: Creamos perfiles atractivos que capturan la esencia de cada personalidad, mostrando su trayectoria, logros y cualidades \u00fanicas.<\/li>\n<\/ul>\n\n\n\n<h3 class=\"wp-block-heading\">Nuestra Visi\u00f3n<\/h3>\n\n\n\n<p>Nuestra visi\u00f3n es fomentar una comunidad global donde se celebren los talentos y se establezcan conexiones. Al promover la igualdad y la unidad, buscamos crear un entorno de apoyo que fomente la creatividad, la inspiraci\u00f3n y el respeto mutuo.<\/p>\n","protected":false},"excerpt":{"rendered":"<p>Bienvenido a Who&rsquo;s Popular, tu plataforma ideal para promover, reconocer y celebrar una diversa gama de talentos de todo el mundo. Nuestra misi&oacute;n es destacar a artistas, autores, actores, figuras p&uacute;blicas, creadores, influencers y muchos m&aacute;s, mediante la creaci&oacute;n de perfiles &uacute;nicos que muestren sus personalidades y logros de la mejor manera posible. En Who&rsquo;s [&hellip;]<\/p>\n","protected":false},"author":1,"featured_media":0,"parent":0,"menu_order":0,"comment_status":"closed","ping_status":"closed","template":"","meta":{"iawp_total_views":9,"footnotes":""},"class_list":["post-73","page","type-page","status-publish","hentry"],"yoast_head":"<!-- This site is optimized with the Yoast SEO plugin v24.1 - https:\/\/yoast.com\/wordpress\/plugins\/seo\/ -->\n<title>Sobre nosotros - Whos Popular<\/title>\n<meta name=\"robots\" content=\"index, follow, max-snippet:-1, max-image-preview:large, max-video-preview:-1\" \/>\n<link rel=\"canonical\" href=\"https:\/\/whospopular.com\/es\/about\/\" \/>\n<meta property=\"og:locale\" content=\"es_ES\" \/>\n<meta property=\"og:type\" content=\"article\" \/>\n<meta property=\"og:title\" content=\"Sobre nosotros - Whos Popular\" \/>\n<meta property=\"og:description\" content=\"Bienvenido a Who&rsquo;s Popular, tu plataforma ideal para promover, reconocer y celebrar una diversa gama de talentos de todo el mundo. Nuestra misi&oacute;n es destacar a artistas, autores, actores, figuras p&uacute;blicas, creadores, influencers y muchos m&aacute;s, mediante la creaci&oacute;n de perfiles &uacute;nicos que muestren sus personalidades y logros de la mejor manera posible. En Who&rsquo;s [&hellip;]\" \/>\n<meta property=\"og:url\" content=\"https:\/\/whospopular.com\/es\/about\/\" \/>\n<meta property=\"og:site_name\" content=\"Whos Popular\" \/>\n<meta property=\"article:modified_time\" content=\"2024-08-03T18:28:28+00:00\" \/>\n<meta name=\"twitter:card\" content=\"summary_large_image\" \/>\n<meta name=\"twitter:label1\" content=\"Tiempo de lectura\" \/>\n\t<meta name=\"twitter:data1\" content=\"1 minuto\" \/>\n<script type=\"application\/ld+json\" class=\"yoast-schema-graph\">{\"@context\":\"https:\/\/schema.org\",\"@graph\":[{\"@type\":\"WebPage\",\"@id\":\"https:\/\/whospopular.com\/es\/about\/\",\"url\":\"https:\/\/whospopular.com\/es\/about\/\",\"name\":\"Sobre nosotros - Whos Popular\",\"isPartOf\":{\"@id\":\"https:\/\/whospopular.com\/es\/#website\"},\"datePublished\":\"2024-06-23T20:12:46+00:00\",\"dateModified\":\"2024-08-03T18:28:28+00:00\",\"breadcrumb\":{\"@id\":\"https:\/\/whospopular.com\/es\/about\/#breadcrumb\"},\"inLanguage\":\"es\",\"potentialAction\":[{\"@type\":\"ReadAction\",\"target\":[\"https:\/\/whospopular.com\/es\/about\/\"]}]},{\"@type\":\"BreadcrumbList\",\"@id\":\"https:\/\/whospopular.com\/es\/about\/#breadcrumb\",\"itemListElement\":[{\"@type\":\"ListItem\",\"position\":1,\"name\":\"P\u00e1gina principal\",\"item\":\"https:\/\/whospopular.com\/es\/\"},{\"@type\":\"ListItem\",\"position\":2,\"name\":\"Sobre nosotros\"}]},{\"@type\":\"WebSite\",\"@id\":\"https:\/\/whospopular.com\/es\/#website\",\"url\":\"https:\/\/whospopular.com\/es\/\",\"name\":\"Who's Popular\",\"description\":\"Sigue a las celebridades y influencers m\u00e1s populares\",\"publisher\":{\"@id\":\"https:\/\/whospopular.com\/es\/#organization\"},\"alternateName\":\"Whos Polular\",\"potentialAction\":[{\"@type\":\"SearchAction\",\"target\":{\"@type\":\"EntryPoint\",\"urlTemplate\":\"https:\/\/whospopular.com\/es\/?s={search_term_string}\"},\"query-input\":{\"@type\":\"PropertyValueSpecification\",\"valueRequired\":true,\"valueName\":\"search_term_string\"}}],\"inLanguage\":\"es\"},{\"@type\":\"Organization\",\"@id\":\"https:\/\/whospopular.com\/es\/#organization\",\"name\":\"Who's Popular\",\"alternateName\":\"Whos Popular\",\"url\":\"https:\/\/whospopular.com\/es\/\",\"logo\":{\"@type\":\"ImageObject\",\"inLanguage\":\"es\",\"@id\":\"https:\/\/whospopular.com\/es\/#\/schema\/logo\/image\/\",\"url\":\"https:\/\/whospopular.com\/es\/wp-content\/uploads\/2024\/06\/Whos-Popular-wht.png\",\"contentUrl\":\"https:\/\/whospopular.com\/es\/wp-content\/uploads\/2024\/06\/Whos-Popular-wht.png\",\"width\":1280,\"height\":224,\"caption\":\"Who's Popular\"},\"image\":{\"@id\":\"https:\/\/whospopular.com\/es\/#\/schema\/logo\/image\/\"}}]}<\/script>\n<!-- \/ Yoast SEO plugin. -->","yoast_head_json":{"title":"Sobre nosotros - Whos Popular","robots":{"index":"index","follow":"follow","max-snippet":"max-snippet:-1","max-image-preview":"max-image-preview:large","max-video-preview":"max-video-preview:-1"},"canonical":"https:\/\/whospopular.com\/es\/about\/","og_locale":"es_ES","og_type":"article","og_title":"Sobre nosotros - Whos Popular","og_description":"Bienvenido a Who&rsquo;s Popular, tu plataforma ideal para promover, reconocer y celebrar una diversa gama de talentos de todo el mundo. Nuestra misi&oacute;n es destacar a artistas, autores, actores, figuras p&uacute;blicas, creadores, influencers y muchos m&aacute;s, mediante la creaci&oacute;n de perfiles &uacute;nicos que muestren sus personalidades y logros de la mejor manera posible. En Who&rsquo;s [&hellip;]","og_url":"https:\/\/whospopular.com\/es\/about\/","og_site_name":"Whos Popular","article_modified_time":"2024-08-03T18:28:28+00:00","twitter_card":"summary_large_image","twitter_misc":{"Tiempo de lectura":"1 minuto"},"schema":{"@context":"https:\/\/schema.org","@graph":[{"@type":"WebPage","@id":"https:\/\/whospopular.com\/es\/about\/","url":"https:\/\/whospopular.com\/es\/about\/","name":"Sobre nosotros - Whos Popular","isPartOf":{"@id":"https:\/\/whospopular.com\/es\/#website"},"datePublished":"2024-06-23T20:12:46+00:00","dateModified":"2024-08-03T18:28:28+00:00","breadcrumb":{"@id":"https:\/\/whospopular.com\/es\/about\/#breadcrumb"},"inLanguage":"es","potentialAction":[{"@type":"ReadAction","target":["https:\/\/whospopular.com\/es\/about\/"]}]},{"@type":"BreadcrumbList","@id":"https:\/\/whospopular.com\/es\/about\/#breadcrumb","itemListElement":[{"@type":"ListItem","position":1,"name":"P\u00e1gina principal","item":"https:\/\/whospopular.com\/es\/"},{"@type":"ListItem","position":2,"name":"Sobre nosotros"}]},{"@type":"WebSite","@id":"https:\/\/whospopular.com\/es\/#website","url":"https:\/\/whospopular.com\/es\/","name":"Who's Popular","description":"Sigue a las celebridades y influencers m\u00e1s populares","publisher":{"@id":"https:\/\/whospopular.com\/es\/#organization"},"alternateName":"Whos Polular","potentialAction":[{"@type":"SearchAction","target":{"@type":"EntryPoint","urlTemplate":"https:\/\/whospopular.com\/es\/?s={search_term_string}"},"query-input":{"@type":"PropertyValueSpecification","valueRequired":true,"valueName":"search_term_string"}}],"inLanguage":"es"},{"@type":"Organization","@id":"https:\/\/whospopular.com\/es\/#organization","name":"Who's Popular","alternateName":"Whos Popular","url":"https:\/\/whospopular.com\/es\/","logo":{"@type":"ImageObject","inLanguage":"es","@id":"https:\/\/whospopular.com\/es\/#\/schema\/logo\/image\/","url":"https:\/\/whospopular.com\/es\/wp-content\/uploads\/2024\/06\/Whos-Popular-wht.png","contentUrl":"https:\/\/whospopular.com\/es\/wp-content\/uploads\/2024\/06\/Whos-Popular-wht.png","width":1280,"height":224,"caption":"Who's Popular"},"image":{"@id":"https:\/\/whospopular.com\/es\/#\/schema\/logo\/image\/"}}]}},"jetpack_sharing_enabled":true,"_links":{"self":[{"href":"https:\/\/whospopular.com\/es\/wp-json\/wp\/v2\/pages\/73","targetHints":{"allow":["GET"]}}],"collection":[{"href":"https:\/\/whospopular.com\/es\/wp-json\/wp\/v2\/pages"}],"about":[{"href":"https:\/\/whospopular.com\/es\/wp-json\/wp\/v2\/types\/page"}],"author":[{"embeddable":true,"href":"https:\/\/whospopular.com\/es\/wp-json\/wp\/v2\/users\/1"}],"replies":[{"embeddable":true,"href":"https:\/\/whospopular.com\/es\/wp-json\/wp\/v2\/comments?post=73"}],"version-history":[{"count":1,"href":"https:\/\/whospopular.com\/es\/wp-json\/wp\/v2\/pages\/73\/revisions"}],"predecessor-version":[{"id":1027,"href":"https:\/\/whospopular.com\/es\/wp-json\/wp\/v2\/pages\/73\/revisions\/1027"}],"wp:attachment":[{"href":"https:\/\/whospopular.com\/es\/wp-json\/wp\/v2\/media?parent=73"}],"curies":[{"name":"wp","href":"https:\/\/api.w.org\/{rel}","templated":true}]}}