{"id":73,"date":"2024-06-23T20:12:46","date_gmt":"2024-06-23T20:12:46","guid":{"rendered":"https:\/\/whospopular.com\/?page_id=73"},"modified":"2024-08-18T11:07:49","modified_gmt":"2024-08-18T11:07:49","slug":"about","status":"publish","type":"page","link":"https:\/\/whospopular.com\/de\/about\/","title":{"rendered":"\u00dcber uns"},"content":{"rendered":"\n<p>Willkommen bei <strong>Who&#8217;s Popular<\/strong>, Ihrer Anlaufstelle f\u00fcr die F\u00f6rderung, Anerkennung und Feier verschiedenster Talente aus aller Welt. Unser Ziel ist es, K\u00fcnstler, Autoren, Schauspieler, Prominente, Sch\u00f6pfer, Influencer und viele mehr ins Rampenlicht zu r\u00fccken, indem wir einzigartige Profile erstellen, die ihre Pers\u00f6nlichkeiten und Erfolge optimal pr\u00e4sentieren.<\/p>\n\n\n\n<p>Bei Who&#8217;s Popular setzen wir uns f\u00fcr Gleichheit und Einheit ein. Unser Hauptanliegen ist es, die Kluft zwischen der \u00d6ffentlichkeit und den Pers\u00f6nlichkeiten, die sie inspirieren, zu \u00fcberbr\u00fccken. Wir m\u00f6chten einen Raum schaffen, in dem Talente aus allen Lebensbereichen wertgesch\u00e4tzt werden und jeder die M\u00f6glichkeit hat, sich mit den Figuren zu verbinden, die er bewundert.<\/p>\n\n\n\n<h3 class=\"wp-block-heading\">Was wir tun<\/h3>\n\n\n\n<ul class=\"wp-block-list\">\n<li><strong>F\u00f6rdern<\/strong>: Wir stellen die Erfolge und Werke von aufstrebenden sowie etablierten Pers\u00f6nlichkeiten vor und bieten ihnen eine Plattform, um ein gr\u00f6\u00dferes Publikum zu erreichen.<\/li>\n\n\n\n<li><strong>Anerkennen<\/strong>: Wir w\u00fcrdigen die Bem\u00fchungen und Beitr\u00e4ge von Individuen in verschiedenen Bereichen und feiern ihren Einfluss auf Gesellschaft und Kultur.<\/li>\n\n\n\n<li><strong>Feiern<\/strong>: Wir erstellen ansprechende Profile, die das Wesen jeder Pers\u00f6nlichkeit einfangen, ihren Werdegang, ihre Erfolge und einzigartigen Eigenschaften pr\u00e4sentieren.<\/li>\n<\/ul>\n\n\n\n<h3 class=\"wp-block-heading\">Unsere Vision<\/h3>\n\n\n\n<p>Unsere Vision ist es, eine globale Gemeinschaft zu f\u00f6rdern, in der Talente gefeiert und Verbindungen gekn\u00fcpft werden. Durch die F\u00f6rderung von Gleichheit und Einheit m\u00f6chten wir ein unterst\u00fctzendes Umfeld schaffen, das Kreativit\u00e4t, Inspiration und gegenseitigen Respekt f\u00f6rdert.<\/p>\n","protected":false},"excerpt":{"rendered":"<p>Willkommen bei Who&rsquo;s Popular, Ihrer Anlaufstelle f&uuml;r die F&ouml;rderung, Anerkennung und Feier verschiedenster Talente aus aller Welt. Unser Ziel ist es, K&uuml;nstler, Autoren, Schauspieler, Prominente, Sch&ouml;pfer, Influencer und viele mehr ins Rampenlicht zu r&uuml;cken, indem wir einzigartige Profile erstellen, die ihre Pers&ouml;nlichkeiten und Erfolge optimal pr&auml;sentieren. Bei Who&rsquo;s Popular setzen wir uns f&uuml;r Gleichheit und [&hellip;]<\/p>\n","protected":false},"author":1,"featured_media":0,"parent":0,"menu_order":0,"comment_status":"closed","ping_status":"closed","template":"","meta":{"iawp_total_views":14,"footnotes":""},"class_list":["post-73","page","type-page","status-publish","hentry"],"yoast_head":"<!-- This site is optimized with the Yoast SEO plugin v24.1 - https:\/\/yoast.com\/wordpress\/plugins\/seo\/ -->\n<title>\u00dcber uns - Whos Popular<\/title>\n<meta name=\"robots\" content=\"index, follow, max-snippet:-1, max-image-preview:large, max-video-preview:-1\" \/>\n<link rel=\"canonical\" href=\"https:\/\/whospopular.com\/de\/about\/\" \/>\n<meta property=\"og:locale\" content=\"de_DE\" \/>\n<meta property=\"og:type\" content=\"article\" \/>\n<meta property=\"og:title\" content=\"\u00dcber uns - Whos Popular\" \/>\n<meta property=\"og:description\" content=\"Willkommen bei Who&rsquo;s Popular, Ihrer Anlaufstelle f&uuml;r die F&ouml;rderung, Anerkennung und Feier verschiedenster Talente aus aller Welt. Unser Ziel ist es, K&uuml;nstler, Autoren, Schauspieler, Prominente, Sch&ouml;pfer, Influencer und viele mehr ins Rampenlicht zu r&uuml;cken, indem wir einzigartige Profile erstellen, die ihre Pers&ouml;nlichkeiten und Erfolge optimal pr&auml;sentieren. Bei Who&rsquo;s Popular setzen wir uns f&uuml;r Gleichheit und [&hellip;]\" \/>\n<meta property=\"og:url\" content=\"https:\/\/whospopular.com\/de\/about\/\" \/>\n<meta property=\"og:site_name\" content=\"Whos Popular\" \/>\n<meta property=\"article:modified_time\" content=\"2024-08-18T11:07:49+00:00\" \/>\n<meta name=\"twitter:card\" content=\"summary_large_image\" \/>\n<meta name=\"twitter:label1\" content=\"Gesch\u00e4tzte Lesezeit\" \/>\n\t<meta name=\"twitter:data1\" content=\"2\u00a0Minuten\" \/>\n<script type=\"application\/ld+json\" class=\"yoast-schema-graph\">{\"@context\":\"https:\/\/schema.org\",\"@graph\":[{\"@type\":\"WebPage\",\"@id\":\"https:\/\/whospopular.com\/de\/about\/\",\"url\":\"https:\/\/whospopular.com\/de\/about\/\",\"name\":\"\u00dcber uns - Whos Popular\",\"isPartOf\":{\"@id\":\"https:\/\/whospopular.com\/de\/#website\"},\"datePublished\":\"2024-06-23T20:12:46+00:00\",\"dateModified\":\"2024-08-18T11:07:49+00:00\",\"breadcrumb\":{\"@id\":\"https:\/\/whospopular.com\/de\/about\/#breadcrumb\"},\"inLanguage\":\"de\",\"potentialAction\":[{\"@type\":\"ReadAction\",\"target\":[\"https:\/\/whospopular.com\/de\/about\/\"]}]},{\"@type\":\"BreadcrumbList\",\"@id\":\"https:\/\/whospopular.com\/de\/about\/#breadcrumb\",\"itemListElement\":[{\"@type\":\"ListItem\",\"position\":1,\"name\":\"Startseite!\",\"item\":\"https:\/\/whospopular.com\/de\/\"},{\"@type\":\"ListItem\",\"position\":2,\"name\":\"\u00dcber uns\"}]},{\"@type\":\"WebSite\",\"@id\":\"https:\/\/whospopular.com\/de\/#website\",\"url\":\"https:\/\/whospopular.com\/de\/\",\"name\":\"Who's Popular\",\"description\":\"Verfolgen Sie die angesagtesten Promis und Influencer\",\"publisher\":{\"@id\":\"https:\/\/whospopular.com\/de\/#organization\"},\"alternateName\":\"Whos Polular\",\"potentialAction\":[{\"@type\":\"SearchAction\",\"target\":{\"@type\":\"EntryPoint\",\"urlTemplate\":\"https:\/\/whospopular.com\/de\/?s={search_term_string}\"},\"query-input\":{\"@type\":\"PropertyValueSpecification\",\"valueRequired\":true,\"valueName\":\"search_term_string\"}}],\"inLanguage\":\"de\"},{\"@type\":\"Organization\",\"@id\":\"https:\/\/whospopular.com\/de\/#organization\",\"name\":\"Who's Popular\",\"alternateName\":\"Whos Popular\",\"url\":\"https:\/\/whospopular.com\/de\/\",\"logo\":{\"@type\":\"ImageObject\",\"inLanguage\":\"de\",\"@id\":\"https:\/\/whospopular.com\/de\/#\/schema\/logo\/image\/\",\"url\":\"https:\/\/whospopular.com\/de\/wp-content\/uploads\/2024\/06\/Whos-Popular-wht.png\",\"contentUrl\":\"https:\/\/whospopular.com\/de\/wp-content\/uploads\/2024\/06\/Whos-Popular-wht.png\",\"width\":1280,\"height\":224,\"caption\":\"Who's Popular\"},\"image\":{\"@id\":\"https:\/\/whospopular.com\/de\/#\/schema\/logo\/image\/\"}}]}<\/script>\n<!-- \/ Yoast SEO plugin. -->","yoast_head_json":{"title":"\u00dcber uns - Whos Popular","robots":{"index":"index","follow":"follow","max-snippet":"max-snippet:-1","max-image-preview":"max-image-preview:large","max-video-preview":"max-video-preview:-1"},"canonical":"https:\/\/whospopular.com\/de\/about\/","og_locale":"de_DE","og_type":"article","og_title":"\u00dcber uns - Whos Popular","og_description":"Willkommen bei Who&rsquo;s Popular, Ihrer Anlaufstelle f&uuml;r die F&ouml;rderung, Anerkennung und Feier verschiedenster Talente aus aller Welt. Unser Ziel ist es, K&uuml;nstler, Autoren, Schauspieler, Prominente, Sch&ouml;pfer, Influencer und viele mehr ins Rampenlicht zu r&uuml;cken, indem wir einzigartige Profile erstellen, die ihre Pers&ouml;nlichkeiten und Erfolge optimal pr&auml;sentieren. Bei Who&rsquo;s Popular setzen wir uns f&uuml;r Gleichheit und [&hellip;]","og_url":"https:\/\/whospopular.com\/de\/about\/","og_site_name":"Whos Popular","article_modified_time":"2024-08-18T11:07:49+00:00","twitter_card":"summary_large_image","twitter_misc":{"Gesch\u00e4tzte Lesezeit":"2\u00a0Minuten"},"schema":{"@context":"https:\/\/schema.org","@graph":[{"@type":"WebPage","@id":"https:\/\/whospopular.com\/de\/about\/","url":"https:\/\/whospopular.com\/de\/about\/","name":"\u00dcber uns - Whos Popular","isPartOf":{"@id":"https:\/\/whospopular.com\/de\/#website"},"datePublished":"2024-06-23T20:12:46+00:00","dateModified":"2024-08-18T11:07:49+00:00","breadcrumb":{"@id":"https:\/\/whospopular.com\/de\/about\/#breadcrumb"},"inLanguage":"de","potentialAction":[{"@type":"ReadAction","target":["https:\/\/whospopular.com\/de\/about\/"]}]},{"@type":"BreadcrumbList","@id":"https:\/\/whospopular.com\/de\/about\/#breadcrumb","itemListElement":[{"@type":"ListItem","position":1,"name":"Startseite!","item":"https:\/\/whospopular.com\/de\/"},{"@type":"ListItem","position":2,"name":"\u00dcber uns"}]},{"@type":"WebSite","@id":"https:\/\/whospopular.com\/de\/#website","url":"https:\/\/whospopular.com\/de\/","name":"Who's Popular","description":"Verfolgen Sie die angesagtesten Promis und Influencer","publisher":{"@id":"https:\/\/whospopular.com\/de\/#organization"},"alternateName":"Whos Polular","potentialAction":[{"@type":"SearchAction","target":{"@type":"EntryPoint","urlTemplate":"https:\/\/whospopular.com\/de\/?s={search_term_string}"},"query-input":{"@type":"PropertyValueSpecification","valueRequired":true,"valueName":"search_term_string"}}],"inLanguage":"de"},{"@type":"Organization","@id":"https:\/\/whospopular.com\/de\/#organization","name":"Who's Popular","alternateName":"Whos Popular","url":"https:\/\/whospopular.com\/de\/","logo":{"@type":"ImageObject","inLanguage":"de","@id":"https:\/\/whospopular.com\/de\/#\/schema\/logo\/image\/","url":"https:\/\/whospopular.com\/de\/wp-content\/uploads\/2024\/06\/Whos-Popular-wht.png","contentUrl":"https:\/\/whospopular.com\/de\/wp-content\/uploads\/2024\/06\/Whos-Popular-wht.png","width":1280,"height":224,"caption":"Who's Popular"},"image":{"@id":"https:\/\/whospopular.com\/de\/#\/schema\/logo\/image\/"}}]}},"jetpack_sharing_enabled":true,"_links":{"self":[{"href":"https:\/\/whospopular.com\/de\/wp-json\/wp\/v2\/pages\/73","targetHints":{"allow":["GET"]}}],"collection":[{"href":"https:\/\/whospopular.com\/de\/wp-json\/wp\/v2\/pages"}],"about":[{"href":"https:\/\/whospopular.com\/de\/wp-json\/wp\/v2\/types\/page"}],"author":[{"embeddable":true,"href":"https:\/\/whospopular.com\/de\/wp-json\/wp\/v2\/users\/1"}],"replies":[{"embeddable":true,"href":"https:\/\/whospopular.com\/de\/wp-json\/wp\/v2\/comments?post=73"}],"version-history":[{"count":1,"href":"https:\/\/whospopular.com\/de\/wp-json\/wp\/v2\/pages\/73\/revisions"}],"predecessor-version":[{"id":1120,"href":"https:\/\/whospopular.com\/de\/wp-json\/wp\/v2\/pages\/73\/revisions\/1120"}],"wp:attachment":[{"href":"https:\/\/whospopular.com\/de\/wp-json\/wp\/v2\/media?parent=73"}],"curies":[{"name":"wp","href":"https:\/\/api.w.org\/{rel}","templated":true}]}}