{"id":3,"date":"2024-06-23T10:24:57","date_gmt":"2024-06-23T10:24:57","guid":{"rendered":"https:\/\/whospopular.com\/?page_id=3"},"modified":"2024-08-18T11:05:53","modified_gmt":"2024-08-18T11:05:53","slug":"privacy-policy","status":"publish","type":"page","link":"https:\/\/whospopular.com\/de\/privacy-policy\/","title":{"rendered":"Datenschutzrichtlinie"},"content":{"rendered":"\n<p>Who&#8217;s Popular legt gro\u00dfen Wert auf Ihre Privatsph\u00e4re. Auf unserer englischen Website finden Sie ausf\u00fchrliche Informationen zu unseren <a href=\"https:\/\/whospopular.com\/privacy-policy\/\" target=\"_blank\" rel=\"noreferrer noopener\">Datenschutzrichtlinien<\/a>. Sollten Sie Fragen zu unseren Datenschutzpraktiken haben, f\u00fcllen Sie bitte unser Kontaktformular aus.<\/p>\n\n\n\n<p>Vielen Dank!<\/p>\n","protected":false},"excerpt":{"rendered":"<p>Who&rsquo;s Popular legt gro&szlig;en Wert auf Ihre Privatsph&auml;re. Auf unserer englischen Website finden Sie ausf&uuml;hrliche Informationen zu unseren Datenschutzrichtlinien. Sollten Sie Fragen zu unseren Datenschutzpraktiken haben, f&uuml;llen Sie bitte unser Kontaktformular aus. Vielen Dank!<\/p>\n","protected":false},"author":1,"featured_media":0,"parent":0,"menu_order":0,"comment_status":"closed","ping_status":"open","template":"","meta":{"iawp_total_views":8,"footnotes":""},"class_list":["post-3","page","type-page","status-publish","hentry"],"yoast_head":"<!-- This site is optimized with the Yoast SEO plugin v24.1 - https:\/\/yoast.com\/wordpress\/plugins\/seo\/ -->\n<title>Datenschutzrichtlinie - Whos Popular<\/title>\n<meta name=\"robots\" content=\"index, follow, max-snippet:-1, max-image-preview:large, max-video-preview:-1\" \/>\n<link rel=\"canonical\" href=\"https:\/\/whospopular.com\/de\/privacy-policy\/\" \/>\n<meta property=\"og:locale\" content=\"de_DE\" \/>\n<meta property=\"og:type\" content=\"article\" \/>\n<meta property=\"og:title\" content=\"Datenschutzrichtlinie - Whos Popular\" \/>\n<meta property=\"og:description\" content=\"Who&rsquo;s Popular legt gro&szlig;en Wert auf Ihre Privatsph&auml;re. Auf unserer englischen Website finden Sie ausf&uuml;hrliche Informationen zu unseren Datenschutzrichtlinien. Sollten Sie Fragen zu unseren Datenschutzpraktiken haben, f&uuml;llen Sie bitte unser Kontaktformular aus. Vielen Dank!\" \/>\n<meta property=\"og:url\" content=\"https:\/\/whospopular.com\/de\/privacy-policy\/\" \/>\n<meta property=\"og:site_name\" content=\"Whos Popular\" \/>\n<meta property=\"article:modified_time\" content=\"2024-08-18T11:05:53+00:00\" \/>\n<meta name=\"twitter:card\" content=\"summary_large_image\" \/>\n<meta name=\"twitter:label1\" content=\"Gesch\u00e4tzte Lesezeit\" \/>\n\t<meta name=\"twitter:data1\" content=\"1\u00a0Minute\" \/>\n<script type=\"application\/ld+json\" class=\"yoast-schema-graph\">{\"@context\":\"https:\/\/schema.org\",\"@graph\":[{\"@type\":\"WebPage\",\"@id\":\"https:\/\/whospopular.com\/de\/privacy-policy\/\",\"url\":\"https:\/\/whospopular.com\/de\/privacy-policy\/\",\"name\":\"Datenschutzrichtlinie - Whos Popular\",\"isPartOf\":{\"@id\":\"https:\/\/whospopular.com\/de\/#website\"},\"datePublished\":\"2024-06-23T10:24:57+00:00\",\"dateModified\":\"2024-08-18T11:05:53+00:00\",\"breadcrumb\":{\"@id\":\"https:\/\/whospopular.com\/de\/privacy-policy\/#breadcrumb\"},\"inLanguage\":\"de\",\"potentialAction\":[{\"@type\":\"ReadAction\",\"target\":[\"https:\/\/whospopular.com\/de\/privacy-policy\/\"]}]},{\"@type\":\"BreadcrumbList\",\"@id\":\"https:\/\/whospopular.com\/de\/privacy-policy\/#breadcrumb\",\"itemListElement\":[{\"@type\":\"ListItem\",\"position\":1,\"name\":\"Startseite!\",\"item\":\"https:\/\/whospopular.com\/de\/\"},{\"@type\":\"ListItem\",\"position\":2,\"name\":\"Datenschutzrichtlinie\"}]},{\"@type\":\"WebSite\",\"@id\":\"https:\/\/whospopular.com\/de\/#website\",\"url\":\"https:\/\/whospopular.com\/de\/\",\"name\":\"Who's Popular\",\"description\":\"Verfolgen Sie die angesagtesten Promis und Influencer\",\"publisher\":{\"@id\":\"https:\/\/whospopular.com\/de\/#organization\"},\"alternateName\":\"Whos Polular\",\"potentialAction\":[{\"@type\":\"SearchAction\",\"target\":{\"@type\":\"EntryPoint\",\"urlTemplate\":\"https:\/\/whospopular.com\/de\/?s={search_term_string}\"},\"query-input\":{\"@type\":\"PropertyValueSpecification\",\"valueRequired\":true,\"valueName\":\"search_term_string\"}}],\"inLanguage\":\"de\"},{\"@type\":\"Organization\",\"@id\":\"https:\/\/whospopular.com\/de\/#organization\",\"name\":\"Who's Popular\",\"alternateName\":\"Whos Popular\",\"url\":\"https:\/\/whospopular.com\/de\/\",\"logo\":{\"@type\":\"ImageObject\",\"inLanguage\":\"de\",\"@id\":\"https:\/\/whospopular.com\/de\/#\/schema\/logo\/image\/\",\"url\":\"https:\/\/whospopular.com\/de\/wp-content\/uploads\/2024\/06\/Whos-Popular-wht.png\",\"contentUrl\":\"https:\/\/whospopular.com\/de\/wp-content\/uploads\/2024\/06\/Whos-Popular-wht.png\",\"width\":1280,\"height\":224,\"caption\":\"Who's Popular\"},\"image\":{\"@id\":\"https:\/\/whospopular.com\/de\/#\/schema\/logo\/image\/\"}}]}<\/script>\n<!-- \/ Yoast SEO plugin. -->","yoast_head_json":{"title":"Datenschutzrichtlinie - Whos Popular","robots":{"index":"index","follow":"follow","max-snippet":"max-snippet:-1","max-image-preview":"max-image-preview:large","max-video-preview":"max-video-preview:-1"},"canonical":"https:\/\/whospopular.com\/de\/privacy-policy\/","og_locale":"de_DE","og_type":"article","og_title":"Datenschutzrichtlinie - Whos Popular","og_description":"Who&rsquo;s Popular legt gro&szlig;en Wert auf Ihre Privatsph&auml;re. Auf unserer englischen Website finden Sie ausf&uuml;hrliche Informationen zu unseren Datenschutzrichtlinien. Sollten Sie Fragen zu unseren Datenschutzpraktiken haben, f&uuml;llen Sie bitte unser Kontaktformular aus. Vielen Dank!","og_url":"https:\/\/whospopular.com\/de\/privacy-policy\/","og_site_name":"Whos Popular","article_modified_time":"2024-08-18T11:05:53+00:00","twitter_card":"summary_large_image","twitter_misc":{"Gesch\u00e4tzte Lesezeit":"1\u00a0Minute"},"schema":{"@context":"https:\/\/schema.org","@graph":[{"@type":"WebPage","@id":"https:\/\/whospopular.com\/de\/privacy-policy\/","url":"https:\/\/whospopular.com\/de\/privacy-policy\/","name":"Datenschutzrichtlinie - Whos Popular","isPartOf":{"@id":"https:\/\/whospopular.com\/de\/#website"},"datePublished":"2024-06-23T10:24:57+00:00","dateModified":"2024-08-18T11:05:53+00:00","breadcrumb":{"@id":"https:\/\/whospopular.com\/de\/privacy-policy\/#breadcrumb"},"inLanguage":"de","potentialAction":[{"@type":"ReadAction","target":["https:\/\/whospopular.com\/de\/privacy-policy\/"]}]},{"@type":"BreadcrumbList","@id":"https:\/\/whospopular.com\/de\/privacy-policy\/#breadcrumb","itemListElement":[{"@type":"ListItem","position":1,"name":"Startseite!","item":"https:\/\/whospopular.com\/de\/"},{"@type":"ListItem","position":2,"name":"Datenschutzrichtlinie"}]},{"@type":"WebSite","@id":"https:\/\/whospopular.com\/de\/#website","url":"https:\/\/whospopular.com\/de\/","name":"Who's Popular","description":"Verfolgen Sie die angesagtesten Promis und Influencer","publisher":{"@id":"https:\/\/whospopular.com\/de\/#organization"},"alternateName":"Whos Polular","potentialAction":[{"@type":"SearchAction","target":{"@type":"EntryPoint","urlTemplate":"https:\/\/whospopular.com\/de\/?s={search_term_string}"},"query-input":{"@type":"PropertyValueSpecification","valueRequired":true,"valueName":"search_term_string"}}],"inLanguage":"de"},{"@type":"Organization","@id":"https:\/\/whospopular.com\/de\/#organization","name":"Who's Popular","alternateName":"Whos Popular","url":"https:\/\/whospopular.com\/de\/","logo":{"@type":"ImageObject","inLanguage":"de","@id":"https:\/\/whospopular.com\/de\/#\/schema\/logo\/image\/","url":"https:\/\/whospopular.com\/de\/wp-content\/uploads\/2024\/06\/Whos-Popular-wht.png","contentUrl":"https:\/\/whospopular.com\/de\/wp-content\/uploads\/2024\/06\/Whos-Popular-wht.png","width":1280,"height":224,"caption":"Who's Popular"},"image":{"@id":"https:\/\/whospopular.com\/de\/#\/schema\/logo\/image\/"}}]}},"jetpack_sharing_enabled":true,"_links":{"self":[{"href":"https:\/\/whospopular.com\/de\/wp-json\/wp\/v2\/pages\/3","targetHints":{"allow":["GET"]}}],"collection":[{"href":"https:\/\/whospopular.com\/de\/wp-json\/wp\/v2\/pages"}],"about":[{"href":"https:\/\/whospopular.com\/de\/wp-json\/wp\/v2\/types\/page"}],"author":[{"embeddable":true,"href":"https:\/\/whospopular.com\/de\/wp-json\/wp\/v2\/users\/1"}],"replies":[{"embeddable":true,"href":"https:\/\/whospopular.com\/de\/wp-json\/wp\/v2\/comments?post=3"}],"version-history":[{"count":1,"href":"https:\/\/whospopular.com\/de\/wp-json\/wp\/v2\/pages\/3\/revisions"}],"predecessor-version":[{"id":1118,"href":"https:\/\/whospopular.com\/de\/wp-json\/wp\/v2\/pages\/3\/revisions\/1118"}],"wp:attachment":[{"href":"https:\/\/whospopular.com\/de\/wp-json\/wp\/v2\/media?parent=3"}],"curies":[{"name":"wp","href":"https:\/\/api.w.org\/{rel}","templated":true}]}}