{"id":23,"date":"2024-06-23T11:27:36","date_gmt":"2024-06-23T11:27:36","guid":{"rendered":"https:\/\/whospopular.com\/?page_id=23"},"modified":"2024-08-18T11:12:45","modified_gmt":"2024-08-18T11:12:45","slug":"contact","status":"publish","type":"page","link":"https:\/\/whospopular.com\/de\/contact\/","title":{"rendered":"Kontakt"},"content":{"rendered":"\n<p>Vielen Dank f\u00fcr Ihr Interesse an Who&#8217;s Popular. Wir stehen Ihnen gerne f\u00fcr alle Fragen und Anliegen zur Verf\u00fcgung. Bitte kontaktieren Sie uns unter folgender Adresse: <a href=\"mailto:admin@whospopular.com\">>Hier klicken&lt;<\/a><\/p>\n\n\n\n<p>Wir bem\u00fchen uns, alle Anfragen innerhalb von 24 bis 48 Stunden werktags zu beantworten. Ihre R\u00fcckmeldungen sind uns wichtig, und wir freuen uns darauf, von Ihnen zu h\u00f6ren!<\/p>\n\n\n\n<h3 class=\"wp-block-heading\">Inhaltsl\u00f6schung<\/h3>\n\n\n\n<p>Falls Sie uns wegen der Inhalte unserer Seite kontaktieren m\u00f6chten, besuchen Sie bitte den Bereich \u201e<a href=\"https:\/\/whospopular.com\/de\/right-to-be-forgotten\/\">Recht auf Vergessenwerden<\/a>\u201c.<\/p>\n\n\n\n<h3 class=\"wp-block-heading\">Partnerschaften<\/h3>\n\n\n\n<p>Wenn Sie an einer Partnerschaft oder Werbung mit uns interessiert sind, senden Sie bitte eine E-Mail an: <a href=\"mailto:partnership@whospopular.com?subject=Anfrage%20zur%20Partnerschaft\">>Hier klicken&lt;<\/a><\/p>\n\n\n\n<p>We aim to respond to all inquiries within 24-48 business hours. Your feedback is important to us, and we look forward to hearing from you!<\/p>\n","protected":false},"excerpt":{"rendered":"<p>Vielen Dank f&uuml;r Ihr Interesse an Who&rsquo;s Popular. Wir stehen Ihnen gerne f&uuml;r alle Fragen und Anliegen zur Verf&uuml;gung. Bitte kontaktieren Sie uns unter folgender Adresse: &gt;Hier klicken&lt; Wir bem&uuml;hen uns, alle Anfragen innerhalb von 24 bis 48 Stunden werktags zu beantworten. Ihre R&uuml;ckmeldungen sind uns wichtig, und wir freuen uns darauf, von Ihnen zu [&hellip;]<\/p>\n","protected":false},"author":1,"featured_media":0,"parent":0,"menu_order":0,"comment_status":"closed","ping_status":"closed","template":"","meta":{"iawp_total_views":14,"footnotes":""},"class_list":["post-23","page","type-page","status-publish","hentry"],"yoast_head":"<!-- This site is optimized with the Yoast SEO plugin v24.1 - https:\/\/yoast.com\/wordpress\/plugins\/seo\/ -->\n<title>Kontakt - Whos Popular<\/title>\n<meta name=\"robots\" content=\"index, follow, max-snippet:-1, max-image-preview:large, max-video-preview:-1\" \/>\n<link rel=\"canonical\" href=\"https:\/\/whospopular.com\/de\/contact\/\" \/>\n<meta property=\"og:locale\" content=\"de_DE\" \/>\n<meta property=\"og:type\" content=\"article\" \/>\n<meta property=\"og:title\" content=\"Kontakt - Whos Popular\" \/>\n<meta property=\"og:description\" content=\"Vielen Dank f&uuml;r Ihr Interesse an Who&rsquo;s Popular. Wir stehen Ihnen gerne f&uuml;r alle Fragen und Anliegen zur Verf&uuml;gung. Bitte kontaktieren Sie uns unter folgender Adresse: &gt;Hier klicken&lt; Wir bem&uuml;hen uns, alle Anfragen innerhalb von 24 bis 48 Stunden werktags zu beantworten. Ihre R&uuml;ckmeldungen sind uns wichtig, und wir freuen uns darauf, von Ihnen zu [&hellip;]\" \/>\n<meta property=\"og:url\" content=\"https:\/\/whospopular.com\/de\/contact\/\" \/>\n<meta property=\"og:site_name\" content=\"Whos Popular\" \/>\n<meta property=\"article:modified_time\" content=\"2024-08-18T11:12:45+00:00\" \/>\n<meta name=\"twitter:card\" content=\"summary_large_image\" \/>\n<meta name=\"twitter:label1\" content=\"Gesch\u00e4tzte Lesezeit\" \/>\n\t<meta name=\"twitter:data1\" content=\"1\u00a0Minute\" \/>\n<script type=\"application\/ld+json\" class=\"yoast-schema-graph\">{\"@context\":\"https:\/\/schema.org\",\"@graph\":[{\"@type\":\"WebPage\",\"@id\":\"https:\/\/whospopular.com\/de\/contact\/\",\"url\":\"https:\/\/whospopular.com\/de\/contact\/\",\"name\":\"Kontakt - Whos Popular\",\"isPartOf\":{\"@id\":\"https:\/\/whospopular.com\/de\/#website\"},\"datePublished\":\"2024-06-23T11:27:36+00:00\",\"dateModified\":\"2024-08-18T11:12:45+00:00\",\"breadcrumb\":{\"@id\":\"https:\/\/whospopular.com\/de\/contact\/#breadcrumb\"},\"inLanguage\":\"de\",\"potentialAction\":[{\"@type\":\"ReadAction\",\"target\":[\"https:\/\/whospopular.com\/de\/contact\/\"]}]},{\"@type\":\"BreadcrumbList\",\"@id\":\"https:\/\/whospopular.com\/de\/contact\/#breadcrumb\",\"itemListElement\":[{\"@type\":\"ListItem\",\"position\":1,\"name\":\"Startseite!\",\"item\":\"https:\/\/whospopular.com\/de\/\"},{\"@type\":\"ListItem\",\"position\":2,\"name\":\"Kontakt\"}]},{\"@type\":\"WebSite\",\"@id\":\"https:\/\/whospopular.com\/de\/#website\",\"url\":\"https:\/\/whospopular.com\/de\/\",\"name\":\"Who's Popular\",\"description\":\"Verfolgen Sie die angesagtesten Promis und Influencer\",\"publisher\":{\"@id\":\"https:\/\/whospopular.com\/de\/#organization\"},\"alternateName\":\"Whos Polular\",\"potentialAction\":[{\"@type\":\"SearchAction\",\"target\":{\"@type\":\"EntryPoint\",\"urlTemplate\":\"https:\/\/whospopular.com\/de\/?s={search_term_string}\"},\"query-input\":{\"@type\":\"PropertyValueSpecification\",\"valueRequired\":true,\"valueName\":\"search_term_string\"}}],\"inLanguage\":\"de\"},{\"@type\":\"Organization\",\"@id\":\"https:\/\/whospopular.com\/de\/#organization\",\"name\":\"Who's Popular\",\"alternateName\":\"Whos Popular\",\"url\":\"https:\/\/whospopular.com\/de\/\",\"logo\":{\"@type\":\"ImageObject\",\"inLanguage\":\"de\",\"@id\":\"https:\/\/whospopular.com\/de\/#\/schema\/logo\/image\/\",\"url\":\"https:\/\/whospopular.com\/de\/wp-content\/uploads\/2024\/06\/Whos-Popular-wht.png\",\"contentUrl\":\"https:\/\/whospopular.com\/de\/wp-content\/uploads\/2024\/06\/Whos-Popular-wht.png\",\"width\":1280,\"height\":224,\"caption\":\"Who's Popular\"},\"image\":{\"@id\":\"https:\/\/whospopular.com\/de\/#\/schema\/logo\/image\/\"}}]}<\/script>\n<!-- \/ Yoast SEO plugin. -->","yoast_head_json":{"title":"Kontakt - Whos Popular","robots":{"index":"index","follow":"follow","max-snippet":"max-snippet:-1","max-image-preview":"max-image-preview:large","max-video-preview":"max-video-preview:-1"},"canonical":"https:\/\/whospopular.com\/de\/contact\/","og_locale":"de_DE","og_type":"article","og_title":"Kontakt - Whos Popular","og_description":"Vielen Dank f&uuml;r Ihr Interesse an Who&rsquo;s Popular. Wir stehen Ihnen gerne f&uuml;r alle Fragen und Anliegen zur Verf&uuml;gung. Bitte kontaktieren Sie uns unter folgender Adresse: &gt;Hier klicken&lt; Wir bem&uuml;hen uns, alle Anfragen innerhalb von 24 bis 48 Stunden werktags zu beantworten. Ihre R&uuml;ckmeldungen sind uns wichtig, und wir freuen uns darauf, von Ihnen zu [&hellip;]","og_url":"https:\/\/whospopular.com\/de\/contact\/","og_site_name":"Whos Popular","article_modified_time":"2024-08-18T11:12:45+00:00","twitter_card":"summary_large_image","twitter_misc":{"Gesch\u00e4tzte Lesezeit":"1\u00a0Minute"},"schema":{"@context":"https:\/\/schema.org","@graph":[{"@type":"WebPage","@id":"https:\/\/whospopular.com\/de\/contact\/","url":"https:\/\/whospopular.com\/de\/contact\/","name":"Kontakt - Whos Popular","isPartOf":{"@id":"https:\/\/whospopular.com\/de\/#website"},"datePublished":"2024-06-23T11:27:36+00:00","dateModified":"2024-08-18T11:12:45+00:00","breadcrumb":{"@id":"https:\/\/whospopular.com\/de\/contact\/#breadcrumb"},"inLanguage":"de","potentialAction":[{"@type":"ReadAction","target":["https:\/\/whospopular.com\/de\/contact\/"]}]},{"@type":"BreadcrumbList","@id":"https:\/\/whospopular.com\/de\/contact\/#breadcrumb","itemListElement":[{"@type":"ListItem","position":1,"name":"Startseite!","item":"https:\/\/whospopular.com\/de\/"},{"@type":"ListItem","position":2,"name":"Kontakt"}]},{"@type":"WebSite","@id":"https:\/\/whospopular.com\/de\/#website","url":"https:\/\/whospopular.com\/de\/","name":"Who's Popular","description":"Verfolgen Sie die angesagtesten Promis und Influencer","publisher":{"@id":"https:\/\/whospopular.com\/de\/#organization"},"alternateName":"Whos Polular","potentialAction":[{"@type":"SearchAction","target":{"@type":"EntryPoint","urlTemplate":"https:\/\/whospopular.com\/de\/?s={search_term_string}"},"query-input":{"@type":"PropertyValueSpecification","valueRequired":true,"valueName":"search_term_string"}}],"inLanguage":"de"},{"@type":"Organization","@id":"https:\/\/whospopular.com\/de\/#organization","name":"Who's Popular","alternateName":"Whos Popular","url":"https:\/\/whospopular.com\/de\/","logo":{"@type":"ImageObject","inLanguage":"de","@id":"https:\/\/whospopular.com\/de\/#\/schema\/logo\/image\/","url":"https:\/\/whospopular.com\/de\/wp-content\/uploads\/2024\/06\/Whos-Popular-wht.png","contentUrl":"https:\/\/whospopular.com\/de\/wp-content\/uploads\/2024\/06\/Whos-Popular-wht.png","width":1280,"height":224,"caption":"Who's Popular"},"image":{"@id":"https:\/\/whospopular.com\/de\/#\/schema\/logo\/image\/"}}]}},"jetpack_sharing_enabled":true,"_links":{"self":[{"href":"https:\/\/whospopular.com\/de\/wp-json\/wp\/v2\/pages\/23","targetHints":{"allow":["GET"]}}],"collection":[{"href":"https:\/\/whospopular.com\/de\/wp-json\/wp\/v2\/pages"}],"about":[{"href":"https:\/\/whospopular.com\/de\/wp-json\/wp\/v2\/types\/page"}],"author":[{"embeddable":true,"href":"https:\/\/whospopular.com\/de\/wp-json\/wp\/v2\/users\/1"}],"replies":[{"embeddable":true,"href":"https:\/\/whospopular.com\/de\/wp-json\/wp\/v2\/comments?post=23"}],"version-history":[{"count":1,"href":"https:\/\/whospopular.com\/de\/wp-json\/wp\/v2\/pages\/23\/revisions"}],"predecessor-version":[{"id":1122,"href":"https:\/\/whospopular.com\/de\/wp-json\/wp\/v2\/pages\/23\/revisions\/1122"}],"wp:attachment":[{"href":"https:\/\/whospopular.com\/de\/wp-json\/wp\/v2\/media?parent=23"}],"curies":[{"name":"wp","href":"https:\/\/api.w.org\/{rel}","templated":true}]}}