{"id":20,"date":"2024-06-23T11:25:45","date_gmt":"2024-06-23T11:25:45","guid":{"rendered":"https:\/\/whospopular.com\/?page_id=20"},"modified":"2024-08-18T11:14:50","modified_gmt":"2024-08-18T11:14:50","slug":"right-to-be-forgotten","status":"publish","type":"page","link":"https:\/\/whospopular.com\/de\/right-to-be-forgotten\/","title":{"rendered":"Recht auf Vergessenwerden"},"content":{"rendered":"\n<p>Bei Who&#8217;s Popular feiern wir die Erfolge von Schauspielern, K\u00fcnstlern, Sch\u00f6pfern, Politikern und vielen anderen. Gleichzeitig verstehen wir, dass Ruhm auch die Privatsph\u00e4re beeintr\u00e4chtigen kann. Wir glauben, dass jeder die Kontrolle \u00fcber seine pers\u00f6nlichen Daten haben sollte, einschlie\u00dflich des Rechts, vergessen zu werden.<\/p>\n\n\n\n<p>Wir wissen, dass Ber\u00fchmtheit manchmal ihren Preis hat. Egal, ob Sie sich aus der \u00f6ffentlichen Aufmerksamkeit zur\u00fcckziehen m\u00f6chten oder nicht, wir respektieren Ihre Entscheidung. Deshalb bieten wir Ihnen einen einfachen Weg, Ihr Profil von unserer Seite zu entfernen.<\/p>\n\n\n\n<p>Wenn Sie vergessen werden m\u00f6chten, senden Sie uns einfach eine E-Mail an diese <a href=\"mailto:editor@whospopular.com\">Adresse<\/a>. Unser Team verpflichtet sich, Ihre Anfrage mit h\u00f6chstem Respekt f\u00fcr Ihre Privatsph\u00e4re und Sicherheit zu bearbeiten. Wir garantieren Ihnen eine unkomplizierte Abwicklung, bei der Ihre Bed\u00fcrfnisse im Mittelpunkt stehen.<\/p>\n\n\n\n<p>Bei Who&#8217;s Popular ist der Schutz Ihrer Privatsph\u00e4re nicht nur eine Richtlinie; es ist unser Versprechen.<\/p>\n\n\n\n<p><strong>Datenl\u00f6schungsgarantie<\/strong><\/p>\n\n\n\n<p>Alle w\u00e4hrend des Prozesses eingereichten Daten sowie die Informationen Ihres Profils werden innerhalb von 30 Werktagen endg\u00fcltig von unserer Website gel\u00f6scht.<\/p>\n\n\n\n<p>Zus\u00e4tzlich werden wir Notizen zu Ihrer Anfrage aufbewahren, um zuk\u00fcnftige Ver\u00f6ffentlichungen \u00fcber Sie ohne Ihre Zustimmung zu vermeiden.<\/p>\n","protected":false},"excerpt":{"rendered":"<p>Bei Who&rsquo;s Popular feiern wir die Erfolge von Schauspielern, K&uuml;nstlern, Sch&ouml;pfern, Politikern und vielen anderen. Gleichzeitig verstehen wir, dass Ruhm auch die Privatsph&auml;re beeintr&auml;chtigen kann. Wir glauben, dass jeder die Kontrolle &uuml;ber seine pers&ouml;nlichen Daten haben sollte, einschlie&szlig;lich des Rechts, vergessen zu werden. Wir wissen, dass Ber&uuml;hmtheit manchmal ihren Preis hat. Egal, ob Sie sich [&hellip;]<\/p>\n","protected":false},"author":1,"featured_media":0,"parent":0,"menu_order":0,"comment_status":"closed","ping_status":"closed","template":"","meta":{"iawp_total_views":10,"footnotes":""},"class_list":["post-20","page","type-page","status-publish","hentry"],"yoast_head":"<!-- This site is optimized with the Yoast SEO plugin v24.1 - https:\/\/yoast.com\/wordpress\/plugins\/seo\/ -->\n<title>Recht auf Vergessenwerden - Whos Popular<\/title>\n<meta name=\"robots\" content=\"index, follow, max-snippet:-1, max-image-preview:large, max-video-preview:-1\" \/>\n<link rel=\"canonical\" href=\"https:\/\/whospopular.com\/de\/right-to-be-forgotten\/\" \/>\n<meta property=\"og:locale\" content=\"de_DE\" \/>\n<meta property=\"og:type\" content=\"article\" \/>\n<meta property=\"og:title\" content=\"Recht auf Vergessenwerden - Whos Popular\" \/>\n<meta property=\"og:description\" content=\"Bei Who&rsquo;s Popular feiern wir die Erfolge von Schauspielern, K&uuml;nstlern, Sch&ouml;pfern, Politikern und vielen anderen. Gleichzeitig verstehen wir, dass Ruhm auch die Privatsph&auml;re beeintr&auml;chtigen kann. Wir glauben, dass jeder die Kontrolle &uuml;ber seine pers&ouml;nlichen Daten haben sollte, einschlie&szlig;lich des Rechts, vergessen zu werden. Wir wissen, dass Ber&uuml;hmtheit manchmal ihren Preis hat. Egal, ob Sie sich [&hellip;]\" \/>\n<meta property=\"og:url\" content=\"https:\/\/whospopular.com\/de\/right-to-be-forgotten\/\" \/>\n<meta property=\"og:site_name\" content=\"Whos Popular\" \/>\n<meta property=\"article:modified_time\" content=\"2024-08-18T11:14:50+00:00\" \/>\n<meta name=\"twitter:card\" content=\"summary_large_image\" \/>\n<meta name=\"twitter:label1\" content=\"Gesch\u00e4tzte Lesezeit\" \/>\n\t<meta name=\"twitter:data1\" content=\"2\u00a0Minuten\" \/>\n<script type=\"application\/ld+json\" class=\"yoast-schema-graph\">{\"@context\":\"https:\/\/schema.org\",\"@graph\":[{\"@type\":\"WebPage\",\"@id\":\"https:\/\/whospopular.com\/de\/right-to-be-forgotten\/\",\"url\":\"https:\/\/whospopular.com\/de\/right-to-be-forgotten\/\",\"name\":\"Recht auf Vergessenwerden - Whos Popular\",\"isPartOf\":{\"@id\":\"https:\/\/whospopular.com\/de\/#website\"},\"datePublished\":\"2024-06-23T11:25:45+00:00\",\"dateModified\":\"2024-08-18T11:14:50+00:00\",\"breadcrumb\":{\"@id\":\"https:\/\/whospopular.com\/de\/right-to-be-forgotten\/#breadcrumb\"},\"inLanguage\":\"de\",\"potentialAction\":[{\"@type\":\"ReadAction\",\"target\":[\"https:\/\/whospopular.com\/de\/right-to-be-forgotten\/\"]}]},{\"@type\":\"BreadcrumbList\",\"@id\":\"https:\/\/whospopular.com\/de\/right-to-be-forgotten\/#breadcrumb\",\"itemListElement\":[{\"@type\":\"ListItem\",\"position\":1,\"name\":\"Startseite!\",\"item\":\"https:\/\/whospopular.com\/de\/\"},{\"@type\":\"ListItem\",\"position\":2,\"name\":\"Recht auf Vergessenwerden\"}]},{\"@type\":\"WebSite\",\"@id\":\"https:\/\/whospopular.com\/de\/#website\",\"url\":\"https:\/\/whospopular.com\/de\/\",\"name\":\"Who's Popular\",\"description\":\"Verfolgen Sie die angesagtesten Promis und Influencer\",\"publisher\":{\"@id\":\"https:\/\/whospopular.com\/de\/#organization\"},\"alternateName\":\"Whos Polular\",\"potentialAction\":[{\"@type\":\"SearchAction\",\"target\":{\"@type\":\"EntryPoint\",\"urlTemplate\":\"https:\/\/whospopular.com\/de\/?s={search_term_string}\"},\"query-input\":{\"@type\":\"PropertyValueSpecification\",\"valueRequired\":true,\"valueName\":\"search_term_string\"}}],\"inLanguage\":\"de\"},{\"@type\":\"Organization\",\"@id\":\"https:\/\/whospopular.com\/de\/#organization\",\"name\":\"Who's Popular\",\"alternateName\":\"Whos Popular\",\"url\":\"https:\/\/whospopular.com\/de\/\",\"logo\":{\"@type\":\"ImageObject\",\"inLanguage\":\"de\",\"@id\":\"https:\/\/whospopular.com\/de\/#\/schema\/logo\/image\/\",\"url\":\"https:\/\/whospopular.com\/de\/wp-content\/uploads\/2024\/06\/Whos-Popular-wht.png\",\"contentUrl\":\"https:\/\/whospopular.com\/de\/wp-content\/uploads\/2024\/06\/Whos-Popular-wht.png\",\"width\":1280,\"height\":224,\"caption\":\"Who's Popular\"},\"image\":{\"@id\":\"https:\/\/whospopular.com\/de\/#\/schema\/logo\/image\/\"}}]}<\/script>\n<!-- \/ Yoast SEO plugin. -->","yoast_head_json":{"title":"Recht auf Vergessenwerden - Whos Popular","robots":{"index":"index","follow":"follow","max-snippet":"max-snippet:-1","max-image-preview":"max-image-preview:large","max-video-preview":"max-video-preview:-1"},"canonical":"https:\/\/whospopular.com\/de\/right-to-be-forgotten\/","og_locale":"de_DE","og_type":"article","og_title":"Recht auf Vergessenwerden - Whos Popular","og_description":"Bei Who&rsquo;s Popular feiern wir die Erfolge von Schauspielern, K&uuml;nstlern, Sch&ouml;pfern, Politikern und vielen anderen. Gleichzeitig verstehen wir, dass Ruhm auch die Privatsph&auml;re beeintr&auml;chtigen kann. Wir glauben, dass jeder die Kontrolle &uuml;ber seine pers&ouml;nlichen Daten haben sollte, einschlie&szlig;lich des Rechts, vergessen zu werden. Wir wissen, dass Ber&uuml;hmtheit manchmal ihren Preis hat. Egal, ob Sie sich [&hellip;]","og_url":"https:\/\/whospopular.com\/de\/right-to-be-forgotten\/","og_site_name":"Whos Popular","article_modified_time":"2024-08-18T11:14:50+00:00","twitter_card":"summary_large_image","twitter_misc":{"Gesch\u00e4tzte Lesezeit":"2\u00a0Minuten"},"schema":{"@context":"https:\/\/schema.org","@graph":[{"@type":"WebPage","@id":"https:\/\/whospopular.com\/de\/right-to-be-forgotten\/","url":"https:\/\/whospopular.com\/de\/right-to-be-forgotten\/","name":"Recht auf Vergessenwerden - Whos Popular","isPartOf":{"@id":"https:\/\/whospopular.com\/de\/#website"},"datePublished":"2024-06-23T11:25:45+00:00","dateModified":"2024-08-18T11:14:50+00:00","breadcrumb":{"@id":"https:\/\/whospopular.com\/de\/right-to-be-forgotten\/#breadcrumb"},"inLanguage":"de","potentialAction":[{"@type":"ReadAction","target":["https:\/\/whospopular.com\/de\/right-to-be-forgotten\/"]}]},{"@type":"BreadcrumbList","@id":"https:\/\/whospopular.com\/de\/right-to-be-forgotten\/#breadcrumb","itemListElement":[{"@type":"ListItem","position":1,"name":"Startseite!","item":"https:\/\/whospopular.com\/de\/"},{"@type":"ListItem","position":2,"name":"Recht auf Vergessenwerden"}]},{"@type":"WebSite","@id":"https:\/\/whospopular.com\/de\/#website","url":"https:\/\/whospopular.com\/de\/","name":"Who's Popular","description":"Verfolgen Sie die angesagtesten Promis und Influencer","publisher":{"@id":"https:\/\/whospopular.com\/de\/#organization"},"alternateName":"Whos Polular","potentialAction":[{"@type":"SearchAction","target":{"@type":"EntryPoint","urlTemplate":"https:\/\/whospopular.com\/de\/?s={search_term_string}"},"query-input":{"@type":"PropertyValueSpecification","valueRequired":true,"valueName":"search_term_string"}}],"inLanguage":"de"},{"@type":"Organization","@id":"https:\/\/whospopular.com\/de\/#organization","name":"Who's Popular","alternateName":"Whos Popular","url":"https:\/\/whospopular.com\/de\/","logo":{"@type":"ImageObject","inLanguage":"de","@id":"https:\/\/whospopular.com\/de\/#\/schema\/logo\/image\/","url":"https:\/\/whospopular.com\/de\/wp-content\/uploads\/2024\/06\/Whos-Popular-wht.png","contentUrl":"https:\/\/whospopular.com\/de\/wp-content\/uploads\/2024\/06\/Whos-Popular-wht.png","width":1280,"height":224,"caption":"Who's Popular"},"image":{"@id":"https:\/\/whospopular.com\/de\/#\/schema\/logo\/image\/"}}]}},"jetpack_sharing_enabled":true,"_links":{"self":[{"href":"https:\/\/whospopular.com\/de\/wp-json\/wp\/v2\/pages\/20","targetHints":{"allow":["GET"]}}],"collection":[{"href":"https:\/\/whospopular.com\/de\/wp-json\/wp\/v2\/pages"}],"about":[{"href":"https:\/\/whospopular.com\/de\/wp-json\/wp\/v2\/types\/page"}],"author":[{"embeddable":true,"href":"https:\/\/whospopular.com\/de\/wp-json\/wp\/v2\/users\/1"}],"replies":[{"embeddable":true,"href":"https:\/\/whospopular.com\/de\/wp-json\/wp\/v2\/comments?post=20"}],"version-history":[{"count":1,"href":"https:\/\/whospopular.com\/de\/wp-json\/wp\/v2\/pages\/20\/revisions"}],"predecessor-version":[{"id":1123,"href":"https:\/\/whospopular.com\/de\/wp-json\/wp\/v2\/pages\/20\/revisions\/1123"}],"wp:attachment":[{"href":"https:\/\/whospopular.com\/de\/wp-json\/wp\/v2\/media?parent=20"}],"curies":[{"name":"wp","href":"https:\/\/api.w.org\/{rel}","templated":true}]}}