{"id":1017,"date":"2024-08-03T15:36:02","date_gmt":"2024-08-03T15:36:02","guid":{"rendered":"https:\/\/whospopular.com\/?page_id=1017"},"modified":"2024-08-18T11:19:57","modified_gmt":"2024-08-18T11:19:57","slug":"submit","status":"publish","type":"page","link":"https:\/\/whospopular.com\/de\/submit\/","title":{"rendered":"Nominieren Sie eine Prominente Person"},"content":{"rendered":"\n<h2 class=\"wp-block-heading\">Teilen Sie uns Ihre Ideen mit!<\/h2>\n\n\n\n<p>Wir freuen uns immer, von unseren Leserinnen und Lesern zu h\u00f6ren! Wenn Sie eine prominente Pers\u00f6nlichkeit, einen Influencer oder eine \u00f6ffentliche Figur im Kopf haben, die Sie gerne in einem Artikel auf unserem Blog sehen w\u00fcrden, sind Sie hier genau richtig. Ihre Vorschl\u00e4ge helfen uns, Inhalte zu erstellen, die unsere Leser begeistern und unseren Blog spannend und aktuell zu halten.<\/p>\n\n\n\n<h2 class=\"wp-block-heading\"><strong>Warum einen Vorschlag einreichen?<\/strong><\/h2>\n\n\n\n<ul class=\"wp-block-list\">\n<li><strong>Ihre Meinung z\u00e4hlt:<\/strong> Dies ist Ihre Gelegenheit, die Themen, die wir behandeln, mitzugestalten und Personen hervorzuheben, f\u00fcr die Sie sich begeistern.<\/li>\n\n\n\n<li><strong>Bleiben Sie informiert:<\/strong> Indem Sie Namen vorschlagen, helfen Sie uns, aufstrebende Talente und etablierte Pers\u00f6nlichkeiten zu entdecken, die mehr Aufmerksamkeit verdienen.<\/li>\n\n\n\n<li><strong>Engagieren Sie sich in unserer Community:<\/strong> Ihre Ideen tragen dazu bei, eine lebendige Community zu schaffen, in der die Interessen aller vertreten sind.<\/li>\n<\/ul>\n\n\n\n<h2 class=\"wp-block-heading\"><strong>So reichen Sie Ihren Vorschlag ein<\/strong><\/h2>\n\n\n\n<p>Bitte f\u00fcllen Sie das Formular unten aus, um uns Details zur betreffenden Pers\u00f6nlichkeit zu \u00fcbermitteln.<\/p>\n\n\n\n<h2 class=\"wp-block-heading\"><strong>Vorschlagsformular<\/strong><\/h2>\n\n\n\n<ul class=\"wp-block-list\">\n<li><strong>Name der Pers\u00f6nlichkeit\/Influencer\/\u00f6ffentlichen Figur:<\/strong> <br>(Bitte geben Sie den vollst\u00e4ndigen Namen an)<\/li>\n\n\n\n<li><strong>Warum sollte diese Person vorgestellt werden?<\/strong> <br>(Geben Sie eine kurze Erkl\u00e4rung, warum diese Person bemerkenswert oder interessant ist)<\/li>\n\n\n\n<li><strong>Gibt es spezielle Themen oder Aspekte, die Sie gerne beleuchtet h\u00e4tten?<\/strong> <br>(Lassen Sie uns wissen, ob es bestimmte Aspekte ihres Lebens oder ihrer Karriere gibt, auf die wir eingehen sollen)<\/li>\n\n\n\n<li><strong>Ihr Name (optional):<\/strong> <br>(Wir w\u00fcrden gerne wissen, wer Sie sind, dies ist jedoch nicht zwingend erforderlich!)<\/li>\n\n\n\n<li><strong>Ihre E-Mail (optional):<\/strong> <br>(Wenn Sie m\u00f6chten, dass wir Sie bez\u00fcglich Ihres Vorschlags kontaktieren)<\/li>\n<\/ul>\n\n\n\n<h2 class=\"wp-block-heading\"><strong>Reichen Sie Ihren Vorschlag ein<\/strong><\/h2>\n\n\n\n<p>Senden Sie alle diese Informationen an unser Redaktionsteam <a href=\"mailto:editor@whospopular.com?subject=Nominieren%20Sie%20eine%20Prominente%20Person\" target=\"_blank\" rel=\"noreferrer noopener nofollow\">> hier &lt;<\/a>.<\/p>\n\n\n\n<h2 class=\"wp-block-heading\"><strong>Was passiert als N\u00e4chstes?<\/strong><\/h2>\n\n\n\n<p>Nachdem Sie Ihren Vorschlag eingereicht haben, wird unser Redaktionsteam diesen pr\u00fcfen. Auch wenn wir nicht garantieren k\u00f6nnen, dass jeder Vorschlag zu einem Artikel f\u00fchrt, sch\u00e4tzen wir Ihre Eingaben sehr und werden alle Vorschl\u00e4ge sorgf\u00e4ltig in Betracht ziehen. Vielleicht sehen Sie Ihren Vorschlag bald in einem unserer n\u00e4chsten Beitr\u00e4ge!<\/p>\n\n\n\n<p>Vielen Dank, dass Sie uns dabei helfen, Inhalte zu erstellen, die die Interessen unserer Community widerspiegeln. Wir freuen uns darauf, Ihre Ideen zu h\u00f6ren!<\/p>\n","protected":false},"excerpt":{"rendered":"<p>Teilen Sie uns Ihre Ideen mit! Wir freuen uns immer, von unseren Leserinnen und Lesern zu h&ouml;ren! Wenn Sie eine prominente Pers&ouml;nlichkeit, einen Influencer oder eine &ouml;ffentliche Figur im Kopf haben, die Sie gerne in einem Artikel auf unserem Blog sehen w&uuml;rden, sind Sie hier genau richtig. Ihre Vorschl&auml;ge helfen uns, Inhalte zu erstellen, die [&hellip;]<\/p>\n","protected":false},"author":1,"featured_media":0,"parent":0,"menu_order":0,"comment_status":"closed","ping_status":"closed","template":"","meta":{"iawp_total_views":5,"footnotes":""},"class_list":["post-1017","page","type-page","status-publish","hentry"],"yoast_head":"<!-- This site is optimized with the Yoast SEO plugin v24.1 - https:\/\/yoast.com\/wordpress\/plugins\/seo\/ -->\n<title>Nominieren Sie eine Prominente Person - Whos Popular<\/title>\n<meta name=\"robots\" content=\"index, follow, max-snippet:-1, max-image-preview:large, max-video-preview:-1\" \/>\n<link rel=\"canonical\" href=\"https:\/\/whospopular.com\/de\/submit\/\" \/>\n<meta property=\"og:locale\" content=\"de_DE\" \/>\n<meta property=\"og:type\" content=\"article\" \/>\n<meta property=\"og:title\" content=\"Nominieren Sie eine Prominente Person - Whos Popular\" \/>\n<meta property=\"og:description\" content=\"Teilen Sie uns Ihre Ideen mit! Wir freuen uns immer, von unseren Leserinnen und Lesern zu h&ouml;ren! Wenn Sie eine prominente Pers&ouml;nlichkeit, einen Influencer oder eine &ouml;ffentliche Figur im Kopf haben, die Sie gerne in einem Artikel auf unserem Blog sehen w&uuml;rden, sind Sie hier genau richtig. Ihre Vorschl&auml;ge helfen uns, Inhalte zu erstellen, die [&hellip;]\" \/>\n<meta property=\"og:url\" content=\"https:\/\/whospopular.com\/de\/submit\/\" \/>\n<meta property=\"og:site_name\" content=\"Whos Popular\" \/>\n<meta property=\"article:modified_time\" content=\"2024-08-18T11:19:57+00:00\" \/>\n<meta name=\"twitter:card\" content=\"summary_large_image\" \/>\n<meta name=\"twitter:label1\" content=\"Gesch\u00e4tzte Lesezeit\" \/>\n\t<meta name=\"twitter:data1\" content=\"2\u00a0Minuten\" \/>\n<script type=\"application\/ld+json\" class=\"yoast-schema-graph\">{\"@context\":\"https:\/\/schema.org\",\"@graph\":[{\"@type\":\"WebPage\",\"@id\":\"https:\/\/whospopular.com\/de\/submit\/\",\"url\":\"https:\/\/whospopular.com\/de\/submit\/\",\"name\":\"Nominieren Sie eine Prominente Person - Whos Popular\",\"isPartOf\":{\"@id\":\"https:\/\/whospopular.com\/de\/#website\"},\"datePublished\":\"2024-08-03T15:36:02+00:00\",\"dateModified\":\"2024-08-18T11:19:57+00:00\",\"breadcrumb\":{\"@id\":\"https:\/\/whospopular.com\/de\/submit\/#breadcrumb\"},\"inLanguage\":\"de\",\"potentialAction\":[{\"@type\":\"ReadAction\",\"target\":[\"https:\/\/whospopular.com\/de\/submit\/\"]}]},{\"@type\":\"BreadcrumbList\",\"@id\":\"https:\/\/whospopular.com\/de\/submit\/#breadcrumb\",\"itemListElement\":[{\"@type\":\"ListItem\",\"position\":1,\"name\":\"Startseite!\",\"item\":\"https:\/\/whospopular.com\/de\/\"},{\"@type\":\"ListItem\",\"position\":2,\"name\":\"Nominieren Sie eine Prominente Person\"}]},{\"@type\":\"WebSite\",\"@id\":\"https:\/\/whospopular.com\/de\/#website\",\"url\":\"https:\/\/whospopular.com\/de\/\",\"name\":\"Who's Popular\",\"description\":\"Verfolgen Sie die angesagtesten Promis und Influencer\",\"publisher\":{\"@id\":\"https:\/\/whospopular.com\/de\/#organization\"},\"alternateName\":\"Whos Polular\",\"potentialAction\":[{\"@type\":\"SearchAction\",\"target\":{\"@type\":\"EntryPoint\",\"urlTemplate\":\"https:\/\/whospopular.com\/de\/?s={search_term_string}\"},\"query-input\":{\"@type\":\"PropertyValueSpecification\",\"valueRequired\":true,\"valueName\":\"search_term_string\"}}],\"inLanguage\":\"de\"},{\"@type\":\"Organization\",\"@id\":\"https:\/\/whospopular.com\/de\/#organization\",\"name\":\"Who's Popular\",\"alternateName\":\"Whos Popular\",\"url\":\"https:\/\/whospopular.com\/de\/\",\"logo\":{\"@type\":\"ImageObject\",\"inLanguage\":\"de\",\"@id\":\"https:\/\/whospopular.com\/de\/#\/schema\/logo\/image\/\",\"url\":\"https:\/\/whospopular.com\/de\/wp-content\/uploads\/2024\/06\/Whos-Popular-wht.png\",\"contentUrl\":\"https:\/\/whospopular.com\/de\/wp-content\/uploads\/2024\/06\/Whos-Popular-wht.png\",\"width\":1280,\"height\":224,\"caption\":\"Who's Popular\"},\"image\":{\"@id\":\"https:\/\/whospopular.com\/de\/#\/schema\/logo\/image\/\"}}]}<\/script>\n<!-- \/ Yoast SEO plugin. -->","yoast_head_json":{"title":"Nominieren Sie eine Prominente Person - Whos Popular","robots":{"index":"index","follow":"follow","max-snippet":"max-snippet:-1","max-image-preview":"max-image-preview:large","max-video-preview":"max-video-preview:-1"},"canonical":"https:\/\/whospopular.com\/de\/submit\/","og_locale":"de_DE","og_type":"article","og_title":"Nominieren Sie eine Prominente Person - Whos Popular","og_description":"Teilen Sie uns Ihre Ideen mit! Wir freuen uns immer, von unseren Leserinnen und Lesern zu h&ouml;ren! Wenn Sie eine prominente Pers&ouml;nlichkeit, einen Influencer oder eine &ouml;ffentliche Figur im Kopf haben, die Sie gerne in einem Artikel auf unserem Blog sehen w&uuml;rden, sind Sie hier genau richtig. Ihre Vorschl&auml;ge helfen uns, Inhalte zu erstellen, die [&hellip;]","og_url":"https:\/\/whospopular.com\/de\/submit\/","og_site_name":"Whos Popular","article_modified_time":"2024-08-18T11:19:57+00:00","twitter_card":"summary_large_image","twitter_misc":{"Gesch\u00e4tzte Lesezeit":"2\u00a0Minuten"},"schema":{"@context":"https:\/\/schema.org","@graph":[{"@type":"WebPage","@id":"https:\/\/whospopular.com\/de\/submit\/","url":"https:\/\/whospopular.com\/de\/submit\/","name":"Nominieren Sie eine Prominente Person - Whos Popular","isPartOf":{"@id":"https:\/\/whospopular.com\/de\/#website"},"datePublished":"2024-08-03T15:36:02+00:00","dateModified":"2024-08-18T11:19:57+00:00","breadcrumb":{"@id":"https:\/\/whospopular.com\/de\/submit\/#breadcrumb"},"inLanguage":"de","potentialAction":[{"@type":"ReadAction","target":["https:\/\/whospopular.com\/de\/submit\/"]}]},{"@type":"BreadcrumbList","@id":"https:\/\/whospopular.com\/de\/submit\/#breadcrumb","itemListElement":[{"@type":"ListItem","position":1,"name":"Startseite!","item":"https:\/\/whospopular.com\/de\/"},{"@type":"ListItem","position":2,"name":"Nominieren Sie eine Prominente Person"}]},{"@type":"WebSite","@id":"https:\/\/whospopular.com\/de\/#website","url":"https:\/\/whospopular.com\/de\/","name":"Who's Popular","description":"Verfolgen Sie die angesagtesten Promis und Influencer","publisher":{"@id":"https:\/\/whospopular.com\/de\/#organization"},"alternateName":"Whos Polular","potentialAction":[{"@type":"SearchAction","target":{"@type":"EntryPoint","urlTemplate":"https:\/\/whospopular.com\/de\/?s={search_term_string}"},"query-input":{"@type":"PropertyValueSpecification","valueRequired":true,"valueName":"search_term_string"}}],"inLanguage":"de"},{"@type":"Organization","@id":"https:\/\/whospopular.com\/de\/#organization","name":"Who's Popular","alternateName":"Whos Popular","url":"https:\/\/whospopular.com\/de\/","logo":{"@type":"ImageObject","inLanguage":"de","@id":"https:\/\/whospopular.com\/de\/#\/schema\/logo\/image\/","url":"https:\/\/whospopular.com\/de\/wp-content\/uploads\/2024\/06\/Whos-Popular-wht.png","contentUrl":"https:\/\/whospopular.com\/de\/wp-content\/uploads\/2024\/06\/Whos-Popular-wht.png","width":1280,"height":224,"caption":"Who's Popular"},"image":{"@id":"https:\/\/whospopular.com\/de\/#\/schema\/logo\/image\/"}}]}},"jetpack_sharing_enabled":true,"_links":{"self":[{"href":"https:\/\/whospopular.com\/de\/wp-json\/wp\/v2\/pages\/1017","targetHints":{"allow":["GET"]}}],"collection":[{"href":"https:\/\/whospopular.com\/de\/wp-json\/wp\/v2\/pages"}],"about":[{"href":"https:\/\/whospopular.com\/de\/wp-json\/wp\/v2\/types\/page"}],"author":[{"embeddable":true,"href":"https:\/\/whospopular.com\/de\/wp-json\/wp\/v2\/users\/1"}],"replies":[{"embeddable":true,"href":"https:\/\/whospopular.com\/de\/wp-json\/wp\/v2\/comments?post=1017"}],"version-history":[{"count":4,"href":"https:\/\/whospopular.com\/de\/wp-json\/wp\/v2\/pages\/1017\/revisions"}],"predecessor-version":[{"id":1126,"href":"https:\/\/whospopular.com\/de\/wp-json\/wp\/v2\/pages\/1017\/revisions\/1126"}],"wp:attachment":[{"href":"https:\/\/whospopular.com\/de\/wp-json\/wp\/v2\/media?parent=1017"}],"curies":[{"name":"wp","href":"https:\/\/api.w.org\/{rel}","templated":true}]}}